{"id":12258,"date":"2018-02-01T12:41:02","date_gmt":"2018-02-01T10:41:02","guid":{"rendered":"http:\/\/aspasiatravel.es\/?page_id=12258"},"modified":"2026-04-27T18:21:18","modified_gmt":"2026-04-27T16:21:18","slug":"peru-verano-2026","status":"publish","type":"page","link":"https:\/\/aspasiatravel.es\/ca\/peru-verano-2026\/","title":{"rendered":"Per\u00fa Estiu 2026"},"content":{"rendered":"<div class=\"wpb-content-wrapper\"><div class=\"vc_row wpb_row vc_row-fluid\"><div class=\"wpb_column vc_column_container vc_col-sm-12\"><div class=\"vc_column-inner\"><div class=\"wpb_wrapper\"><div class=\"vc_empty_space\"   style=\"height: 35px\"><span class=\"vc_empty_space_inner\"><\/span><\/div><\/div><\/div><\/div><\/div><div class=\"vc_row wpb_row vc_row-fluid anchofijo\"><div class=\"wpb_column vc_column_container vc_col-sm-8\"><div class=\"vc_column-inner\"><div class=\"wpb_wrapper\"><div class=\"vc_row wpb_row vc_inner vc_row-fluid\"><div class=\"wpb_column vc_column_container vc_col-sm-12\"><div class=\"vc_column-inner\"><div class=\"wpb_wrapper\">\n\t<div class=\"wpb_text_column wpb_content_element\" >\n\t\t<div class=\"wpb_wrapper\">\n\t\t\t<h3><strong>Viatges al Per\u00fa, Estiu de 2026<\/strong><\/h3>\n<p>Aspasia Travel ofereix una \u00e0mplia gamma d'opcions per viatjar aquest estiu, i una d'elles \u00e9s un viatge al Per\u00fa. Tindr\u00e0s l'oportunitat de descobrir els tresors del Per\u00fa en un recorregut complet que cobreix tot el pa\u00eds.<\/p>\n<p><strong>Els nostres itineraris de viatge per al Per\u00fa el 2026 inclouen v<\/strong><strong>Vols regulars a Per\u00fa. Allotjament en hotels de 4 o 5 estrelles. Un guia tur\u00edstic que us acompanyar\u00e0 durant tot el viatge. Totes les taxes d'entrada i les visites als llocs indicats a l'itinerari. I sempre en grups petits i exclusius organitzats per Aspasia Travel.<\/strong><\/p>\n<h4>Sortides programades per als viatges al Per\u00fa:<\/h4>\n<ul>\n<li style=\"list-style-type: none;\">\n<ul>\n<li><strong>Del 14 al 29 d'agost: <\/strong><a href=\"https:\/\/aspasiatravel.es\/ca\/peru\/peru-machu-picchu\/\">Per\u00fa amb un professor, del nord fins a Machu Picchu<\/a><\/li>\n<li><strong>Del 14 al 29 d'agost: <\/strong><a href=\"https:\/\/aspasiatravel.es\/wp-content\/uploads\/2026\/04\/C.-PERU-la-gran-ruta-14-29-agosto-2026-MADRID.pdf\">Per\u00fa, el Gran Tour<\/a><\/li>\n<\/ul>\n<\/li>\n<\/ul>\n<p><strong>Consulteu per altres dates<\/strong>; en la majoria dels nostres viatges, hi ha sortides setmanals per a grups de dues o m\u00e9s persones.<\/p>\n\n\t\t<\/div>\n\t<\/div>\n<\/div><\/div><\/div><\/div><div class=\"vc_row wpb_row vc_inner vc_row-fluid\"><div class=\"wpb_column vc_column_container vc_col-sm-12\"><div class=\"vc_column-inner\"><div class=\"wpb_wrapper\">\n\t<div class=\"wpb_text_column wpb_content_element titulodestascados\" >\n\t\t<div class=\"wpb_wrapper\">\n\t\t\t<h3 style=\"font-weight: 300; text-transform: none;\"><i class=\"fa fa-bookmark\"><\/i>\u00a0Viatges a Per\u00fa de l'estiu del 2026<\/h3>\n\n\t\t<\/div>\n\t<\/div>\n<\/div><\/div><\/div><\/div><div class=\"vcex-module wpex-carousel wpex-carousel-blog wpex-clr owl-carousel arrwstyle-default\" data-wpex-carousel=\"{&quot;nav&quot;:true,&quot;dots&quot;:false,&quot;autoplay&quot;:false,&quot;loop&quot;:false,&quot;center&quot;:false,&quot;smartSpeed&quot;:250,&quot;items&quot;:3,&quot;slideBy&quot;:1,&quot;autoplayTimeout&quot;:5000,&quot;margin&quot;:20,&quot;itemsTablet&quot;:2,&quot;itemsMobileLandscape&quot;:2,&quot;itemsMobilePortrait&quot;:1,&quot;autoWidth&quot;:false,&quot;autoHeight&quot;:false}\"><div class=\"wpex-carousel-slide wpex-clr has-media\"><div class=\"wpex-carousel-entry-media entry-media\"><a href=\"https:\/\/aspasiatravel.es\/ca\/peru\/peru-la-gran-ruta\/\" title=\"Per\u00fa, la gran ruta\" class=\"wpex-carousel-entry-img\"><img decoding=\"async\" data-no-lazy=\"1\" class=\"wpex-align-middle skip-lazy\" src=\"https:\/\/aspasiatravel.es\/wp-content\/uploads\/2015\/01\/peru7-270x148.jpg\" alt=\"Peru7\" srcset=\"https:\/\/aspasiatravel.es\/wp-content\/uploads\/2015\/01\/peru7-270x148.jpg 270w, https:\/\/aspasiatravel.es\/wp-content\/uploads\/2015\/01\/peru7-277x152.jpg 277w\" width=\"270\" height=\"148\"><\/a><\/div><div class=\"extrainfo\">\n\t\t\t\t\t\t\t<div class=\"duracion\" style=\"float:left;\">\n\t\t\t\t\t\t\t<i class=\"fa fa-clock-o\"><\/i> 15D - 13N<\/div>\n\t\t\t\t\t\t\t<div class=\"precio\" style=\"float:right\">\n\t\t\t\t\t\t\t<span style=\"font-size:11px;\">Des de<\/span><\/br><strong>3.155\u20ac+tax<\/strong>\n\t\t\t\t\t\t\t<\/div>\n\t\t\t\t\t\t\t<\/div><div class=\"wpex-carousel-entry-details entry-details wpex-boxed wpex-first-mt-0 wpex-last-mb-0 wpex-clr\"><div class=\"wpex-carousel-entry-title entry-title wpex-mb-5\"><a href=\"https:\/\/aspasiatravel.es\/ca\/peru\/peru-la-gran-ruta\/\">Per\u00fa, la gran ruta<\/a><\/div>Sortides especials en grup, del 14 al 29 d'agost 2026 (amb vol directe des de Madrid) i del 19 de setembre al 4 d'octubre 2026. Altres dates, a consultar.<\/div><\/div><div class=\"wpex-carousel-slide wpex-clr has-media\"><div class=\"wpex-carousel-entry-media entry-media\"><a href=\"https:\/\/aspasiatravel.es\/ca\/peru\/peru-machu-picchu\/\" title=\"Viatge a Per\u00fa amb professora, del nord a Machu Picchu\" class=\"wpex-carousel-entry-img\"><img decoding=\"async\" data-no-lazy=\"1\" class=\"wpex-align-middle skip-lazy\" src=\"https:\/\/aspasiatravel.es\/wp-content\/uploads\/2022\/01\/Peru-cementerio2-270x148.jpg\" alt=\"Peru Cementerio2\" srcset=\"https:\/\/aspasiatravel.es\/wp-content\/uploads\/2022\/01\/Peru-cementerio2-270x148.jpg 270w, https:\/\/aspasiatravel.es\/wp-content\/uploads\/2022\/01\/Peru-cementerio2-277x152.jpg 277w\" width=\"270\" height=\"148\"><\/a><\/div><div class=\"extrainfo\">\n\t\t\t\t\t\t\t<div class=\"duracion\" style=\"float:left;\">\n\t\t\t\t\t\t\t<i class=\"fa fa-clock-o\"><\/i> 16D - 14N<\/div>\n\t\t\t\t\t\t\t<div class=\"precio\" style=\"float:right\">\n\t\t\t\t\t\t\t<span style=\"font-size:11px;\">Des de<\/span><\/br><strong>5.495\u20ac+impostos<\/strong>\n\t\t\t\t\t\t\t<\/div>\n\t\t\t\t\t\t\t<\/div><div class=\"wpex-carousel-entry-details entry-details wpex-boxed wpex-first-mt-0 wpex-last-mb-0 wpex-clr\"><div class=\"wpex-carousel-entry-title entry-title wpex-mb-5\"><a href=\"https:\/\/aspasiatravel.es\/ca\/peru\/peru-machu-picchu\/\">Viatge a Per\u00fa amb professora, del nord a Machu Picchu<\/a><\/div>\u00a1Viatge ESPECIAL del 14 al 29 d'agost 2026, amb la professora Marisa S\u00e1nchez! Ens porta a con\u00e8ixer Per\u00fa i els seus impressionants restes arqueol\u00f2gics, testimonis de grans civilitzacions<\/div><\/div><\/div><div class=\"vc_empty_space\"   style=\"height: 32px\"><span class=\"vc_empty_space_inner\"><\/span><\/div><div class=\"vc_row wpb_row vc_inner vc_row-fluid\"><div class=\"wpb_column icon_presu vc_column_container vc_col-sm-12 typography-light\"><div class=\"vc_column-inner\"><div class=\"wpb_wrapper\">\n\t<div class=\"wpb_text_column wpb_content_element\" >\n\t\t<div class=\"wpb_wrapper\">\n\t\t\t<p><span style=\"font-size: 30px; margin-bottom: 20px;\"><i class=\"fa fa-info-circle\"><\/i> Sol\u00b7licita informaci\u00f3<\/span><\/p>\n\n\t\t<\/div>\n\t<\/div>\n<div class=\"vc_empty_space\"   style=\"height: 20px\"><span class=\"vc_empty_space_inner\"><\/span><\/div>\n<div class=\"wpcf7 no-js\" id=\"wpcf7-f195-o1\" lang=\"es-ES\" dir=\"ltr\" data-wpcf7-id=\"195\">\n<div class=\"screen-reader-response\"><p role=\"status\" aria-live=\"polite\" aria-atomic=\"true\"><\/p> <ul><\/ul><\/div>\n<form action=\"\/ca\/wp-json\/wp\/v2\/pages\/12258#wpcf7-f195-o1\" method=\"post\" class=\"wpcf7-form init\" aria-label=\"Formulari de contacte\" novalidate=\"novalidate\" data-status=\"init\" data-trp-original-action=\"\/ca\/wp-json\/wp\/v2\/pages\/12258#wpcf7-f195-o1\">\n<fieldset class=\"hidden-fields-container\"><input type=\"hidden\" name=\"_wpcf7\" value=\"195\" \/><input type=\"hidden\" name=\"_wpcf7_version\" value=\"6.1.1\" \/><input type=\"hidden\" name=\"_wpcf7_locale\" value=\"es_ES\" \/><input type=\"hidden\" name=\"_wpcf7_unit_tag\" value=\"wpcf7-f195-o1\" \/><input type=\"hidden\" name=\"_wpcf7_container_post\" value=\"0\" \/><input type=\"hidden\" name=\"_wpcf7_posted_data_hash\" value=\"\" \/><input type=\"hidden\" name=\"_wpcf7dtx_version\" value=\"5.0.3\" \/><input type=\"hidden\" name=\"_wpcf7_recaptcha_response\" value=\"\" \/>\n<\/fieldset>\n<div class=\"flotarmargen_pais_a\">\n\t<p><span class=\"wpcf7-form-control-wrap\" data-name=\"your-name\"><input size=\"40\" maxlength=\"400\" class=\"wpcf7-form-control wpcf7-text wpcf7-validates-as-required\" aria-required=\"true\" aria-invalid=\"false\" placeholder=\"Nom i cognoms*\" value=\"\" type=\"text\" name=\"your-name\" \/><\/span>\n\t<\/p>\n\t<p><span class=\"wpcf7-form-control-wrap\" data-name=\"your-email\"><input size=\"40\" maxlength=\"400\" class=\"wpcf7-form-control wpcf7-email wpcf7-validates-as-required wpcf7-text wpcf7-validates-as-email\" aria-required=\"true\" aria-invalid=\"false\" placeholder=\"Email*\" value=\"\" type=\"email\" name=\"your-email\" \/><\/span>\n\t<\/p>\n\t<p><span class=\"wpcf7-form-control-wrap\" data-name=\"your-phone\"><input size=\"40\" maxlength=\"400\" class=\"wpcf7-form-control wpcf7-text wpcf7-validates-as-required\" aria-required=\"true\" aria-invalid=\"false\" placeholder=\"Tel\u00e8fon*\" value=\"\" type=\"text\" name=\"your-phone\" \/><\/span>\n\t<\/p>\n\t<p><span class=\"wpcf7-form-control-wrap\" data-name=\"your-destination\"><input size=\"40\" maxlength=\"400\" class=\"wpcf7-form-control wpcf7-text wpcf7-validates-as-required\" aria-required=\"true\" aria-invalid=\"false\" placeholder=\"Prov\u00edncia de resid\u00e8ncia*\" value=\"\" type=\"text\" name=\"your-destination\" \/><\/span>\n\t<\/p>\n<\/div>\n<div class=\"flotarmargen_pais_b\">\n\t<p><span class=\"wpcf7-form-control-wrap\" data-name=\"your-city\"><input size=\"40\" maxlength=\"400\" class=\"wpcf7-form-control wpcf7-text\" aria-invalid=\"false\" placeholder=\"Ciutat de sortida\" value=\"\" type=\"text\" name=\"your-city\" \/><\/span>\n\t<\/p>\n\t<p><span class=\"wpcf7-form-control-wrap\" data-name=\"your-personas\"><input size=\"40\" maxlength=\"400\" class=\"wpcf7-form-control wpcf7-text\" aria-invalid=\"false\" placeholder=\"Nombre de persones\" value=\"\" type=\"text\" name=\"your-personas\" \/><\/span>\n\t<\/p>\n\t<p><span class=\"wpcf7-form-control-wrap\" data-name=\"your-date\"><input size=\"40\" maxlength=\"400\" class=\"wpcf7-form-control wpcf7-text\" aria-invalid=\"false\" placeholder=\"Data aproximada del viatge\" value=\"\" type=\"text\" name=\"your-date\" \/><\/span>\n\t<\/p>\n\t<p><span class=\"wpcf7-form-control-wrap\" data-name=\"your-destination\"><input size=\"40\" maxlength=\"400\" class=\"wpcf7-form-control wpcf7-text wpcf7-validates-as-required\" aria-required=\"true\" aria-invalid=\"false\" placeholder=\"Destinaci\u00f3*\" value=\"\" type=\"text\" name=\"your-destination\" \/><\/span>\n\t<\/p>\n<\/div>\n<p>&nbsp;<br \/>\nCom ens has conegut? &nbsp; <span class=\"wpcf7-form-control-wrap\" data-name=\"your-info\"><span class=\"wpcf7-form-control wpcf7-checkbox\"><span class=\"wpcf7-list-item first\"><label><input type=\"checkbox\" name=\"your-info[]\" value=\"Internet\" \/><span class=\"wpcf7-list-item-label\">Internet<\/span><\/label><\/span><span class=\"wpcf7-list-item\"><label><input type=\"checkbox\" name=\"your-info[]\" value=\"Recomendaci\u00f3n\" \/><span class=\"wpcf7-list-item-label\">Recomanaci\u00f3<\/span><\/label><\/span><span class=\"wpcf7-list-item last\"><label><input type=\"checkbox\" name=\"your-info[]\" value=\"Somos clientes\" \/><span class=\"wpcf7-list-item-label\">Som clients<\/span><\/label><\/span><\/span><\/span><br \/>\n<br \/>\n<span class=\"wpcf7-form-control-wrap\" data-name=\"your-message\"><textarea cols=\"40\" rows=\"4\" maxlength=\"2000\" class=\"wpcf7-form-control wpcf7-textarea\" aria-invalid=\"false\" placeholder=\"Consulta\" name=\"your-message\"><\/textarea><\/span>\n<\/p>\n<div style=\"display: inline-table;width: 100%;\">\n\t<p style=\"float:left;><span class=\"wpcf7-form-control-wrap\" data-name=\"acceptance-389\"><span class=\"wpcf7-form-control wpcf7-acceptance\"><span class=\"wpcf7-list-item\"><input type=\"checkbox\" name=\"acceptance-389\" value=\"1\" checked=\"checked\" aria-invalid=\"false\" \/><\/span><\/span><\/span> Accepto els <a href=\"\/ca\/legal-advice\/\">termes i condicions.<\/a>\n\t<\/p>\n\t<p style=\"float: right;\"><input class=\"wpcf7-form-control wpcf7-submit has-spinner\" type=\"submit\" value=\"Enviar\" \/>\n\t<\/p>\n<\/div>\n<div class=\"wpcf7-response-output\" aria-hidden=\"true\"><\/div>\n<input type=\"hidden\" name=\"trp-form-language\" value=\"ca\"\/><\/form>\n<\/div>\n<\/div><\/div><\/div><\/div><\/div><\/div><\/div><div class=\"wpb_column columnaficha vc_column_container vc_col-sm-4 bordered-column\"><div style=\"padding-top: 0;padding-bottom: 20px;padding-right: 20px;padding-left: 20px;background-color: #e5e5e5;\" class=\"vc_column-inner\"><div class=\"wpb_wrapper\"><div class=\"vc_empty_space\"   style=\"height: 20px\"><span class=\"vc_empty_space_inner\"><\/span><\/div><div class=\"wpb_gmaps_widget wpb_content_element vc_map_responsive\"><div class=\"wpb_wrapper\"><div class=\"wpb_map_wraper\"><iframe src=\"https:\/\/www.google.com\/maps\/embed?pb=!1m18!1m12!1m3!1d16132292.68868557!2d-74.99041654999999!3d-9.1951786!2m3!1f0!2f0!3f0!3m2!1i1024!2i768!4f13.1!3m3!1m2!1s0x9105c850c05914f5%3A0xf29e011279210648!2zUGVyw7o!5e0!3m2!1ses!2ses!4v1420474617936\" width=\"600\" height=\"450\" frameborder=\"0\" style=\"border:0\"><\/iframe><\/div><\/div><\/div>\n\t<div class=\"wpb_text_column wpb_content_element\" >\n\t\t<div class=\"wpb_wrapper\">\n\t\t\t<h3><i class=\"fa fa-camera\"><\/i> Galeria<\/h3>\n\n\t\t<\/div>\n\t<\/div>\n<div class=\"vcex-image-grid-wrap wpex-clr\"><div class=\"vcex-module vcex-image-grid wpex-clr grid-style-default wpex-row wpex-lightbox-group\"><div class=\"id-2922 vcex-image-grid-entry vcex-grid-item textcenter span_1_of_4 col col-1\"><figure class=\"vcex-image-grid-entry-figure wpex-last-mb-0 wpex-clr\"><div class=\"vcex-image-grid-entry-img entry-media wpex-image-hover grow wpex-mb-20\"><a href=\"https:\/\/aspasiatravel.es\/wp-content\/uploads\/2015\/01\/port2.jpg\" class=\"vcex-image-grid-entry-img wpex-lightbox-group-item\" data-title=\"port2\" data-caption=\"port2\"><img decoding=\"async\" class=\"wpex-align-middle lazyload\" alt=\"Port2\" data-src=\"https:\/\/aspasiatravel.es\/wp-content\/uploads\/2015\/01\/port2-73x56.jpg\" data-srcset=\"https:\/\/aspasiatravel.es\/wp-content\/uploads\/2015\/01\/port2-73x56.jpg 73w, https:\/\/aspasiatravel.es\/wp-content\/uploads\/2015\/01\/port2-300x233.jpg 300w, https:\/\/aspasiatravel.es\/wp-content\/uploads\/2015\/01\/port2.jpg 600w\" width=\"73\" height=\"56\" src=\"data:image\/gif;base64,R0lGODlhAQABAAAAACH5BAEKAAEALAAAAAABAAEAAAICTAEAOw==\" style=\"--smush-placeholder-width: 73px; --smush-placeholder-aspect-ratio: 73\/56;\"><\/a><\/div><\/figure><\/div><div class=\"id-2312 vcex-image-grid-entry vcex-grid-item textcenter span_1_of_4 col col-2\"><figure class=\"vcex-image-grid-entry-figure wpex-last-mb-0 wpex-clr\"><div class=\"vcex-image-grid-entry-img entry-media wpex-image-hover grow wpex-mb-20\"><a href=\"https:\/\/aspasiatravel.es\/wp-content\/uploads\/2015\/01\/peru131.jpg\" class=\"vcex-image-grid-entry-img wpex-lightbox-group-item\" data-title=\"peru131\" data-caption=\"peru131\"><img decoding=\"async\" class=\"wpex-align-middle lazyload\" alt=\"Peru131\" data-src=\"https:\/\/aspasiatravel.es\/wp-content\/uploads\/2015\/01\/peru131-73x56.jpg\" width=\"73\" height=\"56\" src=\"data:image\/gif;base64,R0lGODlhAQABAAAAACH5BAEKAAEALAAAAAABAAEAAAICTAEAOw==\" style=\"--smush-placeholder-width: 73px; --smush-placeholder-aspect-ratio: 73\/56;\"><\/a><\/div><\/figure><\/div><div class=\"id-2136 vcex-image-grid-entry vcex-grid-item textcenter span_1_of_4 col col-3\"><figure class=\"vcex-image-grid-entry-figure wpex-last-mb-0 wpex-clr\"><div class=\"vcex-image-grid-entry-img entry-media wpex-image-hover grow wpex-mb-20\"><a href=\"https:\/\/aspasiatravel.es\/wp-content\/uploads\/2015\/01\/Viajar-Per\u00fa.jpg\" class=\"vcex-image-grid-entry-img wpex-lightbox-group-item\" data-title=\"Viajar Per\u00fa\" data-caption=\"Viajar Per\u00fa\"><img decoding=\"async\" class=\"wpex-align-middle lazyload\" alt=\"Viajar Per\u00fa\" data-src=\"https:\/\/aspasiatravel.es\/wp-content\/uploads\/2015\/01\/Viajar-Per\u00fa-73x56.jpg\" width=\"73\" height=\"56\" src=\"data:image\/gif;base64,R0lGODlhAQABAAAAACH5BAEKAAEALAAAAAABAAEAAAICTAEAOw==\" style=\"--smush-placeholder-width: 73px; --smush-placeholder-aspect-ratio: 73\/56;\"><\/a><\/div><\/figure><\/div><div class=\"id-2131 vcex-image-grid-entry vcex-grid-item textcenter span_1_of_4 col col-4\"><figure class=\"vcex-image-grid-entry-figure wpex-last-mb-0 wpex-clr\"><div class=\"vcex-image-grid-entry-img entry-media wpex-image-hover grow wpex-mb-20\"><a href=\"https:\/\/aspasiatravel.es\/wp-content\/uploads\/2015\/01\/Viajes-a-Per\u00fa.jpg\" class=\"vcex-image-grid-entry-img wpex-lightbox-group-item\" data-title=\"Viajes a Per\u00fa\" data-caption=\"Viajes a Per\u00fa\"><img decoding=\"async\" class=\"wpex-align-middle lazyload\" alt=\"Viajes A Per\u00fa\" data-src=\"https:\/\/aspasiatravel.es\/wp-content\/uploads\/2015\/01\/Viajes-a-Per\u00fa-73x56.jpg\" width=\"73\" height=\"56\" src=\"data:image\/gif;base64,R0lGODlhAQABAAAAACH5BAEKAAEALAAAAAABAAEAAAICTAEAOw==\" style=\"--smush-placeholder-width: 73px; --smush-placeholder-aspect-ratio: 73\/56;\"><\/a><\/div><\/figure><\/div><div class=\"id-1694 vcex-image-grid-entry vcex-grid-item textcenter span_1_of_4 col col-1\"><figure class=\"vcex-image-grid-entry-figure wpex-last-mb-0 wpex-clr\"><div class=\"vcex-image-grid-entry-img entry-media wpex-image-hover grow wpex-mb-20\"><a href=\"https:\/\/aspasiatravel.es\/wp-content\/uploads\/2015\/01\/peru2.jpg\" class=\"vcex-image-grid-entry-img wpex-lightbox-group-item\" data-title=\"peru2\" data-caption=\"peru2\"><img decoding=\"async\" class=\"wpex-align-middle lazyload\" alt=\"Peru2\" data-src=\"https:\/\/aspasiatravel.es\/wp-content\/uploads\/2015\/01\/peru2-73x56.jpg\" width=\"73\" height=\"56\" src=\"data:image\/gif;base64,R0lGODlhAQABAAAAACH5BAEKAAEALAAAAAABAAEAAAICTAEAOw==\" style=\"--smush-placeholder-width: 73px; --smush-placeholder-aspect-ratio: 73\/56;\"><\/a><\/div><\/figure><\/div><div class=\"id-1699 vcex-image-grid-entry vcex-grid-item textcenter span_1_of_4 col col-2\"><figure class=\"vcex-image-grid-entry-figure wpex-last-mb-0 wpex-clr\"><div class=\"vcex-image-grid-entry-img entry-media wpex-image-hover grow wpex-mb-20\"><a href=\"https:\/\/aspasiatravel.es\/wp-content\/uploads\/2015\/01\/peru7.jpg\" class=\"vcex-image-grid-entry-img wpex-lightbox-group-item\" data-title=\"peru7\" data-caption=\"peru7\"><img decoding=\"async\" class=\"wpex-align-middle lazyload\" alt=\"Peru7\" data-src=\"https:\/\/aspasiatravel.es\/wp-content\/uploads\/2015\/01\/peru7-73x56.jpg\" width=\"73\" height=\"56\" src=\"data:image\/gif;base64,R0lGODlhAQABAAAAACH5BAEKAAEALAAAAAABAAEAAAICTAEAOw==\" style=\"--smush-placeholder-width: 73px; --smush-placeholder-aspect-ratio: 73\/56;\"><\/a><\/div><\/figure><\/div><\/div><\/div>\n\t<div class=\"wpb_text_column wpb_content_element\" >\n\t\t<div class=\"wpb_wrapper\">\n\t\t\t<h3><i class=\"fa fa-comments-o\"><\/i> Opini\u00f3 de viatgers<\/h3>\n\n\t\t<\/div>\n\t<\/div>\n<div class=\"vcex-module vcex-testimonials-grid-wrap wpex-clr\"><div class=\"wpex-row vcex-testimonials-grid wpex-clr\"><div class=\"testimonial-entry vcex-grid-item span_1_of_1 col-1 col post-33771 entry type-testimonials no-media cat-226\"><div class=\"testimonial-entry-content wpex-relative wpex-boxed wpex-border-0 wpex-clr\"><span class=\"testimonial-caret\"><\/span><div class=\"testimonial-entry-details testimonial-entry-text wpex-last-mb-0 wpex-clr\"><p><strong>Per\u00fa amb professora<\/strong>: Un viatge inoblidable pel valor cultural i paisatg\u00edstic dels llocs visitats i per l'acompanyament de l'arque\u00f2loga Marisa S\u00e1nchez, que ens va ajudar a entendre tot el que ens anaven explicant els guies locals, va crear vincles de pertinen\u00e7a al grup i va fer que se m'oblid\u00e9s que viatjava sola!!<\/p>\n<p><strong>Mar\u00eda Sol M.<\/strong><\/p>\n<\/div><\/div><div class=\"testimonial-entry-bottom wpex-flex wpex-flex-wrap wpex-mt-20\"><div class=\"testimonial-entry-meta wpex-flex-grow\"><span class=\"testimonial-entry-company wpex-text-gray-500\"><\/span><\/div><\/div><\/div><div class=\"testimonial-entry vcex-grid-item span_1_of_1 col-1 col post-31379 entry type-testimonials no-media cat-96 cat-226 cat-460 cat-470\"><div class=\"testimonial-entry-content wpex-relative wpex-boxed wpex-border-0 wpex-clr\"><span class=\"testimonial-caret\"><\/span><div class=\"testimonial-entry-details testimonial-entry-text wpex-last-mb-0 wpex-clr\"><p>Els dos viatges molt ben organitzats (Per\u00fa i Arm\u00e8nia)<\/p>\n<p><strong>Neus<\/strong><\/p>\n<\/div><\/div><div class=\"testimonial-entry-bottom wpex-flex wpex-flex-wrap wpex-mt-20\"><div class=\"testimonial-entry-meta wpex-flex-grow\"><span class=\"testimonial-entry-company wpex-text-gray-500\"><\/span><\/div><\/div><\/div><div class=\"testimonial-entry vcex-grid-item span_1_of_1 col-1 col post-31381 entry type-testimonials no-media cat-226 cat-460 cat-470\"><div class=\"testimonial-entry-content wpex-relative wpex-boxed wpex-border-0 wpex-clr\"><span class=\"testimonial-caret\"><\/span><div class=\"testimonial-entry-details testimonial-entry-text wpex-last-mb-0 wpex-clr\"><p>Va ser un viatge espectacular, l'equip d'Aspasia Travel ho va organitzar tot de meravella i ens va donar suport quan ho vam necessitar. (Per\u00fa)<\/p>\n<p><strong>M\u00f2nica<\/strong><\/p>\n<\/div><\/div><div class=\"testimonial-entry-bottom wpex-flex wpex-flex-wrap wpex-mt-20\"><div class=\"testimonial-entry-meta wpex-flex-grow\"><span class=\"testimonial-entry-company wpex-text-gray-500\"><\/span><\/div><\/div><\/div><div class=\"testimonial-entry vcex-grid-item span_1_of_1 col-1 col post-31208 entry type-testimonials no-media cat-240 cat-226 cat-460 cat-470\"><div class=\"testimonial-entry-content wpex-relative wpex-boxed wpex-border-0 wpex-clr\"><span class=\"testimonial-caret\"><\/span><div class=\"testimonial-entry-details testimonial-entry-text wpex-last-mb-0 wpex-clr\"><p>No viatjava mai en viatges organitzats, sempre ho feia pel meu compte, amb ells va ser una bona experi\u00e8ncia<\/p>\n<\/div><\/div><div class=\"testimonial-entry-bottom wpex-flex wpex-flex-wrap wpex-mt-20\"><div class=\"testimonial-entry-meta wpex-flex-grow\"><span class=\"testimonial-entry-company wpex-text-gray-500\"><\/span><\/div><\/div><\/div><\/div><\/div><\/div><\/div><\/div><\/div><div class=\"vc_row wpb_row vc_row-fluid calltoaction lazyload\" style=\"background-image:inherit;background-position: center;background-repeat: no-repeat;background-size: cover;\" data-bg-image=\"url(https:\/\/aspasiatravel.es\/wp-content\/uploads\/2014\/10\/calltoaction1.jpg )\"><div class=\"wpb_column vc_column_container vc_col-sm-12\"><div class=\"vc_column-inner\"><div class=\"wpb_wrapper\"><div class=\"vc_row wpb_row vc_inner vc_row-fluid anchofijo\"><div class=\"wpb_column vc_column_container vc_col-sm-8\"><div class=\"vc_column-inner\"><div class=\"wpb_wrapper\">\n\t<div class=\"wpb_text_column wpb_content_element calltoaction_titulo\" >\n\t\t<div class=\"wpb_wrapper\">\n\t\t\t<p>Podem ajudar-te a planificar el teu viatge a mida al Per\u00fa.<\/p>\n\n\t\t<\/div>\n\t<\/div>\n\n\t<div class=\"wpb_text_column wpb_content_element calltoaction_desc\" >\n\t\t<div class=\"wpb_wrapper\">\n\t\t\t<p>Tots els nostres viatges han estat realitzats pels nostres agents, recomanant-te els millors llocs a visitar segons els teus interessos.<\/p>\n\n\t\t<\/div>\n\t<\/div>\n<\/div><\/div><\/div><div class=\"wpb_column vc_column_container vc_col-sm-4\"><div class=\"vc_column-inner\"><div class=\"wpb_wrapper\">\n\t<div class=\"wpb_raw_code wpb_raw_html wpb_content_element\" >\n\t\t<div class=\"wpb_wrapper\">\n\t\t\t<div class=\"informate_boton\"><a href=\"https:\/\/aspasiatravel.es\/ca\/viaje-a-medida\/\"> <i class=\"fa fa-info-circle\"><\/i> Informa't ara<\/a><\/div>\n\t\t<\/div>\n\t<\/div>\n<\/div><\/div><\/div><\/div><\/div><\/div><\/div><\/div>\n<\/div>","protected":false},"excerpt":{"rendered":"No viatjava mai en viatges organitzats, sempre ho feia pel meu compte, amb ells va ser una bona experi\u00e8ncia","protected":false},"author":90,"featured_media":8641,"parent":0,"menu_order":0,"comment_status":"closed","ping_status":"closed","template":"","meta":{"footnotes":""},"class_list":["post-12258","page","type-page","status-publish","has-post-thumbnail","hentry","entry","no-media"],"_links":{"self":[{"href":"https:\/\/aspasiatravel.es\/ca\/wp-json\/wp\/v2\/pages\/12258","targetHints":{"allow":["GET"]}}],"collection":[{"href":"https:\/\/aspasiatravel.es\/ca\/wp-json\/wp\/v2\/pages"}],"about":[{"href":"https:\/\/aspasiatravel.es\/ca\/wp-json\/wp\/v2\/types\/page"}],"author":[{"embeddable":true,"href":"https:\/\/aspasiatravel.es\/ca\/wp-json\/wp\/v2\/users\/90"}],"replies":[{"embeddable":true,"href":"https:\/\/aspasiatravel.es\/ca\/wp-json\/wp\/v2\/comments?post=12258"}],"version-history":[{"count":10,"href":"https:\/\/aspasiatravel.es\/ca\/wp-json\/wp\/v2\/pages\/12258\/revisions"}],"predecessor-version":[{"id":36381,"href":"https:\/\/aspasiatravel.es\/ca\/wp-json\/wp\/v2\/pages\/12258\/revisions\/36381"}],"wp:featuredmedia":[{"embeddable":true,"href":"https:\/\/aspasiatravel.es\/ca\/wp-json\/wp\/v2\/media\/8641"}],"wp:attachment":[{"href":"https:\/\/aspasiatravel.es\/ca\/wp-json\/wp\/v2\/media?parent=12258"}],"curies":[{"name":"wp","href":"https:\/\/api.w.org\/{rel}","templated":true}]}}