{"id":12400,"date":"2018-02-09T19:58:25","date_gmt":"2018-02-09T17:58:25","guid":{"rendered":"http:\/\/aspasiatravel.es\/?page_id=12400"},"modified":"2025-05-29T12:22:20","modified_gmt":"2025-05-29T10:22:20","slug":"iran-blog","status":"publish","type":"page","link":"https:\/\/aspasiatravel.es\/ca\/blog\/iran-blog\/","title":{"rendered":"Iran Blog"},"content":{"rendered":"<div class=\"wpb-content-wrapper\"><div class=\"vc_row wpb_row vc_row-fluid\"><div class=\"wpb_column vc_column_container vc_col-sm-12\"><div class=\"vc_column-inner\"><div class=\"wpb_wrapper\"><div class=\"vc_empty_space\"   style=\"height: 20px\"><span class=\"vc_empty_space_inner\"><\/span><\/div><\/div><\/div><\/div><\/div><div class=\"vc_row wpb_row vc_row-fluid\"><div class=\"wpb_column vc_column_container vc_col-sm-9 wpex-vc_col-has-fill\"><div class=\"vc_column-inner vc_custom_1518192095505\"><div class=\"wpb_wrapper\"><div class=\"vcex-module vcex-blog-grid-wrap wpex-clr\"><div class=\"wpex-row vcex-blog-grid wpex-clr entries match-height-grid\"><div class=\"vcex-blog-entry vcex-grid-item entry-has-details span_1_of_2 col-1 col post-15118 entry type-post has-media cat-127 cat-164 cat-164 post_tag-261 post_tag-129 post_tag-262 post_series-128\"><div class=\"vcex-blog-entry-inner entry-inner wpex-first-mt-0 wpex-last-mb-0 wpex-clr\"><div class=\"vcex-blog-entry-media entry-media\"><a href=\"https:\/\/aspasiatravel.es\/ca\/blog\/iran-blog\/persepolis\/\" title=\"Pers\u00e8polis\"><img decoding=\"async\" width=\"2560\" height=\"1920\" data-src=\"https:\/\/aspasiatravel.es\/wp-content\/uploads\/2019\/07\/DSCN6037-scaled.jpg\" class=\"vcex-blog-entry-img wpex-align-middle lazyload\" alt=\"DSCN6037 scaled\" data-srcset=\"https:\/\/aspasiatravel.es\/wp-content\/uploads\/2019\/07\/DSCN6037-scaled.jpg 2560w, https:\/\/aspasiatravel.es\/wp-content\/uploads\/2019\/07\/DSCN6037-600x450.jpg 600w, https:\/\/aspasiatravel.es\/wp-content\/uploads\/2019\/07\/DSCN6037-scaled-300x225.jpg 300w, https:\/\/aspasiatravel.es\/wp-content\/uploads\/2019\/07\/DSCN6037-768x576.jpg 768w, https:\/\/aspasiatravel.es\/wp-content\/uploads\/2019\/07\/DSCN6037-1024x768.jpg 1024w\" data-sizes=\"auto, (max-width: 2560px) 100vw, 2560px\" src=\"data:image\/gif;base64,R0lGODlhAQABAAAAACH5BAEKAAEALAAAAAABAAEAAAICTAEAOw==\" style=\"--smush-placeholder-width: 2560px; --smush-placeholder-aspect-ratio: 2560\/1920;\" \/><\/a><\/div><div class=\"vcex-blog-entry-details entry-details wpex-bordered wpex-first-mt-0 wpex-last-mb-0 wpex-clr\"><div class=\"match-height-content\"><h2 class=\"vcex-blog-entry-title entry-title wpex-mb-5\"><a href=\"https:\/\/aspasiatravel.es\/ca\/blog\/iran-blog\/persepolis\/\">Pers\u00e8polis<\/a><\/h2><div class=\"vcex-blog-entry-date entry-date wpex-text-sm wpex-text-gray-600 wpex-mb-5\">3 juliol, 2019<\/div><div class=\"vcex-blog-entry-excerpt entry-excerpt wpex-my-15 wpex-last-mb-0 wpex-clr\"><p>PERSEPOLIS Aquest jaciment arqueol\u00f2gic d\u00f3na nom a l'aclamada novel\u00b7la gr\u00e0fica de Marjane Satrapi per\u00f2 avui, en aquest article, el que pretenem \u00e9s definir el que va arribar a ser una\u2026<\/p><\/div><div class=\"vcex-blog-entry-readmore-wrap entry-readmore-wrap wpex-my-15 wpex-clr\"><a href=\"https:\/\/aspasiatravel.es\/ca\/blog\/iran-blog\/persepolis\/\" class=\"theme-button\">read more<\/a><\/div><\/div><\/div><\/div><\/div><div class=\"vcex-blog-entry vcex-grid-item entry-has-details span_1_of_2 col-2 col post-14282 entry type-post has-media cat-127 cat-164 cat-164 post_tag-258 post_tag-129 post_series-128\"><div class=\"vcex-blog-entry-inner entry-inner wpex-first-mt-0 wpex-last-mb-0 wpex-clr\"><div class=\"vcex-blog-entry-media entry-media\"><a href=\"https:\/\/aspasiatravel.es\/ca\/blog\/iran-blog\/como-vestir-en-iran\/\" title=\"Com vestir a l&#039;Iran\"><img decoding=\"async\" width=\"1060\" height=\"1885\" data-src=\"https:\/\/aspasiatravel.es\/wp-content\/uploads\/2019\/01\/dones-iran-posando.jpg\" class=\"vcex-blog-entry-img wpex-align-middle lazyload\" alt=\"dones iran posando\" data-srcset=\"https:\/\/aspasiatravel.es\/wp-content\/uploads\/2019\/01\/dones-iran-posando.jpg 1060w, https:\/\/aspasiatravel.es\/wp-content\/uploads\/2019\/01\/dones-iran-posando-600x1067.jpg 600w, https:\/\/aspasiatravel.es\/wp-content\/uploads\/2019\/01\/dones-iran-posando-169x300.jpg 169w, https:\/\/aspasiatravel.es\/wp-content\/uploads\/2019\/01\/dones-iran-posando-768x1366.jpg 768w, https:\/\/aspasiatravel.es\/wp-content\/uploads\/2019\/01\/dones-iran-posando-576x1024.jpg 576w\" data-sizes=\"auto, (max-width: 1060px) 100vw, 1060px\" src=\"data:image\/gif;base64,R0lGODlhAQABAAAAACH5BAEKAAEALAAAAAABAAEAAAICTAEAOw==\" style=\"--smush-placeholder-width: 1060px; --smush-placeholder-aspect-ratio: 1060\/1885;\" \/><\/a><\/div><div class=\"vcex-blog-entry-details entry-details wpex-bordered wpex-first-mt-0 wpex-last-mb-0 wpex-clr\"><div class=\"match-height-content\"><h2 class=\"vcex-blog-entry-title entry-title wpex-mb-5\"><a href=\"https:\/\/aspasiatravel.es\/ca\/blog\/iran-blog\/como-vestir-en-iran\/\">Com vestir a l'Iran<\/a><\/h2><div class=\"vcex-blog-entry-date entry-date wpex-text-sm wpex-text-gray-600 wpex-mb-5\">23 gener, 2019<\/div><div class=\"vcex-blog-entry-excerpt entry-excerpt wpex-my-15 wpex-last-mb-0 wpex-clr\"><p>COM VESTIR A IRAN Un dels principals pors que tenim tots quan viatgem a Iran \u00e9s qu\u00e8 hem de posar a la nostra maleta, Quina roba he de portar per viatjar a\u2026<\/p><\/div><div class=\"vcex-blog-entry-readmore-wrap entry-readmore-wrap wpex-my-15 wpex-clr\"><a href=\"https:\/\/aspasiatravel.es\/ca\/blog\/iran-blog\/como-vestir-en-iran\/\" class=\"theme-button\">read more<\/a><\/div><\/div><\/div><\/div><\/div><div class=\"vcex-blog-entry vcex-grid-item entry-has-details span_1_of_2 col-1 col post-6977 entry type-post has-media cat-127 cat-164 cat-164 post_tag-130 post_tag-129 post_series-128\"><div class=\"vcex-blog-entry-inner entry-inner wpex-first-mt-0 wpex-last-mb-0 wpex-clr\"><div class=\"vcex-blog-entry-media entry-media\"><a href=\"https:\/\/aspasiatravel.es\/ca\/blog\/iran-blog\/musica-irani\/\" title=\"M\u00fasica Iraniana\"><img decoding=\"async\" width=\"1920\" height=\"1080\" data-src=\"https:\/\/aspasiatravel.es\/wp-content\/uploads\/2016\/09\/DSC_1095.jpg\" class=\"vcex-blog-entry-img wpex-align-middle lazyload\" alt=\"DSC 1095\" data-srcset=\"https:\/\/aspasiatravel.es\/wp-content\/uploads\/2016\/09\/DSC_1095.jpg 1920w, https:\/\/aspasiatravel.es\/wp-content\/uploads\/2016\/09\/DSC_1095-600x338.jpg 600w, https:\/\/aspasiatravel.es\/wp-content\/uploads\/2016\/09\/DSC_1095-300x169.jpg 300w, https:\/\/aspasiatravel.es\/wp-content\/uploads\/2016\/09\/DSC_1095-768x432.jpg 768w, https:\/\/aspasiatravel.es\/wp-content\/uploads\/2016\/09\/DSC_1095-1024x576.jpg 1024w\" data-sizes=\"auto, (max-width: 1920px) 100vw, 1920px\" src=\"data:image\/gif;base64,R0lGODlhAQABAAAAACH5BAEKAAEALAAAAAABAAEAAAICTAEAOw==\" style=\"--smush-placeholder-width: 1920px; --smush-placeholder-aspect-ratio: 1920\/1080;\" \/><\/a><\/div><div class=\"vcex-blog-entry-details entry-details wpex-bordered wpex-first-mt-0 wpex-last-mb-0 wpex-clr\"><div class=\"match-height-content\"><h2 class=\"vcex-blog-entry-title entry-title wpex-mb-5\"><a href=\"https:\/\/aspasiatravel.es\/ca\/blog\/iran-blog\/musica-irani\/\">M\u00fasica Iraniana<\/a><\/h2><div class=\"vcex-blog-entry-date entry-date wpex-text-sm wpex-text-gray-600 wpex-mb-5\">2 de setembre de 2016<\/div><div class=\"vcex-blog-entry-excerpt entry-excerpt wpex-my-15 wpex-last-mb-0 wpex-clr\"><p>M\u00fasica Iraniana La m\u00fasica \u00e9s una part molt important de la cultura d'un pa\u00eds. A continuaci\u00f3 trobareu una llista de Spotify que ha creat Aspasia Travel per apropar-vos a\u2026<\/p><\/div><div class=\"vcex-blog-entry-readmore-wrap entry-readmore-wrap wpex-my-15 wpex-clr\"><a href=\"https:\/\/aspasiatravel.es\/ca\/blog\/iran-blog\/musica-irani\/\" class=\"theme-button\">read more<\/a><\/div><\/div><\/div><\/div><\/div><\/div><\/div>\n\t<div class=\"wpb_text_column wpb_content_element\" >\n\t\t<div class=\"wpb_wrapper\">\n\t\t\t\n\t\t<\/div>\n\t<\/div>\n<\/div><\/div><\/div><div class=\"wpb_column vc_column_container vc_col-sm-3 wpex-vc_col-has-fill\"><div class=\"vc_column-inner vc_custom_1715330774352\"><div class=\"wpb_wrapper\"><div class=\"vc_empty_space\"   style=\"height: 40px\"><span class=\"vc_empty_space_inner\"><\/span><\/div>\n\t<div class=\"wpb_text_column wpb_content_element\" >\n\t\t<div class=\"wpb_wrapper\">\n\t\t\t<h1 style=\"text-align: center;\"><strong>\u00cdNDEX DE CONTINGUTS<\/strong><\/h1>\n\n\t\t<\/div>\n\t<\/div>\n\n\t<div class=\"wpb_text_column wpb_content_element vc_custom_1715330683471\" >\n\t\t<div class=\"wpb_wrapper\">\n\t\t\t<p style=\"text-align: center;\"><span style=\"color: #ffffff;\">Navega pel bloc de viatges segons destinaci\u00f3:<\/span><\/p>\n\n\t\t<\/div>\n\t<\/div>\n<div class=\"vc_empty_space\"   style=\"height: 30px\"><span class=\"vc_empty_space_inner\"><\/span><\/div><div class=\"vc_row wpb_row vc_inner vc_row-fluid vc_custom_1518523679841\"><div class=\"wpb_column vc_column_container vc_col-sm-6\"><div class=\"vc_column-inner\"><div class=\"wpb_wrapper\"><div class=\"vcex-module vcex-bullets custom-icon\">\n<ul>\n<li><div class=\"vcex-bullets-ci-wrap wpex-inline-flex\"><span class=\"vcex-icon-wrap wpex-mr-10\"><span class=\"vcex-icon vc-oi vc-oi-ok\" aria-hidden=\"true\" style=\"color:#a1914e;\"><\/span><\/span><div class=\"vcex-content wpex-flex-grow\"><span style=\"font-size: 18px\"><a style=\"color: #666\" href=\"https:\/\/aspasiatravel.es\/ca\/blog\/blog-albania\/\"><strong>Alb\u00e0nia<\/strong><\/a><\/span><\/div><\/div><\/li>\n<li><div class=\"vcex-bullets-ci-wrap wpex-inline-flex\"><span class=\"vcex-icon-wrap wpex-mr-10\"><span class=\"vcex-icon vc-oi vc-oi-ok\" aria-hidden=\"true\" style=\"color:#a1914e;\"><\/span><\/span><div class=\"vcex-content wpex-flex-grow\"><span style=\"font-size: 18px\"><a style=\"color: #666\" href=\"http:\/\/aspasiatravel.es\/ca\/blog\/armenia-blog\/\"><strong>Arm\u00e8nia<\/strong><\/a><\/span><\/div><\/div><\/li>\n<li><div class=\"vcex-bullets-ci-wrap wpex-inline-flex\"><span class=\"vcex-icon-wrap wpex-mr-10\"><span class=\"vcex-icon vc-oi vc-oi-ok\" aria-hidden=\"true\" style=\"color:#a1914e;\"><\/span><\/span><div class=\"vcex-content wpex-flex-grow\"><span style=\"font-size: 18px\"><a style=\"color: #666\" href=\"http:\/\/aspasiatravel.es\/ca\/blog\/butan-blog\/\"><strong>Bhutan<\/strong><\/a><\/span><\/div><\/div><\/li>\n<li><div class=\"vcex-bullets-ci-wrap wpex-inline-flex\"><span class=\"vcex-icon-wrap wpex-mr-10\"><span class=\"vcex-icon vc-oi vc-oi-ok\" aria-hidden=\"true\" style=\"color:#a1914e;\"><\/span><\/span><div class=\"vcex-content wpex-flex-grow\"><span style=\"font-size: 18px\"><a style=\"color: #666\" href=\"http:\/\/aspasiatravel.es\/ca\/blog\/china-blog\/\"><strong>Xina<\/strong><\/a><\/span><\/div><\/div><\/li>\n<li><div class=\"vcex-bullets-ci-wrap wpex-inline-flex\"><span class=\"vcex-icon-wrap wpex-mr-10\"><span class=\"vcex-icon vc-oi vc-oi-ok\" aria-hidden=\"true\" style=\"color:#a1914e;\"><\/span><\/span><div class=\"vcex-content wpex-flex-grow\"><span style=\"font-size: 18px\"><a style=\"color: #666\" href=\"http:\/\/aspasiatravel.es\/ca\/blog\/japon-blog\/\"><strong>Jap\u00f3 <\/strong><\/a><\/span><\/div><\/div><\/li>\n<li><div class=\"vcex-bullets-ci-wrap wpex-inline-flex\"><span class=\"vcex-icon-wrap wpex-mr-10\"><span class=\"vcex-icon vc-oi vc-oi-ok\" aria-hidden=\"true\" style=\"color:#a1914e;\"><\/span><\/span><div class=\"vcex-content wpex-flex-grow\"><span style=\"font-size: 18px\"><a style=\"color: #666\" href=\"http:\/\/aspasiatravel.es\/ca\/blog\/egipto-blog\/\"><strong>Egipte<\/strong><\/a><\/span><\/div><\/div><\/li>\n<li><div class=\"vcex-bullets-ci-wrap wpex-inline-flex\"><span class=\"vcex-icon-wrap wpex-mr-10\"><span class=\"vcex-icon vc-oi vc-oi-ok\" aria-hidden=\"true\" style=\"color:#a1914e;\"><\/span><\/span><div class=\"vcex-content wpex-flex-grow\"><span style=\"font-size: 18px\"><a style=\"color: #666\" href=\"http:\/\/aspasiatravel.es\/ca\/blog\/etiopia-blog\/\"><strong>Eti\u00f2pia<\/strong><\/a><\/span><\/div><\/div><\/li>\n<li><div class=\"vcex-bullets-ci-wrap wpex-inline-flex\"><span class=\"vcex-icon-wrap wpex-mr-10\"><span class=\"vcex-icon vc-oi vc-oi-ok\" aria-hidden=\"true\" style=\"color:#a1914e;\"><\/span><\/span><div class=\"vcex-content wpex-flex-grow\"><span style=\"font-size: 18px\"><a style=\"color: #666\" href=\"http:\/\/aspasiatravel.es\/ca\/blog\/georgia-blog\/\"><strong>Ge\u00f2rgia<\/strong><\/a><\/span><\/div><\/div><\/li>\n<li><div class=\"vcex-bullets-ci-wrap wpex-inline-flex\"><span class=\"vcex-icon-wrap wpex-mr-10\"><span class=\"vcex-icon vc-oi vc-oi-ok\" aria-hidden=\"true\" style=\"color:#a1914e;\"><\/span><\/span><div class=\"vcex-content wpex-flex-grow\"><span style=\"font-size: 18px\"><a style=\"color: #666\" href=\"http:\/\/aspasiatravel.es\/ca\/blog\/guatemala-blog\/\"><strong>Guatemala<\/strong><\/a><\/span><\/div><\/div><\/li>\n<li><div class=\"vcex-bullets-ci-wrap wpex-inline-flex\"><span class=\"vcex-icon-wrap wpex-mr-10\"><span class=\"vcex-icon vc-oi vc-oi-ok\" aria-hidden=\"true\" style=\"color:#a1914e;\"><\/span><\/span><div class=\"vcex-content wpex-flex-grow\"><span style=\"font-size: 18px\"><a style=\"color: #666\" href=\"http:\/\/aspasiatravel.es\/ca\/blog\/india-blog\/\"><strong>\u00cdndia<\/strong><\/a><\/span><\/div><\/div><\/li>\n<\/ul>\n<\/div><\/div><\/div><\/div><div class=\"wpb_column vc_column_container vc_col-sm-6\"><div class=\"vc_column-inner\"><div class=\"wpb_wrapper\"><div class=\"vcex-module vcex-bullets custom-icon\">\n<ul>\n<li><div class=\"vcex-bullets-ci-wrap wpex-inline-flex\"><span class=\"vcex-icon-wrap wpex-mr-10\"><span class=\"vcex-icon vc-oi vc-oi-ok\" aria-hidden=\"true\" style=\"color:#a1914e;\"><\/span><\/span><div class=\"vcex-content wpex-flex-grow\"><span style=\"font-size: 18px\"><a style=\"color: #666\" href=\"http:\/\/aspasiatravel.es\/ca\/blog\/indonesia-blog\/\"><strong>Indon\u00e8sia<\/strong><\/a><\/span><\/div><\/div><\/li>\n<li><div class=\"vcex-bullets-ci-wrap wpex-inline-flex\"><span class=\"vcex-icon-wrap wpex-mr-10\"><span class=\"vcex-icon vc-oi vc-oi-ok\" aria-hidden=\"true\" style=\"color:#a1914e;\"><\/span><\/span><div class=\"vcex-content wpex-flex-grow\"><span style=\"font-size: 18px\"><a style=\"color: #666\" href=\"http:\/\/aspasiatravel.es\/ca\/blog\/iran-blog\/\"><strong>Iran<\/strong><\/a><\/span><\/div><\/div><\/li>\n<li><div class=\"vcex-bullets-ci-wrap wpex-inline-flex\"><span class=\"vcex-icon-wrap wpex-mr-10\"><span class=\"vcex-icon vc-oi vc-oi-ok\" aria-hidden=\"true\" style=\"color:#a1914e;\"><\/span><\/span><div class=\"vcex-content wpex-flex-grow\"><span style=\"font-size: 18px\"><a style=\"color: #666\" href=\"http:\/\/aspasiatravel.es\/ca\/blog\/jordania-blog\/\"><strong>Jord\u00e0nia<\/strong><\/a><\/span><\/div><\/div><\/li>\n<li><div class=\"vcex-bullets-ci-wrap wpex-inline-flex\"><span class=\"vcex-icon-wrap wpex-mr-10\"><span class=\"vcex-icon vc-oi vc-oi-ok\" aria-hidden=\"true\" style=\"color:#a1914e;\"><\/span><\/span><div class=\"vcex-content wpex-flex-grow\"><span style=\"font-size: 18px\"><a style=\"color: #666\" href=\"http:\/\/aspasiatravel.es\/ca\/blog\/libano-blog\/\"><strong>L\u00edban<\/strong><\/a><\/span><\/div><\/div><\/li>\n<li><div class=\"vcex-bullets-ci-wrap wpex-inline-flex\"><span class=\"vcex-icon-wrap wpex-mr-10\"><span class=\"vcex-icon vc-oi vc-oi-ok\" aria-hidden=\"true\" style=\"color:#a1914e;\"><\/span><\/span><div class=\"vcex-content wpex-flex-grow\"><span style=\"font-size: 18px\"><a style=\"color: #666\" href=\"http:\/\/aspasiatravel.es\/ca\/blog\/myanmar-blog\/\"><strong>Myanmar<\/strong><\/a><\/span><\/div><\/div><\/li>\n<li><div class=\"vcex-bullets-ci-wrap wpex-inline-flex\"><span class=\"vcex-icon-wrap wpex-mr-10\"><span class=\"vcex-icon vc-oi vc-oi-ok\" aria-hidden=\"true\" style=\"color:#a1914e;\"><\/span><\/span><div class=\"vcex-content wpex-flex-grow\"><span style=\"font-size: 18px\"><a style=\"color: #666\" href=\"http:\/\/aspasiatravel.es\/ca\/blog\/oman-blog\/\"><strong>Oman<\/strong><\/a><\/span><\/div><\/div><\/li>\n<li><div class=\"vcex-bullets-ci-wrap wpex-inline-flex\"><span class=\"vcex-icon-wrap wpex-mr-10\"><span class=\"vcex-icon vc-oi vc-oi-ok\" aria-hidden=\"true\" style=\"color:#a1914e;\"><\/span><\/span><div class=\"vcex-content wpex-flex-grow\"><span style=\"font-size: 18px\"><a style=\"color: #666\" href=\"http:\/\/aspasiatravel.es\/ca\/blog\/peru-blog\/\"><strong>Per\u00fa<\/strong><\/a><\/span><\/div><\/div><\/li>\n<li><div class=\"vcex-bullets-ci-wrap wpex-inline-flex\"><span class=\"vcex-icon-wrap wpex-mr-10\"><span class=\"vcex-icon vc-oi vc-oi-ok\" aria-hidden=\"true\" style=\"color:#a1914e;\"><\/span><\/span><div class=\"vcex-content wpex-flex-grow\"><span style=\"font-size: 18px\"><a style=\"color: #666\" href=\"http:\/\/aspasiatravel.es\/ca\/blog\/rusia-blog\/\"><strong>R\u00fassia<\/strong><\/a><\/span><\/div><\/div><\/li>\n<li><div class=\"vcex-bullets-ci-wrap wpex-inline-flex\"><span class=\"vcex-icon-wrap wpex-mr-10\"><span class=\"vcex-icon vc-oi vc-oi-ok\" aria-hidden=\"true\" style=\"color:#a1914e;\"><\/span><\/span><div class=\"vcex-content wpex-flex-grow\"><span style=\"font-size: 18px\"><a style=\"color: #666\" href=\"http:\/\/aspasiatravel.es\/ca\/blog\/sri-lanka-blog\/\"><strong>Sri Lanka<\/strong><\/a><\/span><\/div><\/div><\/li>\n<li><div class=\"vcex-bullets-ci-wrap wpex-inline-flex\"><span class=\"vcex-icon-wrap wpex-mr-10\"><span class=\"vcex-icon vc-oi vc-oi-ok\" aria-hidden=\"true\" style=\"color:#a1914e;\"><\/span><\/span><div class=\"vcex-content wpex-flex-grow\"><span style=\"font-size: 18px\"><a style=\"color: #666\" href=\"http:\/\/aspasiatravel.es\/ca\/blog\/vietnam-blog\/\"><strong>Vietnam<\/strong><\/a><\/span><\/div><\/div><\/li>\n<\/ul>\n<\/div><\/div><\/div><\/div><\/div><div class=\"vc_row wpb_row vc_inner vc_row-fluid vc_custom_1518523598564\"><div class=\"wpb_column vc_column_container vc_col-sm-6\"><div class=\"vc_column-inner\"><div class=\"wpb_wrapper\">\n\t<div  class=\"wpb_single_image wpb_content_element vc_align_ wpb_content_element\">\n\t\t\n\t\t<figure class=\"wpb_wrapper vc_figure\">\n\t\t\t<a href=\"http:\/\/aspasiatravel.es\/ca\/blog\/maleta-viajero\/\" target=\"_self\" class=\"vc_single_image-wrapper   vc_box_border_grey\"><img decoding=\"async\" class=\"vc_single_image-img lazyload\" data-src=\"https:\/\/aspasiatravel.es\/wp-content\/uploads\/2018\/02\/la-maleta-del-viajero-Aspasia-Travel-100x82.png\" width=\"100\" height=\"82\" alt=\"la maleta del viajero Aspasia Travel\" title=\"la maleta del viatger Aspasia Travel\" src=\"data:image\/gif;base64,R0lGODlhAQABAAAAACH5BAEKAAEALAAAAAABAAEAAAICTAEAOw==\" style=\"--smush-placeholder-width: 100px; --smush-placeholder-aspect-ratio: 100\/82;\" \/><\/a>\n\t\t<\/figure>\n\t<\/div>\n<\/div><\/div><\/div><div class=\"wpb_column vc_column_container vc_col-sm-6\"><div class=\"vc_column-inner\"><div class=\"wpb_wrapper\"><div class=\"vc_empty_space\"   style=\"height: 20px\"><span class=\"vc_empty_space_inner\"><\/span><\/div><div class=\"vcex-module vcex-bullets vcex-bullets-check\">\n<p style=\"text-align: center\"><span style=\"font-size: 18px\"><a style=\"color: #666\" href=\"http:\/\/aspasiatravel.es\/ca\/blog\/maleta-viajero\/\"><strong>La maleta del viatger<\/strong><\/a><\/span><\/p>\n<\/div><\/div><\/div><\/div><\/div><\/div><\/div><\/div><\/div>\n<\/div>","protected":false},"excerpt":{"rendered":"M\u00fasica Iran\u00ed La m\u00fasica es una parte muy importante de la cultura de un pa\u00eds. A continuaci\u00f3n encontrar\u00e9is una lista de Spotify que ha creado Aspasia Travel para acercaros a la m\u00fasica de Ir\u00e1n. Otros art\u00edculos de Ir\u00e1nVolver al Blog","protected":false},"author":90,"featured_media":0,"parent":10576,"menu_order":0,"comment_status":"closed","ping_status":"closed","template":"","meta":{"footnotes":""},"class_list":["post-12400","page","type-page","status-publish","hentry","entry","has-media"],"_links":{"self":[{"href":"https:\/\/aspasiatravel.es\/ca\/wp-json\/wp\/v2\/pages\/12400","targetHints":{"allow":["GET"]}}],"collection":[{"href":"https:\/\/aspasiatravel.es\/ca\/wp-json\/wp\/v2\/pages"}],"about":[{"href":"https:\/\/aspasiatravel.es\/ca\/wp-json\/wp\/v2\/types\/page"}],"author":[{"embeddable":true,"href":"https:\/\/aspasiatravel.es\/ca\/wp-json\/wp\/v2\/users\/90"}],"replies":[{"embeddable":true,"href":"https:\/\/aspasiatravel.es\/ca\/wp-json\/wp\/v2\/comments?post=12400"}],"version-history":[{"count":0,"href":"https:\/\/aspasiatravel.es\/ca\/wp-json\/wp\/v2\/pages\/12400\/revisions"}],"up":[{"embeddable":true,"href":"https:\/\/aspasiatravel.es\/ca\/wp-json\/wp\/v2\/pages\/10576"}],"wp:attachment":[{"href":"https:\/\/aspasiatravel.es\/ca\/wp-json\/wp\/v2\/media?parent=12400"}],"curies":[{"name":"wp","href":"https:\/\/api.w.org\/{rel}","templated":true}]}}