{"id":12437,"date":"2018-02-12T15:01:04","date_gmt":"2018-02-12T13:01:04","guid":{"rendered":"http:\/\/aspasiatravel.es\/?page_id=12437"},"modified":"2025-05-29T12:24:36","modified_gmt":"2025-05-29T10:24:36","slug":"vietnam-blog","status":"publish","type":"page","link":"https:\/\/aspasiatravel.es\/ca\/blog\/vietnam-blog\/","title":{"rendered":"Blog de Vietnam i Cambodja"},"content":{"rendered":"<div class=\"wpb-content-wrapper\"><div class=\"vc_row wpb_row vc_row-fluid\"><div class=\"wpb_column vc_column_container vc_col-sm-12\"><div class=\"vc_column-inner\"><div class=\"wpb_wrapper\"><div class=\"vc_empty_space\"   style=\"height: 20px\"><span class=\"vc_empty_space_inner\"><\/span><\/div><\/div><\/div><\/div><\/div><div class=\"vc_row wpb_row vc_row-fluid\"><div class=\"wpb_column vc_column_container vc_col-sm-9 wpex-vc_col-has-fill\"><div class=\"vc_column-inner vc_custom_1518192095505\"><div class=\"wpb_wrapper\"><div class=\"vcex-module vcex-blog-grid-wrap wpex-clr\"><div class=\"wpex-row vcex-blog-grid wpex-clr entries match-height-grid\"><div class=\"vcex-blog-entry vcex-grid-item entry-has-details span_1_of_2 col-1 nr-col post-17973 entry type-post has-media cat-164 cat-189 cat-164 post_tag-332 post_tag-331 post_tag-233 post_tag-334 post_tag-269 post_tag-333\"><div class=\"vcex-blog-entry-inner entry-inner wpex-first-mt-0 wpex-last-mb-0 wpex-clr\"><div class=\"vcex-blog-entry-media entry-media\"><a href=\"https:\/\/aspasiatravel.es\/ca\/blog\/angkor-wat-el-templo-matematico-en-camboya\/\" title=\"ANGKOR WAT, EL TEMPLE MATEM\u00c0TIC A CAMBODJA\"><img decoding=\"async\" width=\"2560\" height=\"1707\" data-src=\"https:\/\/aspasiatravel.es\/wp-content\/uploads\/2022\/04\/Angkor-Wat-Camboya-scaled.jpg\" class=\"vcex-blog-entry-img wpex-align-middle lazyload\" alt=\"Angkor Wat Camboya scaled\" data-srcset=\"https:\/\/aspasiatravel.es\/wp-content\/uploads\/2022\/04\/Angkor-Wat-Camboya-scaled.jpg 2560w, https:\/\/aspasiatravel.es\/wp-content\/uploads\/2022\/04\/Angkor-Wat-Camboya-300x200.jpg 300w, https:\/\/aspasiatravel.es\/wp-content\/uploads\/2022\/04\/Angkor-Wat-Camboya-1024x683.jpg 1024w, https:\/\/aspasiatravel.es\/wp-content\/uploads\/2022\/04\/Angkor-Wat-Camboya-768x512.jpg 768w, https:\/\/aspasiatravel.es\/wp-content\/uploads\/2022\/04\/Angkor-Wat-Camboya-1536x1024.jpg 1536w, https:\/\/aspasiatravel.es\/wp-content\/uploads\/2022\/04\/Angkor-Wat-Camboya-2048x1365.jpg 2048w\" data-sizes=\"auto, (max-width: 2560px) 100vw, 2560px\" src=\"data:image\/gif;base64,R0lGODlhAQABAAAAACH5BAEKAAEALAAAAAABAAEAAAICTAEAOw==\" style=\"--smush-placeholder-width: 2560px; --smush-placeholder-aspect-ratio: 2560\/1707;\" \/><\/a><\/div><div class=\"vcex-blog-entry-details entry-details wpex-bordered wpex-first-mt-0 wpex-last-mb-0 wpex-clr\"><div class=\"match-height-content\"><h2 class=\"vcex-blog-entry-title entry-title wpex-mb-5\"><a href=\"https:\/\/aspasiatravel.es\/ca\/blog\/angkor-wat-el-templo-matematico-en-camboya\/\">ANGKOR WAT, EL TEMPLE MATEM\u00c0TIC A CAMBODJA<\/a><\/h2><div class=\"vcex-blog-entry-date entry-date wpex-text-sm wpex-text-gray-600 wpex-mb-5\">22 abril, 2022<\/div><div class=\"vcex-blog-entry-excerpt entry-excerpt wpex-my-15 wpex-last-mb-0 wpex-clr\"><p>Angkor Wat, el temple matem\u00e0tic a Cambotja<\/p><\/div><div class=\"vcex-blog-entry-readmore-wrap entry-readmore-wrap wpex-my-15 wpex-clr\"><a href=\"https:\/\/aspasiatravel.es\/ca\/blog\/angkor-wat-el-templo-matematico-en-camboya\/\" class=\"theme-button\">read more<\/a><\/div><\/div><\/div><\/div><\/div><div class=\"vcex-blog-entry vcex-grid-item entry-has-details span_1_of_2 col-2 nr-col post-15491 entry type-post has-media cat-164 cat-189 cat-164 post_tag-281 post_tag-284 post_tag-279 post_series-299\"><div class=\"vcex-blog-entry-inner entry-inner wpex-first-mt-0 wpex-last-mb-0 wpex-clr\"><div class=\"vcex-blog-entry-media entry-media\"><a href=\"https:\/\/aspasiatravel.es\/ca\/blog\/los-tuneles-de-cu-chi-vietnam\/\" title=\"Els t\u00fanels de Cu Chi, Vietnam\"><img decoding=\"async\" width=\"520\" height=\"720\" data-src=\"https:\/\/aspasiatravel.es\/wp-content\/uploads\/2019\/09\/acceso.jpg\" class=\"vcex-blog-entry-img wpex-align-middle lazyload\" alt=\"acceso\" data-srcset=\"https:\/\/aspasiatravel.es\/wp-content\/uploads\/2019\/09\/acceso.jpg 520w, https:\/\/aspasiatravel.es\/wp-content\/uploads\/2019\/09\/acceso-350x485.jpg 350w, https:\/\/aspasiatravel.es\/wp-content\/uploads\/2019\/09\/acceso-217x300.jpg 217w\" data-sizes=\"auto, (max-width: 520px) 100vw, 520px\" src=\"data:image\/gif;base64,R0lGODlhAQABAAAAACH5BAEKAAEALAAAAAABAAEAAAICTAEAOw==\" style=\"--smush-placeholder-width: 520px; --smush-placeholder-aspect-ratio: 520\/720;\" \/><\/a><\/div><div class=\"vcex-blog-entry-details entry-details wpex-bordered wpex-first-mt-0 wpex-last-mb-0 wpex-clr\"><div class=\"match-height-content\"><h2 class=\"vcex-blog-entry-title entry-title wpex-mb-5\"><a href=\"https:\/\/aspasiatravel.es\/ca\/blog\/los-tuneles-de-cu-chi-vietnam\/\">Els t\u00fanels de Cu Chi, Vietnam<\/a><\/h2><div class=\"vcex-blog-entry-date entry-date wpex-text-sm wpex-text-gray-600 wpex-mb-5\">14 setembre, 2019<\/div><div class=\"vcex-blog-entry-excerpt entry-excerpt wpex-my-15 wpex-last-mb-0 wpex-clr\"><p>ELS T\u00daNELS DE CU CHI, VIETNAM Ho Chi Minh, abans anomenada Saigon, va ser capital de la vella col\u00f2nia francesa de l'\u00cdndia Xina. \u00c9s a uns 40 minuts de Ho Chi Minh\u2026<\/p><\/div><div class=\"vcex-blog-entry-readmore-wrap entry-readmore-wrap wpex-my-15 wpex-clr\"><a href=\"https:\/\/aspasiatravel.es\/ca\/blog\/los-tuneles-de-cu-chi-vietnam\/\" class=\"theme-button\">read more<\/a><\/div><\/div><\/div><\/div><\/div><\/div><\/div>\n\t<div class=\"wpb_text_column wpb_content_element\" >\n\t\t<div class=\"wpb_wrapper\">\n\t\t\t\n\t\t<\/div>\n\t<\/div>\n<\/div><\/div><\/div><div class=\"wpb_column vc_column_container vc_col-sm-3 wpex-vc_col-has-fill\"><div class=\"vc_column-inner vc_custom_1715330774352\"><div class=\"wpb_wrapper\"><div class=\"vc_empty_space\"   style=\"height: 40px\"><span class=\"vc_empty_space_inner\"><\/span><\/div>\n\t<div class=\"wpb_text_column wpb_content_element\" >\n\t\t<div class=\"wpb_wrapper\">\n\t\t\t<h1 style=\"text-align: center;\"><strong>\u00cdNDEX DE CONTINGUTS<\/strong><\/h1>\n\n\t\t<\/div>\n\t<\/div>\n\n\t<div class=\"wpb_text_column wpb_content_element vc_custom_1715330683471\" >\n\t\t<div class=\"wpb_wrapper\">\n\t\t\t<p style=\"text-align: center;\"><span style=\"color: #ffffff;\">Navega pel bloc de viatges segons destinaci\u00f3:<\/span><\/p>\n\n\t\t<\/div>\n\t<\/div>\n<div class=\"vc_empty_space\"   style=\"height: 30px\"><span class=\"vc_empty_space_inner\"><\/span><\/div><div class=\"vc_row wpb_row vc_inner vc_row-fluid vc_custom_1518523679841\"><div class=\"wpb_column vc_column_container vc_col-sm-6\"><div class=\"vc_column-inner\"><div class=\"wpb_wrapper\"><div class=\"vcex-module vcex-bullets custom-icon\">\n<ul>\n<li><div class=\"vcex-bullets-ci-wrap wpex-inline-flex\"><span class=\"vcex-icon-wrap wpex-mr-10\"><span class=\"vcex-icon vc-oi vc-oi-ok\" aria-hidden=\"true\" style=\"color:#a1914e;\"><\/span><\/span><div class=\"vcex-content wpex-flex-grow\"><span style=\"font-size: 18px\"><a style=\"color: #666\" href=\"https:\/\/aspasiatravel.es\/ca\/blog\/blog-albania\/\"><strong>Alb\u00e0nia<\/strong><\/a><\/span><\/div><\/div><\/li>\n<li><div class=\"vcex-bullets-ci-wrap wpex-inline-flex\"><span class=\"vcex-icon-wrap wpex-mr-10\"><span class=\"vcex-icon vc-oi vc-oi-ok\" aria-hidden=\"true\" style=\"color:#a1914e;\"><\/span><\/span><div class=\"vcex-content wpex-flex-grow\"><span style=\"font-size: 18px\"><a style=\"color: #666\" href=\"http:\/\/aspasiatravel.es\/ca\/blog\/armenia-blog\/\"><strong>Arm\u00e8nia<\/strong><\/a><\/span><\/div><\/div><\/li>\n<li><div class=\"vcex-bullets-ci-wrap wpex-inline-flex\"><span class=\"vcex-icon-wrap wpex-mr-10\"><span class=\"vcex-icon vc-oi vc-oi-ok\" aria-hidden=\"true\" style=\"color:#a1914e;\"><\/span><\/span><div class=\"vcex-content wpex-flex-grow\"><span style=\"font-size: 18px\"><a style=\"color: #666\" href=\"http:\/\/aspasiatravel.es\/ca\/blog\/butan-blog\/\"><strong>Bhutan<\/strong><\/a><\/span><\/div><\/div><\/li>\n<li><div class=\"vcex-bullets-ci-wrap wpex-inline-flex\"><span class=\"vcex-icon-wrap wpex-mr-10\"><span class=\"vcex-icon vc-oi vc-oi-ok\" aria-hidden=\"true\" style=\"color:#a1914e;\"><\/span><\/span><div class=\"vcex-content wpex-flex-grow\"><span style=\"font-size: 18px\"><a style=\"color: #666\" href=\"http:\/\/aspasiatravel.es\/ca\/blog\/china-blog\/\"><strong>Xina<\/strong><\/a><\/span><\/div><\/div><\/li>\n<li><div class=\"vcex-bullets-ci-wrap wpex-inline-flex\"><span class=\"vcex-icon-wrap wpex-mr-10\"><span class=\"vcex-icon vc-oi vc-oi-ok\" aria-hidden=\"true\" style=\"color:#a1914e;\"><\/span><\/span><div class=\"vcex-content wpex-flex-grow\"><span style=\"font-size: 18px\"><a style=\"color: #666\" href=\"http:\/\/aspasiatravel.es\/ca\/blog\/japon-blog\/\"><strong>Jap\u00f3 <\/strong><\/a><\/span><\/div><\/div><\/li>\n<li><div class=\"vcex-bullets-ci-wrap wpex-inline-flex\"><span class=\"vcex-icon-wrap wpex-mr-10\"><span class=\"vcex-icon vc-oi vc-oi-ok\" aria-hidden=\"true\" style=\"color:#a1914e;\"><\/span><\/span><div class=\"vcex-content wpex-flex-grow\"><span style=\"font-size: 18px\"><a style=\"color: #666\" href=\"http:\/\/aspasiatravel.es\/ca\/blog\/egipto-blog\/\"><strong>Egipte<\/strong><\/a><\/span><\/div><\/div><\/li>\n<li><div class=\"vcex-bullets-ci-wrap wpex-inline-flex\"><span class=\"vcex-icon-wrap wpex-mr-10\"><span class=\"vcex-icon vc-oi vc-oi-ok\" aria-hidden=\"true\" style=\"color:#a1914e;\"><\/span><\/span><div class=\"vcex-content wpex-flex-grow\"><span style=\"font-size: 18px\"><a style=\"color: #666\" href=\"http:\/\/aspasiatravel.es\/ca\/blog\/etiopia-blog\/\"><strong>Eti\u00f2pia<\/strong><\/a><\/span><\/div><\/div><\/li>\n<li><div class=\"vcex-bullets-ci-wrap wpex-inline-flex\"><span class=\"vcex-icon-wrap wpex-mr-10\"><span class=\"vcex-icon vc-oi vc-oi-ok\" aria-hidden=\"true\" style=\"color:#a1914e;\"><\/span><\/span><div class=\"vcex-content wpex-flex-grow\"><span style=\"font-size: 18px\"><a style=\"color: #666\" href=\"http:\/\/aspasiatravel.es\/ca\/blog\/georgia-blog\/\"><strong>Ge\u00f2rgia<\/strong><\/a><\/span><\/div><\/div><\/li>\n<li><div class=\"vcex-bullets-ci-wrap wpex-inline-flex\"><span class=\"vcex-icon-wrap wpex-mr-10\"><span class=\"vcex-icon vc-oi vc-oi-ok\" aria-hidden=\"true\" style=\"color:#a1914e;\"><\/span><\/span><div class=\"vcex-content wpex-flex-grow\"><span style=\"font-size: 18px\"><a style=\"color: #666\" href=\"http:\/\/aspasiatravel.es\/ca\/blog\/guatemala-blog\/\"><strong>Guatemala<\/strong><\/a><\/span><\/div><\/div><\/li>\n<li><div class=\"vcex-bullets-ci-wrap wpex-inline-flex\"><span class=\"vcex-icon-wrap wpex-mr-10\"><span class=\"vcex-icon vc-oi vc-oi-ok\" aria-hidden=\"true\" style=\"color:#a1914e;\"><\/span><\/span><div class=\"vcex-content wpex-flex-grow\"><span style=\"font-size: 18px\"><a style=\"color: #666\" href=\"http:\/\/aspasiatravel.es\/ca\/blog\/india-blog\/\"><strong>\u00cdndia<\/strong><\/a><\/span><\/div><\/div><\/li>\n<\/ul>\n<\/div><\/div><\/div><\/div><div class=\"wpb_column vc_column_container vc_col-sm-6\"><div class=\"vc_column-inner\"><div class=\"wpb_wrapper\"><div class=\"vcex-module vcex-bullets custom-icon\">\n<ul>\n<li><div class=\"vcex-bullets-ci-wrap wpex-inline-flex\"><span class=\"vcex-icon-wrap wpex-mr-10\"><span class=\"vcex-icon vc-oi vc-oi-ok\" aria-hidden=\"true\" style=\"color:#a1914e;\"><\/span><\/span><div class=\"vcex-content wpex-flex-grow\"><span style=\"font-size: 18px\"><a style=\"color: #666\" href=\"http:\/\/aspasiatravel.es\/ca\/blog\/indonesia-blog\/\"><strong>Indon\u00e8sia<\/strong><\/a><\/span><\/div><\/div><\/li>\n<li><div class=\"vcex-bullets-ci-wrap wpex-inline-flex\"><span class=\"vcex-icon-wrap wpex-mr-10\"><span class=\"vcex-icon vc-oi vc-oi-ok\" aria-hidden=\"true\" style=\"color:#a1914e;\"><\/span><\/span><div class=\"vcex-content wpex-flex-grow\"><span style=\"font-size: 18px\"><a style=\"color: #666\" href=\"http:\/\/aspasiatravel.es\/ca\/blog\/iran-blog\/\"><strong>Iran<\/strong><\/a><\/span><\/div><\/div><\/li>\n<li><div class=\"vcex-bullets-ci-wrap wpex-inline-flex\"><span class=\"vcex-icon-wrap wpex-mr-10\"><span class=\"vcex-icon vc-oi vc-oi-ok\" aria-hidden=\"true\" style=\"color:#a1914e;\"><\/span><\/span><div class=\"vcex-content wpex-flex-grow\"><span style=\"font-size: 18px\"><a style=\"color: #666\" href=\"http:\/\/aspasiatravel.es\/ca\/blog\/jordania-blog\/\"><strong>Jord\u00e0nia<\/strong><\/a><\/span><\/div><\/div><\/li>\n<li><div class=\"vcex-bullets-ci-wrap wpex-inline-flex\"><span class=\"vcex-icon-wrap wpex-mr-10\"><span class=\"vcex-icon vc-oi vc-oi-ok\" aria-hidden=\"true\" style=\"color:#a1914e;\"><\/span><\/span><div class=\"vcex-content wpex-flex-grow\"><span style=\"font-size: 18px\"><a style=\"color: #666\" href=\"http:\/\/aspasiatravel.es\/ca\/blog\/libano-blog\/\"><strong>L\u00edban<\/strong><\/a><\/span><\/div><\/div><\/li>\n<li><div class=\"vcex-bullets-ci-wrap wpex-inline-flex\"><span class=\"vcex-icon-wrap wpex-mr-10\"><span class=\"vcex-icon vc-oi vc-oi-ok\" aria-hidden=\"true\" style=\"color:#a1914e;\"><\/span><\/span><div class=\"vcex-content wpex-flex-grow\"><span style=\"font-size: 18px\"><a style=\"color: #666\" href=\"http:\/\/aspasiatravel.es\/ca\/blog\/myanmar-blog\/\"><strong>Myanmar<\/strong><\/a><\/span><\/div><\/div><\/li>\n<li><div class=\"vcex-bullets-ci-wrap wpex-inline-flex\"><span class=\"vcex-icon-wrap wpex-mr-10\"><span class=\"vcex-icon vc-oi vc-oi-ok\" aria-hidden=\"true\" style=\"color:#a1914e;\"><\/span><\/span><div class=\"vcex-content wpex-flex-grow\"><span style=\"font-size: 18px\"><a style=\"color: #666\" href=\"http:\/\/aspasiatravel.es\/ca\/blog\/oman-blog\/\"><strong>Oman<\/strong><\/a><\/span><\/div><\/div><\/li>\n<li><div class=\"vcex-bullets-ci-wrap wpex-inline-flex\"><span class=\"vcex-icon-wrap wpex-mr-10\"><span class=\"vcex-icon vc-oi vc-oi-ok\" aria-hidden=\"true\" style=\"color:#a1914e;\"><\/span><\/span><div class=\"vcex-content wpex-flex-grow\"><span style=\"font-size: 18px\"><a style=\"color: #666\" href=\"http:\/\/aspasiatravel.es\/ca\/blog\/peru-blog\/\"><strong>Per\u00fa<\/strong><\/a><\/span><\/div><\/div><\/li>\n<li><div class=\"vcex-bullets-ci-wrap wpex-inline-flex\"><span class=\"vcex-icon-wrap wpex-mr-10\"><span class=\"vcex-icon vc-oi vc-oi-ok\" aria-hidden=\"true\" style=\"color:#a1914e;\"><\/span><\/span><div class=\"vcex-content wpex-flex-grow\"><span style=\"font-size: 18px\"><a style=\"color: #666\" href=\"http:\/\/aspasiatravel.es\/ca\/blog\/rusia-blog\/\"><strong>R\u00fassia<\/strong><\/a><\/span><\/div><\/div><\/li>\n<li><div class=\"vcex-bullets-ci-wrap wpex-inline-flex\"><span class=\"vcex-icon-wrap wpex-mr-10\"><span class=\"vcex-icon vc-oi vc-oi-ok\" aria-hidden=\"true\" style=\"color:#a1914e;\"><\/span><\/span><div class=\"vcex-content wpex-flex-grow\"><span style=\"font-size: 18px\"><a style=\"color: #666\" href=\"http:\/\/aspasiatravel.es\/ca\/blog\/sri-lanka-blog\/\"><strong>Sri Lanka<\/strong><\/a><\/span><\/div><\/div><\/li>\n<li><div class=\"vcex-bullets-ci-wrap wpex-inline-flex\"><span class=\"vcex-icon-wrap wpex-mr-10\"><span class=\"vcex-icon vc-oi vc-oi-ok\" aria-hidden=\"true\" style=\"color:#a1914e;\"><\/span><\/span><div class=\"vcex-content wpex-flex-grow\"><span style=\"font-size: 18px\"><a style=\"color: #666\" href=\"http:\/\/aspasiatravel.es\/ca\/blog\/vietnam-blog\/\"><strong>Vietnam<\/strong><\/a><\/span><\/div><\/div><\/li>\n<\/ul>\n<\/div><\/div><\/div><\/div><\/div><div class=\"vc_row wpb_row vc_inner vc_row-fluid vc_custom_1518523598564\"><div class=\"wpb_column vc_column_container vc_col-sm-6\"><div class=\"vc_column-inner\"><div class=\"wpb_wrapper\">\n\t<div  class=\"wpb_single_image wpb_content_element vc_align_ wpb_content_element\">\n\t\t\n\t\t<figure class=\"wpb_wrapper vc_figure\">\n\t\t\t<a href=\"http:\/\/aspasiatravel.es\/ca\/blog\/maleta-viajero\/\" target=\"_self\" class=\"vc_single_image-wrapper   vc_box_border_grey\"><img decoding=\"async\" class=\"vc_single_image-img lazyload\" data-src=\"https:\/\/aspasiatravel.es\/wp-content\/uploads\/2018\/02\/la-maleta-del-viajero-Aspasia-Travel-100x82.png\" width=\"100\" height=\"82\" alt=\"la maleta del viajero Aspasia Travel\" title=\"la maleta del viatger Aspasia Travel\" src=\"data:image\/gif;base64,R0lGODlhAQABAAAAACH5BAEKAAEALAAAAAABAAEAAAICTAEAOw==\" style=\"--smush-placeholder-width: 100px; --smush-placeholder-aspect-ratio: 100\/82;\" \/><\/a>\n\t\t<\/figure>\n\t<\/div>\n<\/div><\/div><\/div><div class=\"wpb_column vc_column_container vc_col-sm-6\"><div class=\"vc_column-inner\"><div class=\"wpb_wrapper\"><div class=\"vc_empty_space\"   style=\"height: 20px\"><span class=\"vc_empty_space_inner\"><\/span><\/div><div class=\"vcex-module vcex-bullets vcex-bullets-check\">\n<p style=\"text-align: center\"><span style=\"font-size: 18px\"><a style=\"color: #666\" href=\"http:\/\/aspasiatravel.es\/ca\/blog\/maleta-viajero\/\"><strong>La maleta del viatger<\/strong><\/a><\/span><\/p>\n<\/div><\/div><\/div><\/div><\/div><\/div><\/div><\/div><\/div>\n<\/div>","protected":false},"excerpt":{"rendered":"LOS T\u00daNELES DE CU CHI, VIETNAM Ho Chi Minh, antes llamada Saig\u00f3n, fue capital de la vieja colonia francesa de Indochina. Es a unos 40 minutos de Ho Chi Minh donde se encuentran los t\u00faneles de Cu Chi. La visita es una interesante ruta por la historia del pa\u00eds, por su pasado b\u00e9lico m\u00e1s reciente,&hellip;","protected":false},"author":90,"featured_media":0,"parent":10576,"menu_order":0,"comment_status":"closed","ping_status":"closed","template":"","meta":{"footnotes":""},"class_list":["post-12437","page","type-page","status-publish","hentry","entry","has-media"],"_links":{"self":[{"href":"https:\/\/aspasiatravel.es\/ca\/wp-json\/wp\/v2\/pages\/12437","targetHints":{"allow":["GET"]}}],"collection":[{"href":"https:\/\/aspasiatravel.es\/ca\/wp-json\/wp\/v2\/pages"}],"about":[{"href":"https:\/\/aspasiatravel.es\/ca\/wp-json\/wp\/v2\/types\/page"}],"author":[{"embeddable":true,"href":"https:\/\/aspasiatravel.es\/ca\/wp-json\/wp\/v2\/users\/90"}],"replies":[{"embeddable":true,"href":"https:\/\/aspasiatravel.es\/ca\/wp-json\/wp\/v2\/comments?post=12437"}],"version-history":[{"count":0,"href":"https:\/\/aspasiatravel.es\/ca\/wp-json\/wp\/v2\/pages\/12437\/revisions"}],"up":[{"embeddable":true,"href":"https:\/\/aspasiatravel.es\/ca\/wp-json\/wp\/v2\/pages\/10576"}],"wp:attachment":[{"href":"https:\/\/aspasiatravel.es\/ca\/wp-json\/wp\/v2\/media?parent=12437"}],"curies":[{"name":"wp","href":"https:\/\/api.w.org\/{rel}","templated":true}]}}