{"id":12449,"date":"2018-02-12T17:41:59","date_gmt":"2018-02-12T15:41:59","guid":{"rendered":"http:\/\/aspasiatravel.es\/?page_id=12449"},"modified":"2019-12-16T10:57:46","modified_gmt":"2019-12-16T09:57:46","slug":"maleta-viajero","status":"publish","type":"page","link":"https:\/\/aspasiatravel.es\/ca\/blog\/maleta-viajero\/","title":{"rendered":"Bloc la maleta del viatger"},"content":{"rendered":"<div class=\"wpb-content-wrapper\"><div class=\"vc_row wpb_row vc_row-fluid\"><div class=\"wpb_column vc_column_container vc_col-sm-12\"><div class=\"vc_column-inner\"><div class=\"wpb_wrapper\"><div class=\"vc_empty_space\"   style=\"height: 20px\"><span class=\"vc_empty_space_inner\"><\/span><\/div><\/div><\/div><\/div><\/div><div class=\"vc_row wpb_row vc_row-fluid\"><div class=\"wpb_column vc_column_container vc_col-sm-9 wpex-vc_col-has-fill\"><div class=\"vc_column-inner vc_custom_1518192095505\"><div class=\"wpb_wrapper\"><div class=\"vcex-module vcex-blog-grid-wrap wpex-clr\"><div class=\"wpex-row vcex-blog-grid wpex-clr entries match-height-grid\"><div class=\"vcex-blog-entry vcex-grid-item entry-has-details span_1_of_2 col-1 col post-17830 entry type-post has-media cat-164 cat-231 cat-164 post_tag-258 post_tag-233 post_tag-263 post_series-165\"><div class=\"vcex-blog-entry-inner entry-inner wpex-first-mt-0 wpex-last-mb-0 wpex-clr\"><div class=\"vcex-blog-entry-media entry-media\"><a href=\"https:\/\/aspasiatravel.es\/ca\/blog\/wordle-viajes\/\" title=\"Wordle Viatges\"><img decoding=\"async\" width=\"241\" height=\"241\" data-src=\"https:\/\/aspasiatravel.es\/wp-content\/uploads\/2022\/01\/Wordle-viajes-Aspasia-Travel.png\" class=\"vcex-blog-entry-img wpex-align-middle lazyload\" alt=\"Wordle viajes Aspasia Travel\" data-srcset=\"https:\/\/aspasiatravel.es\/wp-content\/uploads\/2022\/01\/Wordle-viajes-Aspasia-Travel.png 241w, https:\/\/aspasiatravel.es\/wp-content\/uploads\/2022\/01\/Wordle-viajes-Aspasia-Travel-150x150.png 150w, https:\/\/aspasiatravel.es\/wp-content\/uploads\/2022\/01\/Wordle-viajes-Aspasia-Travel-100x100.png 100w, https:\/\/aspasiatravel.es\/wp-content\/uploads\/2022\/01\/Wordle-viajes-Aspasia-Travel-65x65.png 65w\" data-sizes=\"auto, (max-width: 241px) 100vw, 241px\" src=\"data:image\/gif;base64,R0lGODlhAQABAAAAACH5BAEKAAEALAAAAAABAAEAAAICTAEAOw==\" style=\"--smush-placeholder-width: 241px; --smush-placeholder-aspect-ratio: 241\/241;\" \/><\/a><\/div><div class=\"vcex-blog-entry-details entry-details wpex-bordered wpex-first-mt-0 wpex-last-mb-0 wpex-clr\"><div class=\"match-height-content\"><h2 class=\"vcex-blog-entry-title entry-title wpex-mb-5\"><a href=\"https:\/\/aspasiatravel.es\/ca\/blog\/wordle-viajes\/\">Wordle Viatges<\/a><\/h2><div class=\"vcex-blog-entry-date entry-date wpex-text-sm wpex-text-gray-600 wpex-mb-5\">30 de mar\u00e7 de 2022<\/div><div class=\"vcex-blog-entry-excerpt entry-excerpt wpex-my-15 wpex-last-mb-0 wpex-clr\"><p>Un dels jocs que s'ha viralitzat en aquesta \u00faltima temporada \u00e9s Wordle un joc en el qual s'ha d'encertar una paraula en un m\u00e0xim de 6 intents,\u2026<\/p><\/div><div class=\"vcex-blog-entry-readmore-wrap entry-readmore-wrap wpex-my-15 wpex-clr\"><a href=\"https:\/\/aspasiatravel.es\/ca\/blog\/wordle-viajes\/\" class=\"theme-button\">read more<\/a><\/div><\/div><\/div><\/div><\/div><div class=\"vcex-blog-entry vcex-grid-item entry-has-details span_1_of_2 col-2 col post-16880 entry type-post has-media cat-164 cat-231 cat-164 post_tag-298 post_tag-258 post_tag-233 post_tag-263 post_tag-274 post_series-165 post_series-294\"><div class=\"vcex-blog-entry-inner entry-inner wpex-first-mt-0 wpex-last-mb-0 wpex-clr\"><div class=\"vcex-blog-entry-media entry-media\"><a href=\"https:\/\/aspasiatravel.es\/ca\/blog\/motivos-viajar-2021\/\" title=\"Motius pels quals viatjar aquest 2021\"><img decoding=\"async\" width=\"1280\" height=\"853\" data-src=\"https:\/\/aspasiatravel.es\/wp-content\/uploads\/2021\/05\/Volvemos-a-Viajar-con-Aspasia-Travel.jpg\" class=\"vcex-blog-entry-img wpex-align-middle lazyload\" alt=\"Volvemos a Viajar con Aspasia Travel\" data-srcset=\"https:\/\/aspasiatravel.es\/wp-content\/uploads\/2021\/05\/Volvemos-a-Viajar-con-Aspasia-Travel.jpg 1280w, https:\/\/aspasiatravel.es\/wp-content\/uploads\/2021\/05\/Volvemos-a-Viajar-con-Aspasia-Travel-600x400.jpg 600w, https:\/\/aspasiatravel.es\/wp-content\/uploads\/2021\/05\/Volvemos-a-Viajar-con-Aspasia-Travel-300x200.jpg 300w, https:\/\/aspasiatravel.es\/wp-content\/uploads\/2021\/05\/Volvemos-a-Viajar-con-Aspasia-Travel-1024x682.jpg 1024w, https:\/\/aspasiatravel.es\/wp-content\/uploads\/2021\/05\/Volvemos-a-Viajar-con-Aspasia-Travel-768x512.jpg 768w\" data-sizes=\"auto, (max-width: 1280px) 100vw, 1280px\" src=\"data:image\/gif;base64,R0lGODlhAQABAAAAACH5BAEKAAEALAAAAAABAAEAAAICTAEAOw==\" style=\"--smush-placeholder-width: 1280px; --smush-placeholder-aspect-ratio: 1280\/853;\" \/><\/a><\/div><div class=\"vcex-blog-entry-details entry-details wpex-bordered wpex-first-mt-0 wpex-last-mb-0 wpex-clr\"><div class=\"match-height-content\"><h2 class=\"vcex-blog-entry-title entry-title wpex-mb-5\"><a href=\"https:\/\/aspasiatravel.es\/ca\/blog\/motivos-viajar-2021\/\">Motius pels quals viatjar aquest 2021<\/a><\/h2><div class=\"vcex-blog-entry-date entry-date wpex-text-sm wpex-text-gray-600 wpex-mb-5\">20 de maig de 2021<\/div><div class=\"vcex-blog-entry-excerpt entry-excerpt wpex-my-15 wpex-last-mb-0 wpex-clr\"><p>6 MOTIUS PELS QUE VIATJAR AQUEST 2021 AMB ASP\u00c0SIA TRAVEL<\/p><\/div><div class=\"vcex-blog-entry-readmore-wrap entry-readmore-wrap wpex-my-15 wpex-clr\"><a href=\"https:\/\/aspasiatravel.es\/ca\/blog\/motivos-viajar-2021\/\" class=\"theme-button\">read more<\/a><\/div><\/div><\/div><\/div><\/div><div class=\"vcex-blog-entry vcex-grid-item entry-has-details span_1_of_2 col-1 col post-15137 entry type-post has-media cat-164 cat-231 cat-164 post_tag-264 post_tag-266 post_tag-267 post_tag-265 post_tag-263\"><div class=\"vcex-blog-entry-inner entry-inner wpex-first-mt-0 wpex-last-mb-0 wpex-clr\"><div class=\"vcex-blog-entry-media entry-media\"><a href=\"https:\/\/aspasiatravel.es\/ca\/blog\/botiquin-de-primeros-auxilios\/\" title=\"La farmaciola de primers auxilis\"><img decoding=\"async\" width=\"2560\" height=\"1722\" data-src=\"https:\/\/aspasiatravel.es\/wp-content\/uploads\/2019\/07\/susan-holt-simpson-2nSdQEd-Exc-unsplash-scaled.jpg\" class=\"vcex-blog-entry-img wpex-align-middle lazyload\" alt=\"susan holt simpson 2nSdQEd Exc unsplash scaled\" data-srcset=\"https:\/\/aspasiatravel.es\/wp-content\/uploads\/2019\/07\/susan-holt-simpson-2nSdQEd-Exc-unsplash-scaled.jpg 2560w, https:\/\/aspasiatravel.es\/wp-content\/uploads\/2019\/07\/susan-holt-simpson-2nSdQEd-Exc-unsplash-600x404.jpg 600w, https:\/\/aspasiatravel.es\/wp-content\/uploads\/2019\/07\/susan-holt-simpson-2nSdQEd-Exc-unsplash-scaled-300x202.jpg 300w, https:\/\/aspasiatravel.es\/wp-content\/uploads\/2019\/07\/susan-holt-simpson-2nSdQEd-Exc-unsplash-768x517.jpg 768w, https:\/\/aspasiatravel.es\/wp-content\/uploads\/2019\/07\/susan-holt-simpson-2nSdQEd-Exc-unsplash-1024x689.jpg 1024w\" data-sizes=\"auto, (max-width: 2560px) 100vw, 2560px\" src=\"data:image\/gif;base64,R0lGODlhAQABAAAAACH5BAEKAAEALAAAAAABAAEAAAICTAEAOw==\" style=\"--smush-placeholder-width: 2560px; --smush-placeholder-aspect-ratio: 2560\/1722;\" \/><\/a><\/div><div class=\"vcex-blog-entry-details entry-details wpex-bordered wpex-first-mt-0 wpex-last-mb-0 wpex-clr\"><div class=\"match-height-content\"><h2 class=\"vcex-blog-entry-title entry-title wpex-mb-5\"><a href=\"https:\/\/aspasiatravel.es\/ca\/blog\/botiquin-de-primeros-auxilios\/\">La farmaciola de primers auxilis<\/a><\/h2><div class=\"vcex-blog-entry-date entry-date wpex-text-sm wpex-text-gray-600 wpex-mb-5\">2 d'abril de 2019<\/div><div class=\"vcex-blog-entry-excerpt entry-excerpt wpex-my-15 wpex-last-mb-0 wpex-clr\"><p>L'ARMARI DE PRIMERS AUXILIS Cada vegada que preparem la maleta per a la nostra pr\u00f2xima aventura, hi ha un element indispensable que no pot faltar-nos: l'Armari de primers auxilis adaptat a\u2026<\/p><\/div><div class=\"vcex-blog-entry-readmore-wrap entry-readmore-wrap wpex-my-15 wpex-clr\"><a href=\"https:\/\/aspasiatravel.es\/ca\/blog\/botiquin-de-primeros-auxilios\/\" class=\"theme-button\">read more<\/a><\/div><\/div><\/div><\/div><\/div><\/div><\/div>\n\t<div class=\"wpb_text_column wpb_content_element\" >\n\t\t<div class=\"wpb_wrapper\">\n\t\t\t\n\t\t<\/div>\n\t<\/div>\n<\/div><\/div><\/div><div class=\"wpb_column vc_column_container vc_col-sm-3 wpex-vc_col-has-fill\"><div class=\"vc_column-inner vc_custom_1518191515940\"><div class=\"wpb_wrapper\"><div class=\"vc_empty_space\"   style=\"height: 15px\"><span class=\"vc_empty_space_inner\"><\/span><\/div><div class=\"vc_empty_space\"   style=\"height: 15px\"><span class=\"vc_empty_space_inner\"><\/span><\/div><div class=\"vc_empty_space\"   style=\"height: 15px\"><span class=\"vc_empty_space_inner\"><\/span><\/div>\n\t<div class=\"wpb_text_column wpb_content_element\" >\n\t\t<div class=\"wpb_wrapper\">\n\t\t\t<h1 style=\"text-align: center;\"><span style=\"font-size: 28px; color: #333333;\"><strong><span style=\"font-family: book antiqua,palatino;\">\u00cdNDEX DE <\/span><\/strong><\/span><\/h1>\n<h1 style=\"text-align: center;\"><span style=\"font-size: 28px; color: #333333;\"><strong><span style=\"font-family: book antiqua,palatino;\">CONTINGUT<\/span><\/strong><\/span><\/h1>\n\n\t\t<\/div>\n\t<\/div>\n<div class=\"vc_empty_space\"   style=\"height: 15px\"><span class=\"vc_empty_space_inner\"><\/span><\/div><div class=\"vcex-module vcex-bullets vcex-bullets-check\">\n<p style=\"text-align: center\"><span style=\"font-size: 18px\"><a style=\"color: #666\" href=\"http:\/\/aspasiatravel.es\/ca\/blog\/maleta-viajero\/\"><strong>La maleta del viatger<\/strong><\/a><\/span><\/p>\n<\/div><div class=\"vc_row wpb_row vc_inner vc_row-fluid\"><div class=\"wpb_column vc_column_container vc_col-sm-6\"><div class=\"vc_column-inner\"><div class=\"wpb_wrapper\"><div class=\"vcex-module vcex-bullets vcex-bullets-check\">\n<ul>\n<li><span style=\"font-size: 18px\"><a style=\"color: #666\" href=\"http:\/\/aspasiatravel.es\/ca\/blog\/albania-blog\/\"><strong>Alb\u00e0nia<\/strong><\/a><\/span><\/li>\n<li><span style=\"font-size: 18px\"><a style=\"color: #666\" href=\"http:\/\/aspasiatravel.es\/ca\/blog\/armenia-blog\/\"><strong>Arm\u00e8nia<\/strong><\/a><\/span><\/li>\n<li><span style=\"font-size: 18px\"><a style=\"color: #666\" href=\"http:\/\/aspasiatravel.es\/ca\/blog\/azerbaiyan-blog\/\"><strong>Azerbaidjan<\/strong><\/a><\/span><\/li>\n<li><span style=\"font-size: 18px\"><a style=\"color: #666\" href=\"http:\/\/aspasiatravel.es\/ca\/blog\/butan-blog\/\"><strong>Bhutan<\/strong><\/a><\/span><\/li>\n<li><span style=\"font-size: 18px\"><a style=\"color: #666\" href=\"http:\/\/aspasiatravel.es\/ca\/blog\/chile-blog\/\"><strong>Xile<\/strong><\/a><\/span><\/li>\n<li><span style=\"font-size: 18px\"><a style=\"color: #666\" href=\"http:\/\/aspasiatravel.es\/ca\/blog\/china-blog\/\"><strong>Xina<\/strong><\/a><\/span><\/li>\n<li><span style=\"font-size: 18px\"><a style=\"color: #666\" href=\"http:\/\/aspasiatravel.es\/ca\/blog\/japon-blog\/\"><strong>Jap\u00f3<\/strong><\/a><\/span><\/li>\n<li><span style=\"font-size: 18px\"><a style=\"color: #666\" href=\"http:\/\/aspasiatravel.es\/ca\/blog\/etiopia-blog\/\"><strong>Eti\u00f2pia<\/strong><\/a><\/span><\/li>\n<li><span style=\"font-size: 18px\"><a style=\"color: #666\" href=\"http:\/\/aspasiatravel.es\/ca\/blog\/georgia-blog\/\"><strong>Ge\u00f2rgia<\/strong><\/a><\/span><\/li>\n<li><span style=\"font-size: 18px\"><a style=\"color: #666\" href=\"http:\/\/aspasiatravel.es\/ca\/blog\/ecuador-blog\/\"><strong>Equador<\/strong><\/a><\/span><\/li>\n<li><span style=\"font-size: 18px\"><a style=\"color: #666\" href=\"http:\/\/aspasiatravel.es\/ca\/blog\/guatemala-blog\/\"><strong>Guatemala<\/strong><\/a><\/span><\/li>\n<li><span style=\"font-size: 18px\"><a style=\"color: #666\" href=\"http:\/\/aspasiatravel.es\/ca\/blog\/india-blog\/\"><strong>\u00cdndia<\/strong><\/a><\/span><\/li>\n<\/ul>\n<\/div><\/div><\/div><\/div><div class=\"wpb_column vc_column_container vc_col-sm-6\"><div class=\"vc_column-inner\"><div class=\"wpb_wrapper\"><div class=\"vcex-module vcex-bullets vcex-bullets-check\">\n<ul>\n<li><span style=\"font-size: 18px\"><a style=\"color: #666\" href=\"http:\/\/aspasiatravel.es\/ca\/blog\/indonesia-blog\/\"><strong>Indon\u00e8sia<\/strong><\/a><\/span><\/li>\n<li><span style=\"font-size: 18px\"><a style=\"color: #666\" href=\"http:\/\/aspasiatravel.es\/ca\/blog\/iran-blog\/\"><strong>Iran<\/strong><\/a><\/span><\/li>\n<li><span style=\"font-size: 18px\"><a style=\"color: #666\" href=\"http:\/\/aspasiatravel.es\/ca\/blog\/jordania-blog\/\"><strong>Jord\u00e0nia<\/strong><\/a><\/span><\/li>\n<li><span style=\"font-size: 18px\"><a style=\"color: #666\" href=\"http:\/\/aspasiatravel.es\/ca\/blog\/malasia-blog\/\"><strong>Mal\u00e0isia<\/strong><\/a><\/span><\/li>\n<li><span style=\"font-size: 18px\"><a style=\"color: #666\" href=\"http:\/\/aspasiatravel.es\/ca\/blog\/myanmar-blog\/\"><strong>Myanmar<\/strong><\/a><\/span><\/li>\n<li><span style=\"font-size: 18px\"><a style=\"color: #666\" href=\"http:\/\/aspasiatravel.es\/ca\/blog\/oman-blog\/\"><strong>Oman<\/strong><\/a><\/span><\/li>\n<li><span style=\"font-size: 18px\"><a style=\"color: #666\" href=\"http:\/\/aspasiatravel.es\/ca\/blog\/peru-blog\/\"><strong>Per\u00fa<\/strong><\/a><\/span><\/li>\n<li><span style=\"font-size: 18px\"><a style=\"color: #666\" href=\"http:\/\/aspasiatravel.es\/ca\/blog\/rusia-blog\/\"><strong>R\u00fassia<\/strong><\/a><\/span><\/li>\n<li><span style=\"font-size: 18px\"><a style=\"color: #666\" href=\"http:\/\/aspasiatravel.es\/ca\/blog\/sri-lanka-blog\/\"><strong>Sri Lanka<\/strong><\/a><\/span><\/li>\n<li><span style=\"font-size: 18px\"><a style=\"color: #666\" href=\"http:\/\/aspasiatravel.es\/ca\/blog\/sudan-blog\/\"><strong>Sudan<\/strong><\/a><\/span><\/li>\n<li><span style=\"font-size: 18px\"><a style=\"color: #666\" href=\"http:\/\/aspasiatravel.es\/ca\/blog\/uzbekistan-blog\/\"><strong>Uzbekistan<\/strong><\/a><\/span><\/li>\n<li><span style=\"font-size: 18px\"><a style=\"color: #666\" href=\"http:\/\/aspasiatravel.es\/ca\/blog\/vietnam-blog\/\"><strong>Vietnam <\/strong><\/a><\/span><\/li>\n<\/ul>\n<\/div><\/div><\/div><\/div><\/div><\/div><\/div><\/div><\/div>\n<\/div>","protected":false},"excerpt":{"rendered":"EL BOTIQU\u00cdN DE PRIMEROS AUXILIOS Cada vez que preparamos la maleta para nuestra pr\u00f3xima aventura, existe un elemento indispensable que no puede faltarnos: el Botiqu\u00edn de primeros auxilios adaptado a nuestro viaje. Debemos tener presente que, cuando nos encontramos disfrutando de nuestras vacaciones, el pa\u00eds al que viajamos no disponga de las facilidades que tenemos&hellip;","protected":false},"author":90,"featured_media":0,"parent":10576,"menu_order":0,"comment_status":"open","ping_status":"closed","template":"","meta":{"footnotes":""},"class_list":["post-12449","page","type-page","status-publish","hentry","entry","has-media"],"_links":{"self":[{"href":"https:\/\/aspasiatravel.es\/ca\/wp-json\/wp\/v2\/pages\/12449","targetHints":{"allow":["GET"]}}],"collection":[{"href":"https:\/\/aspasiatravel.es\/ca\/wp-json\/wp\/v2\/pages"}],"about":[{"href":"https:\/\/aspasiatravel.es\/ca\/wp-json\/wp\/v2\/types\/page"}],"author":[{"embeddable":true,"href":"https:\/\/aspasiatravel.es\/ca\/wp-json\/wp\/v2\/users\/90"}],"replies":[{"embeddable":true,"href":"https:\/\/aspasiatravel.es\/ca\/wp-json\/wp\/v2\/comments?post=12449"}],"version-history":[{"count":0,"href":"https:\/\/aspasiatravel.es\/ca\/wp-json\/wp\/v2\/pages\/12449\/revisions"}],"up":[{"embeddable":true,"href":"https:\/\/aspasiatravel.es\/ca\/wp-json\/wp\/v2\/pages\/10576"}],"wp:attachment":[{"href":"https:\/\/aspasiatravel.es\/ca\/wp-json\/wp\/v2\/media?parent=12449"}],"curies":[{"name":"wp","href":"https:\/\/api.w.org\/{rel}","templated":true}]}}