{"id":16325,"date":"2020-01-20T14:02:34","date_gmt":"2020-01-20T13:02:34","guid":{"rendered":"http:\/\/aspasiatravel.es\/?page_id=16325"},"modified":"2025-08-28T13:47:39","modified_gmt":"2025-08-28T11:47:39","slug":"agencias","status":"publish","type":"page","link":"https:\/\/aspasiatravel.es\/ca\/agencias\/","title":{"rendered":"Alta d'ag\u00e8ncies"},"content":{"rendered":"<div class=\"wpb-content-wrapper\"><div class=\"vc_row wpb_row vc_row-fluid\"><div class=\"wpb_column vc_column_container vc_col-sm-12\"><div class=\"vc_column-inner\"><div class=\"wpb_wrapper\"><div class=\"vc_empty_space\"   style=\"height: 7px\"><span class=\"vc_empty_space_inner\"><\/span><\/div><\/div><\/div><\/div><\/div><div class=\"vc_row wpb_row vc_row-fluid vc_custom_1579083825058 wpex-vc_row-has-fill wpex-vc-reset-negative-margin\"><div class=\"wpb_column vc_column_container vc_col-sm-12\"><div class=\"vc_column-inner\"><div class=\"wpb_wrapper\"><div class=\"vc_empty_space\"   style=\"height: 32px\"><span class=\"vc_empty_space_inner\"><\/span><\/div>\n\t<div class=\"wpb_text_column wpb_content_element\" >\n\t\t<div class=\"wpb_wrapper\">\n\t\t\t<p><span style=\"font-size: 30px; margin-bottom: 20px;\"><i class=\"fa fa-info-circle\"><\/i> Alta d'Ag\u00e8ncies<\/span><\/p>\n<div id=\"gtx-trans\" style=\"position: absolute; left: 390px; top: 56.2px;\">\n<div class=\"gtx-trans-icon\"><\/div>\n<\/div>\n\n\t\t<\/div>\n\t<\/div>\n\n\t<div class=\"wpb_text_column wpb_content_element\" >\n\t\t<div class=\"wpb_wrapper\">\n\t\t\t<h3>Tens una ag\u00e8ncia de viatges? Registra't a la nostra plataforma d'ag\u00e8ncies i comen\u00e7a a oferir als teus clients els millors viatges.<\/h3>\n<h5>Per donar-se d'alta, ompliu el seg\u00fcent formulari:<\/h5>\n\n\t\t<\/div>\n\t<\/div>\n<div class=\"vc_empty_space\"   style=\"height: 5px\"><span class=\"vc_empty_space_inner\"><\/span><\/div>\n<div class=\"wpcf7 no-js\" id=\"wpcf7-f195-o1\" lang=\"es-ES\" dir=\"ltr\" data-wpcf7-id=\"195\">\n<div class=\"screen-reader-response\"><p role=\"status\" aria-live=\"polite\" aria-atomic=\"true\"><\/p> <ul><\/ul><\/div>\n<form action=\"\/ca\/wp-json\/wp\/v2\/pages\/16325#wpcf7-f195-o1\" method=\"post\" class=\"wpcf7-form init\" aria-label=\"Formulari de contacte\" novalidate=\"novalidate\" data-status=\"init\" data-trp-original-action=\"\/ca\/wp-json\/wp\/v2\/pages\/16325#wpcf7-f195-o1\">\n<fieldset class=\"hidden-fields-container\"><input type=\"hidden\" name=\"_wpcf7\" value=\"195\" \/><input type=\"hidden\" name=\"_wpcf7_version\" value=\"6.1.1\" \/><input type=\"hidden\" name=\"_wpcf7_locale\" value=\"es_ES\" \/><input type=\"hidden\" name=\"_wpcf7_unit_tag\" value=\"wpcf7-f195-o1\" \/><input type=\"hidden\" name=\"_wpcf7_container_post\" value=\"0\" \/><input type=\"hidden\" name=\"_wpcf7_posted_data_hash\" value=\"\" \/><input type=\"hidden\" name=\"_wpcf7dtx_version\" value=\"5.0.3\" \/><input type=\"hidden\" name=\"_wpcf7_recaptcha_response\" value=\"\" \/>\n<\/fieldset>\n<div class=\"flotarmargen_pais_a\">\n\t<p><span class=\"wpcf7-form-control-wrap\" data-name=\"your-name\"><input size=\"40\" maxlength=\"400\" class=\"wpcf7-form-control wpcf7-text wpcf7-validates-as-required\" aria-required=\"true\" aria-invalid=\"false\" placeholder=\"Nom i cognoms*\" value=\"\" type=\"text\" name=\"your-name\" \/><\/span>\n\t<\/p>\n\t<p><span class=\"wpcf7-form-control-wrap\" data-name=\"your-email\"><input size=\"40\" maxlength=\"400\" class=\"wpcf7-form-control wpcf7-email wpcf7-validates-as-required wpcf7-text wpcf7-validates-as-email\" aria-required=\"true\" aria-invalid=\"false\" placeholder=\"Email*\" value=\"\" type=\"email\" name=\"your-email\" \/><\/span>\n\t<\/p>\n\t<p><span class=\"wpcf7-form-control-wrap\" data-name=\"your-phone\"><input size=\"40\" maxlength=\"400\" class=\"wpcf7-form-control wpcf7-text wpcf7-validates-as-required\" aria-required=\"true\" aria-invalid=\"false\" placeholder=\"Tel\u00e8fon*\" value=\"\" type=\"text\" name=\"your-phone\" \/><\/span>\n\t<\/p>\n\t<p><span class=\"wpcf7-form-control-wrap\" data-name=\"your-destination\"><input size=\"40\" maxlength=\"400\" class=\"wpcf7-form-control wpcf7-text wpcf7-validates-as-required\" aria-required=\"true\" aria-invalid=\"false\" placeholder=\"Prov\u00edncia de resid\u00e8ncia*\" value=\"\" type=\"text\" name=\"your-destination\" \/><\/span>\n\t<\/p>\n<\/div>\n<div class=\"flotarmargen_pais_b\">\n\t<p><span class=\"wpcf7-form-control-wrap\" data-name=\"your-city\"><input size=\"40\" maxlength=\"400\" class=\"wpcf7-form-control wpcf7-text\" aria-invalid=\"false\" placeholder=\"Ciutat de sortida\" value=\"\" type=\"text\" name=\"your-city\" \/><\/span>\n\t<\/p>\n\t<p><span class=\"wpcf7-form-control-wrap\" data-name=\"your-personas\"><input size=\"40\" maxlength=\"400\" class=\"wpcf7-form-control wpcf7-text\" aria-invalid=\"false\" placeholder=\"Nombre de persones\" value=\"\" type=\"text\" name=\"your-personas\" \/><\/span>\n\t<\/p>\n\t<p><span class=\"wpcf7-form-control-wrap\" data-name=\"your-date\"><input size=\"40\" maxlength=\"400\" class=\"wpcf7-form-control wpcf7-text\" aria-invalid=\"false\" placeholder=\"Data aproximada del viatge\" value=\"\" type=\"text\" name=\"your-date\" \/><\/span>\n\t<\/p>\n\t<p><span class=\"wpcf7-form-control-wrap\" data-name=\"your-destination\"><input size=\"40\" maxlength=\"400\" class=\"wpcf7-form-control wpcf7-text wpcf7-validates-as-required\" aria-required=\"true\" aria-invalid=\"false\" placeholder=\"Destinaci\u00f3*\" value=\"\" type=\"text\" name=\"your-destination\" \/><\/span>\n\t<\/p>\n<\/div>\n<p>&nbsp;<br \/>\nCom ens has conegut? &nbsp; <span class=\"wpcf7-form-control-wrap\" data-name=\"your-info\"><span class=\"wpcf7-form-control wpcf7-checkbox\"><span class=\"wpcf7-list-item first\"><label><input type=\"checkbox\" name=\"your-info[]\" value=\"Internet\" \/><span class=\"wpcf7-list-item-label\">Internet<\/span><\/label><\/span><span class=\"wpcf7-list-item\"><label><input type=\"checkbox\" name=\"your-info[]\" value=\"Recomendaci\u00f3n\" \/><span class=\"wpcf7-list-item-label\">Recomanaci\u00f3<\/span><\/label><\/span><span class=\"wpcf7-list-item last\"><label><input type=\"checkbox\" name=\"your-info[]\" value=\"Somos clientes\" \/><span class=\"wpcf7-list-item-label\">Som clients<\/span><\/label><\/span><\/span><\/span><br \/>\n<br \/>\n<span class=\"wpcf7-form-control-wrap\" data-name=\"your-message\"><textarea cols=\"40\" rows=\"4\" maxlength=\"2000\" class=\"wpcf7-form-control wpcf7-textarea\" aria-invalid=\"false\" placeholder=\"Consulta\" name=\"your-message\"><\/textarea><\/span>\n<\/p>\n<div style=\"display: inline-table;width: 100%;\">\n\t<p style=\"float:left;><span class=\"wpcf7-form-control-wrap\" data-name=\"acceptance-389\"><span class=\"wpcf7-form-control wpcf7-acceptance\"><span class=\"wpcf7-list-item\"><input type=\"checkbox\" name=\"acceptance-389\" value=\"1\" checked=\"checked\" aria-invalid=\"false\" \/><\/span><\/span><\/span> Accepto els <a href=\"\/ca\/legal-advice\/\">termes i condicions.<\/a>\n\t<\/p>\n\t<p style=\"float: right;\"><input class=\"wpcf7-form-control wpcf7-submit has-spinner\" type=\"submit\" value=\"Enviar\" \/>\n\t<\/p>\n<\/div>\n<div class=\"wpcf7-response-output\" aria-hidden=\"true\"><\/div>\n<input type=\"hidden\" name=\"trp-form-language\" value=\"ca\"\/><\/form>\n<\/div>\n<\/div><\/div><\/div><\/div>\n<\/div>","protected":false},"excerpt":{"rendered":"Alta de Agencias \u00bfTienes una agencia de viajes? Reg\u00edstrate en nuestra plataforma de agencias y empieza a ofrecer a tus clientes los mejores viajes. Para darse de alta, rellene el siguiente formulario: &nbsp; \u00bfC\u00f3mo nos has conocido? &nbsp; InternetRecomendaci\u00f3nSomos clientes","protected":false},"author":90,"featured_media":0,"parent":0,"menu_order":0,"comment_status":"closed","ping_status":"closed","template":"templates\/no-sidebar.php","meta":{"footnotes":""},"class_list":["post-16325","page","type-page","status-publish","hentry","entry","no-media"],"_links":{"self":[{"href":"https:\/\/aspasiatravel.es\/ca\/wp-json\/wp\/v2\/pages\/16325","targetHints":{"allow":["GET"]}}],"collection":[{"href":"https:\/\/aspasiatravel.es\/ca\/wp-json\/wp\/v2\/pages"}],"about":[{"href":"https:\/\/aspasiatravel.es\/ca\/wp-json\/wp\/v2\/types\/page"}],"author":[{"embeddable":true,"href":"https:\/\/aspasiatravel.es\/ca\/wp-json\/wp\/v2\/users\/90"}],"replies":[{"embeddable":true,"href":"https:\/\/aspasiatravel.es\/ca\/wp-json\/wp\/v2\/comments?post=16325"}],"version-history":[{"count":0,"href":"https:\/\/aspasiatravel.es\/ca\/wp-json\/wp\/v2\/pages\/16325\/revisions"}],"wp:attachment":[{"href":"https:\/\/aspasiatravel.es\/ca\/wp-json\/wp\/v2\/media?parent=16325"}],"curies":[{"name":"wp","href":"https:\/\/api.w.org\/{rel}","templated":true}]}}