{"id":24067,"date":"2024-04-03T11:45:22","date_gmt":"2024-04-03T09:45:22","guid":{"rendered":"http:\/\/aspasiatravel.es\/?page_id=24067"},"modified":"2026-03-09T17:31:49","modified_gmt":"2026-03-09T16:31:49","slug":"china-verano-2026","status":"publish","type":"page","link":"https:\/\/aspasiatravel.es\/ca\/china-verano-2026\/","title":{"rendered":"Xina Estiu 2026"},"content":{"rendered":"<div class=\"wpb-content-wrapper\"><div class=\"vc_row wpb_row vc_row-fluid\"><div class=\"wpb_column vc_column_container vc_col-sm-12\"><div class=\"vc_column-inner\"><div class=\"wpb_wrapper\"><div class=\"vc_empty_space\"   style=\"height: 30px\"><span class=\"vc_empty_space_inner\"><\/span><\/div><\/div><\/div><\/div><\/div><div class=\"vc_row wpb_row vc_row-fluid anchofijo\"><div class=\"wpb_column vc_column_container vc_col-sm-8\"><div class=\"vc_column-inner\"><div class=\"wpb_wrapper\"><div class=\"vc_row wpb_row vc_inner vc_row-fluid\"><div class=\"wpb_column vc_column_container vc_col-sm-12\"><div class=\"vc_column-inner\"><div class=\"wpb_wrapper\">\n\t<div class=\"wpb_text_column wpb_content_element\" >\n\t\t<div class=\"wpb_wrapper\">\n\t\t\t<h3><strong>Viatges a la Xina: Estiu de 2026<\/strong><\/h3>\n<p>Aspasia Travel ofereix una \u00e0mplia gamma d'itineraris per a l'estiu de 2026. A m\u00e9s de les nostres sortides anuals habituals, oferim viatges espec\u00edfics a la Xina amb sortides garantides l'estiu de 2026 des dels principals aeroports d'Espanya.<\/p>\n<p><strong>ELS NOSTRES VISITES a la Xina 2026 inclouen: v<\/strong><strong>vols i allotjament en r\u00e8gim de Mitja Pensi\u00f3. Guia acompanyant de parla hispana durant tot el recorregut. Totes les entrades i visites als llocs detallats a la ruta.<\/strong><\/p>\n<h4><span style=\"text-decoration: underline;\">Sortides planificades per a viatges a la Xina a l'estiu del 2026<\/span><\/h4>\n<ul>\n<li><strong>9\u201319 de setembre: <\/strong><a href=\"https:\/\/aspasiatravel.es\/ca\/china\/ciudades-imperiales-beijing\/\">Ciutats Imperials de la Xina, viatge de grup<\/a><\/li>\n<\/ul>\n<p>Disposem de SORTIDES SETMANALS GARANTIDES en altres dates. Consulteu-nos.<\/p>\n\n\t\t<\/div>\n\t<\/div>\n<\/div><\/div><\/div><\/div><div class=\"vc_row wpb_row vc_inner vc_row-fluid\"><div class=\"wpb_column vc_column_container vc_col-sm-12\"><div class=\"vc_column-inner\"><div class=\"wpb_wrapper\">\n\t<div class=\"wpb_text_column wpb_content_element titulodestascados\" >\n\t\t<div class=\"wpb_wrapper\">\n\t\t\t<h3 style=\"font-weight: 300; text-transform: none;\"><i class=\"fa fa-bookmark\"><\/i>\u00a0Ofertes de vacances d'estiu de 2026 a la Xina<\/h3>\n\n\t\t<\/div>\n\t<\/div>\n<\/div><\/div><\/div><\/div><div class=\"vcex-module wpex-carousel wpex-carousel-blog wpex-clr owl-carousel arrwstyle-default\" data-wpex-carousel=\"{&quot;nav&quot;:true,&quot;dots&quot;:false,&quot;autoplay&quot;:false,&quot;loop&quot;:false,&quot;center&quot;:false,&quot;smartSpeed&quot;:250,&quot;items&quot;:3,&quot;slideBy&quot;:1,&quot;autoplayTimeout&quot;:5000,&quot;margin&quot;:20,&quot;itemsTablet&quot;:3,&quot;itemsMobileLandscape&quot;:2,&quot;itemsMobilePortrait&quot;:1,&quot;autoWidth&quot;:false,&quot;autoHeight&quot;:false}\"><div class=\"wpex-carousel-slide wpex-clr has-media\"><div class=\"wpex-carousel-entry-media entry-media\"><a href=\"https:\/\/aspasiatravel.es\/ca\/china\/ciudades-imperiales-beijing\/\" title=\"Xina, ciutats imperials\" class=\"wpex-carousel-entry-img\"><img decoding=\"async\" data-no-lazy=\"1\" class=\"wpex-align-middle skip-lazy\" src=\"https:\/\/aspasiatravel.es\/wp-content\/uploads\/2018\/01\/Viaje-a-China-Xian-270x148.jpg\" alt=\"Viaje A China Xian\" width=\"270\" height=\"148\"><\/a><\/div><div class=\"extrainfo\">\n\t\t\t\t\t\t\t<div class=\"duracion\" style=\"float:left;\">\n\t\t\t\t\t\t\t<i class=\"fa fa-clock-o\"><\/i> 10D - 7N<\/div>\n\t\t\t\t\t\t\t<div class=\"precio\" style=\"float:right\">\n\t\t\t\t\t\t\t<span style=\"font-size:11px;\">Des de<\/span><\/br><strong>2.475\u20ac+tax<\/strong>\n\t\t\t\t\t\t\t<\/div>\n\t\t\t\t\t\t\t<\/div><div class=\"wpex-carousel-entry-details entry-details wpex-boxed wpex-first-mt-0 wpex-last-mb-0 wpex-clr\"><div class=\"wpex-carousel-entry-title entry-title wpex-mb-5\"><a href=\"https:\/\/aspasiatravel.es\/ca\/china\/ciudades-imperiales-beijing\/\">Xina, ciutats imperials<\/a><\/div>Salida en grupo reducido del 09 al 19 de septiembre de 2026. Ruta por las ciudades imperiales de China: Beijing y la Gran Muralla China, Xian y la magia del antiguo Imperio y Shangh?<\/div><\/div><\/div><div class=\"vc_empty_space\"   style=\"height: 32px\"><span class=\"vc_empty_space_inner\"><\/span><\/div><div class=\"vc_row wpb_row vc_inner vc_row-fluid\"><div class=\"wpb_column icon_presu vc_column_container vc_col-sm-12 typography-light\"><div class=\"vc_column-inner\"><div class=\"wpb_wrapper\">\n\t<div class=\"wpb_text_column wpb_content_element\" >\n\t\t<div class=\"wpb_wrapper\">\n\t\t\t<p><span style=\"font-size: 30px; margin-bottom: 20px;\"><i class=\"fa fa-info-circle\"><\/i> Sol\u00b7licita informaci\u00f3<\/span><\/p>\n\n\t\t<\/div>\n\t<\/div>\n<div class=\"vc_empty_space\"   style=\"height: 20px\"><span class=\"vc_empty_space_inner\"><\/span><\/div>\n<div class=\"wpcf7 no-js\" id=\"wpcf7-f195-o1\" lang=\"es-ES\" dir=\"ltr\" data-wpcf7-id=\"195\">\n<div class=\"screen-reader-response\"><p role=\"status\" aria-live=\"polite\" aria-atomic=\"true\"><\/p> <ul><\/ul><\/div>\n<form action=\"\/ca\/wp-json\/wp\/v2\/pages\/24067#wpcf7-f195-o1\" method=\"post\" class=\"wpcf7-form init\" aria-label=\"Formulari de contacte\" novalidate=\"novalidate\" data-status=\"init\" data-trp-original-action=\"\/ca\/wp-json\/wp\/v2\/pages\/24067#wpcf7-f195-o1\">\n<fieldset class=\"hidden-fields-container\"><input type=\"hidden\" name=\"_wpcf7\" value=\"195\" \/><input type=\"hidden\" name=\"_wpcf7_version\" value=\"6.1.1\" \/><input type=\"hidden\" name=\"_wpcf7_locale\" value=\"es_ES\" \/><input type=\"hidden\" name=\"_wpcf7_unit_tag\" value=\"wpcf7-f195-o1\" \/><input type=\"hidden\" name=\"_wpcf7_container_post\" value=\"0\" \/><input type=\"hidden\" name=\"_wpcf7_posted_data_hash\" value=\"\" \/><input type=\"hidden\" name=\"_wpcf7dtx_version\" value=\"5.0.3\" \/><input type=\"hidden\" name=\"_wpcf7_recaptcha_response\" value=\"\" \/>\n<\/fieldset>\n<div class=\"flotarmargen_pais_a\">\n\t<p><span class=\"wpcf7-form-control-wrap\" data-name=\"your-name\"><input size=\"40\" maxlength=\"400\" class=\"wpcf7-form-control wpcf7-text wpcf7-validates-as-required\" aria-required=\"true\" aria-invalid=\"false\" placeholder=\"Nom i cognoms*\" value=\"\" type=\"text\" name=\"your-name\" \/><\/span>\n\t<\/p>\n\t<p><span class=\"wpcf7-form-control-wrap\" data-name=\"your-email\"><input size=\"40\" maxlength=\"400\" class=\"wpcf7-form-control wpcf7-email wpcf7-validates-as-required wpcf7-text wpcf7-validates-as-email\" aria-required=\"true\" aria-invalid=\"false\" placeholder=\"Email*\" value=\"\" type=\"email\" name=\"your-email\" \/><\/span>\n\t<\/p>\n\t<p><span class=\"wpcf7-form-control-wrap\" data-name=\"your-phone\"><input size=\"40\" maxlength=\"400\" class=\"wpcf7-form-control wpcf7-text wpcf7-validates-as-required\" aria-required=\"true\" aria-invalid=\"false\" placeholder=\"Tel\u00e8fon*\" value=\"\" type=\"text\" name=\"your-phone\" \/><\/span>\n\t<\/p>\n\t<p><span class=\"wpcf7-form-control-wrap\" data-name=\"your-destination\"><input size=\"40\" maxlength=\"400\" class=\"wpcf7-form-control wpcf7-text wpcf7-validates-as-required\" aria-required=\"true\" aria-invalid=\"false\" placeholder=\"Prov\u00edncia de resid\u00e8ncia*\" value=\"\" type=\"text\" name=\"your-destination\" \/><\/span>\n\t<\/p>\n<\/div>\n<div class=\"flotarmargen_pais_b\">\n\t<p><span class=\"wpcf7-form-control-wrap\" data-name=\"your-city\"><input size=\"40\" maxlength=\"400\" class=\"wpcf7-form-control wpcf7-text\" aria-invalid=\"false\" placeholder=\"Ciutat de sortida\" value=\"\" type=\"text\" name=\"your-city\" \/><\/span>\n\t<\/p>\n\t<p><span class=\"wpcf7-form-control-wrap\" data-name=\"your-personas\"><input size=\"40\" maxlength=\"400\" class=\"wpcf7-form-control wpcf7-text\" aria-invalid=\"false\" placeholder=\"Nombre de persones\" value=\"\" type=\"text\" name=\"your-personas\" \/><\/span>\n\t<\/p>\n\t<p><span class=\"wpcf7-form-control-wrap\" data-name=\"your-date\"><input size=\"40\" maxlength=\"400\" class=\"wpcf7-form-control wpcf7-text\" aria-invalid=\"false\" placeholder=\"Data aproximada del viatge\" value=\"\" type=\"text\" name=\"your-date\" \/><\/span>\n\t<\/p>\n\t<p><span class=\"wpcf7-form-control-wrap\" data-name=\"your-destination\"><input size=\"40\" maxlength=\"400\" class=\"wpcf7-form-control wpcf7-text wpcf7-validates-as-required\" aria-required=\"true\" aria-invalid=\"false\" placeholder=\"Destinaci\u00f3*\" value=\"\" type=\"text\" name=\"your-destination\" \/><\/span>\n\t<\/p>\n<\/div>\n<p>&nbsp;<br \/>\nCom ens has conegut? &nbsp; <span class=\"wpcf7-form-control-wrap\" data-name=\"your-info\"><span class=\"wpcf7-form-control wpcf7-checkbox\"><span class=\"wpcf7-list-item first\"><label><input type=\"checkbox\" name=\"your-info[]\" value=\"Internet\" \/><span class=\"wpcf7-list-item-label\">Internet<\/span><\/label><\/span><span class=\"wpcf7-list-item\"><label><input type=\"checkbox\" name=\"your-info[]\" value=\"Recomendaci\u00f3n\" \/><span class=\"wpcf7-list-item-label\">Recomanaci\u00f3<\/span><\/label><\/span><span class=\"wpcf7-list-item last\"><label><input type=\"checkbox\" name=\"your-info[]\" value=\"Somos clientes\" \/><span class=\"wpcf7-list-item-label\">Som clients<\/span><\/label><\/span><\/span><\/span><br \/>\n<br \/>\n<span class=\"wpcf7-form-control-wrap\" data-name=\"your-message\"><textarea cols=\"40\" rows=\"4\" maxlength=\"2000\" class=\"wpcf7-form-control wpcf7-textarea\" aria-invalid=\"false\" placeholder=\"Consulta\" name=\"your-message\"><\/textarea><\/span>\n<\/p>\n<div style=\"display: inline-table;width: 100%;\">\n\t<p style=\"float:left;><span class=\"wpcf7-form-control-wrap\" data-name=\"acceptance-389\"><span class=\"wpcf7-form-control wpcf7-acceptance\"><span class=\"wpcf7-list-item\"><input type=\"checkbox\" name=\"acceptance-389\" value=\"1\" checked=\"checked\" aria-invalid=\"false\" \/><\/span><\/span><\/span> Accepto els <a href=\"\/ca\/legal-advice\/\">termes i condicions.<\/a>\n\t<\/p>\n\t<p style=\"float: right;\"><input class=\"wpcf7-form-control wpcf7-submit has-spinner\" type=\"submit\" value=\"Enviar\" \/>\n\t<\/p>\n<\/div>\n<div class=\"wpcf7-response-output\" aria-hidden=\"true\"><\/div>\n<input type=\"hidden\" name=\"trp-form-language\" value=\"ca\"\/><\/form>\n<\/div>\n<\/div><\/div><\/div><\/div><\/div><\/div><\/div><div class=\"wpb_column columnaficha vc_column_container vc_col-sm-4 bordered-column\"><div style=\"padding-top: 0;padding-bottom: 20px;padding-right: 20px;padding-left: 20px;background-color: #e5e5e5;\" class=\"vc_column-inner\"><div class=\"wpb_wrapper\"><div class=\"vc_empty_space\"   style=\"height: 20px\"><span class=\"vc_empty_space_inner\"><\/span><\/div><div class=\"wpb_gmaps_widget wpb_content_element vc_map_responsive\"><div class=\"wpb_wrapper\"><div class=\"wpb_map_wraper\"><iframe src=\"https:\/\/www.google.com\/maps\/embed?pb=!1m18!1m12!1m3!1d26937727.20763943!2d86.05816691136921!3d34.495359677602146!2m3!1f0!2f0!3f0!3m2!1i1024!2i768!4f13.1!3m3!1m2!1s0x31508e64e5c642c1%3A0x951daa7c349f366f!2sXina!5e0!3m2!1sca!2ses!4v1488215459849\" width=\"600\" height=\"450\" frameborder=\"0\" style=\"border:0\" allowfullscreen><\/iframe><\/div><\/div><\/div>\n\t<div class=\"wpb_text_column wpb_content_element\" >\n\t\t<div class=\"wpb_wrapper\">\n\t\t\t<h3><i class=\"fa fa-camera\"><\/i> Galeria<\/h3>\n\n\t\t<\/div>\n\t<\/div>\n<div class=\"vcex-image-grid-wrap wpex-clr\"><div class=\"vcex-module vcex-image-grid wpex-clr grid-style-default wpex-row wpex-lightbox-group\"><div class=\"id-11643 vcex-image-grid-entry vcex-grid-item textcenter span_1_of_4 col col-1\"><figure class=\"vcex-image-grid-entry-figure wpex-last-mb-0 wpex-clr\"><div class=\"vcex-image-grid-entry-img entry-media wpex-image-hover grow wpex-mb-20\"><a href=\"https:\/\/aspasiatravel.es\/wp-content\/uploads\/2018\/01\/Fam-China-NOV16-102-3000x2000-scaled.jpg\" class=\"vcex-image-grid-entry-img wpex-lightbox-group-item\" data-title=\"Fam China NOV16 102 3000x2000 scaled\" data-caption=\"Fam China NOV16 102 3000x2000 scaled\"><img decoding=\"async\" class=\"wpex-align-middle lazyload\" alt=\"Fam China NOV16 102 3000x2000 Scaled\" data-src=\"https:\/\/aspasiatravel.es\/wp-content\/uploads\/2018\/01\/Fam-China-NOV16-102-3000x2000-scaled-73x56.jpg\" width=\"73\" height=\"56\" src=\"data:image\/gif;base64,R0lGODlhAQABAAAAACH5BAEKAAEALAAAAAABAAEAAAICTAEAOw==\" style=\"--smush-placeholder-width: 73px; --smush-placeholder-aspect-ratio: 73\/56;\"><\/a><\/div><\/figure><\/div><div class=\"id-15712 vcex-image-grid-entry vcex-grid-item textcenter span_1_of_4 col col-2\"><figure class=\"vcex-image-grid-entry-figure wpex-last-mb-0 wpex-clr\"><div class=\"vcex-image-grid-entry-img entry-media wpex-image-hover grow wpex-mb-20\"><a href=\"https:\/\/aspasiatravel.es\/wp-content\/uploads\/2019\/10\/Viajes-con-profesor-a-China.jpg\" class=\"vcex-image-grid-entry-img wpex-lightbox-group-item\" data-title=\"Viajes con profesor a China\" data-caption=\"Viajes con profesor a China\"><img decoding=\"async\" class=\"wpex-align-middle lazyload\" alt=\"Viajes Con Profesor A China\" data-src=\"https:\/\/aspasiatravel.es\/wp-content\/uploads\/2019\/10\/Viajes-con-profesor-a-China-73x56.jpg\" width=\"73\" height=\"56\" src=\"data:image\/gif;base64,R0lGODlhAQABAAAAACH5BAEKAAEALAAAAAABAAEAAAICTAEAOw==\" style=\"--smush-placeholder-width: 73px; --smush-placeholder-aspect-ratio: 73\/56;\"><\/a><\/div><\/figure><\/div><div class=\"id-11632 vcex-image-grid-entry vcex-grid-item textcenter span_1_of_4 col col-3\"><figure class=\"vcex-image-grid-entry-figure wpex-last-mb-0 wpex-clr\"><div class=\"vcex-image-grid-entry-img entry-media wpex-image-hover grow wpex-mb-20\"><a href=\"https:\/\/aspasiatravel.es\/wp-content\/uploads\/2018\/01\/Viaje-a-China-Templo-del-Cielo.jpg\" class=\"vcex-image-grid-entry-img wpex-lightbox-group-item\" data-title=\"Viaje a China Templo del Cielo\" data-caption=\"Viaje a China Templo del Cielo\"><img decoding=\"async\" class=\"wpex-align-middle lazyload\" alt=\"Viaje A China Templo Del Cielo\" data-src=\"https:\/\/aspasiatravel.es\/wp-content\/uploads\/2018\/01\/Viaje-a-China-Templo-del-Cielo-73x56.jpg\" width=\"73\" height=\"56\" src=\"data:image\/gif;base64,R0lGODlhAQABAAAAACH5BAEKAAEALAAAAAABAAEAAAICTAEAOw==\" style=\"--smush-placeholder-width: 73px; --smush-placeholder-aspect-ratio: 73\/56;\"><\/a><\/div><\/figure><\/div><div class=\"id-1803 vcex-image-grid-entry vcex-grid-item textcenter span_1_of_4 col col-4\"><figure class=\"vcex-image-grid-entry-figure wpex-last-mb-0 wpex-clr\"><div class=\"vcex-image-grid-entry-img entry-media wpex-image-hover grow wpex-mb-20\"><a href=\"https:\/\/aspasiatravel.es\/wp-content\/uploads\/2015\/01\/china_002.jpg\" class=\"vcex-image-grid-entry-img wpex-lightbox-group-item\" data-title=\"china 002\" data-caption=\"China\"><img decoding=\"async\" class=\"wpex-align-middle lazyload\" alt=\"China 002\" data-src=\"https:\/\/aspasiatravel.es\/wp-content\/uploads\/2015\/01\/china_002-73x56.jpg\" width=\"73\" height=\"56\" src=\"data:image\/gif;base64,R0lGODlhAQABAAAAACH5BAEKAAEALAAAAAABAAEAAAICTAEAOw==\" style=\"--smush-placeholder-width: 73px; --smush-placeholder-aspect-ratio: 73\/56;\"><\/a><\/div><\/figure><\/div><div class=\"id-1802 vcex-image-grid-entry vcex-grid-item textcenter span_1_of_4 col col-1\"><figure class=\"vcex-image-grid-entry-figure wpex-last-mb-0 wpex-clr\"><div class=\"vcex-image-grid-entry-img entry-media wpex-image-hover grow wpex-mb-20\"><a href=\"https:\/\/aspasiatravel.es\/wp-content\/uploads\/2015\/01\/china_001.jpg\" class=\"vcex-image-grid-entry-img wpex-lightbox-group-item\" data-title=\"china 001\" data-caption=\"china 001\"><img decoding=\"async\" class=\"wpex-align-middle lazyload\" alt=\"China 001\" data-src=\"https:\/\/aspasiatravel.es\/wp-content\/uploads\/2015\/01\/china_001-73x56.jpg\" width=\"73\" height=\"56\" src=\"data:image\/gif;base64,R0lGODlhAQABAAAAACH5BAEKAAEALAAAAAABAAEAAAICTAEAOw==\" style=\"--smush-placeholder-width: 73px; --smush-placeholder-aspect-ratio: 73\/56;\"><\/a><\/div><\/figure><\/div><div class=\"id-1876 vcex-image-grid-entry vcex-grid-item textcenter span_1_of_4 col col-2\"><figure class=\"vcex-image-grid-entry-figure wpex-last-mb-0 wpex-clr\"><div class=\"vcex-image-grid-entry-img entry-media wpex-image-hover grow wpex-mb-20\"><a href=\"https:\/\/aspasiatravel.es\/wp-content\/uploads\/2015\/01\/china_004.jpg\" class=\"vcex-image-grid-entry-img wpex-lightbox-group-item\" data-title=\"china 004\" data-caption=\"china 004\"><img decoding=\"async\" class=\"wpex-align-middle lazyload\" alt=\"China 004\" data-src=\"https:\/\/aspasiatravel.es\/wp-content\/uploads\/2015\/01\/china_004-73x56.jpg\" width=\"73\" height=\"56\" src=\"data:image\/gif;base64,R0lGODlhAQABAAAAACH5BAEKAAEALAAAAAABAAEAAAICTAEAOw==\" style=\"--smush-placeholder-width: 73px; --smush-placeholder-aspect-ratio: 73\/56;\"><\/a><\/div><\/figure><\/div><div class=\"id-8545 vcex-image-grid-entry vcex-grid-item textcenter span_1_of_4 col col-3\"><figure class=\"vcex-image-grid-entry-figure wpex-last-mb-0 wpex-clr\"><div class=\"vcex-image-grid-entry-img entry-media wpex-image-hover grow wpex-mb-20\"><a href=\"https:\/\/aspasiatravel.es\/wp-content\/uploads\/2017\/01\/Viajar-a-China-espect\u00e1culo.jpg\" class=\"vcex-image-grid-entry-img wpex-lightbox-group-item\" data-title=\"Viajar a China espect\u00e1culo\" data-caption=\"Viajar a China espect\u00e1culo\"><img decoding=\"async\" class=\"wpex-align-middle lazyload\" alt=\"Viajar A China Espect\u00e1culo\" data-src=\"https:\/\/aspasiatravel.es\/wp-content\/uploads\/2017\/01\/Viajar-a-China-espect\u00e1culo-73x56.jpg\" width=\"73\" height=\"56\" src=\"data:image\/gif;base64,R0lGODlhAQABAAAAACH5BAEKAAEALAAAAAABAAEAAAICTAEAOw==\" style=\"--smush-placeholder-width: 73px; --smush-placeholder-aspect-ratio: 73\/56;\"><\/a><\/div><\/figure><\/div><div class=\"id-9260 vcex-image-grid-entry vcex-grid-item textcenter span_1_of_4 col col-4\"><figure class=\"vcex-image-grid-entry-figure wpex-last-mb-0 wpex-clr\"><div class=\"vcex-image-grid-entry-img entry-media wpex-image-hover grow wpex-mb-20\"><a href=\"https:\/\/aspasiatravel.es\/wp-content\/uploads\/2017\/02\/Fam-China-NOV16-7-3000x2000-scaled.jpg\" class=\"vcex-image-grid-entry-img wpex-lightbox-group-item\" data-title=\"Fam China NOV16 7 3000x2000 scaled\" data-caption=\"Fam China NOV16 7 3000x2000 scaled\"><img decoding=\"async\" class=\"wpex-align-middle lazyload\" alt=\"Fam China NOV16 7 3000x2000 Scaled\" data-src=\"https:\/\/aspasiatravel.es\/wp-content\/uploads\/2017\/02\/Fam-China-NOV16-7-3000x2000-scaled-73x56.jpg\" width=\"73\" height=\"56\" src=\"data:image\/gif;base64,R0lGODlhAQABAAAAACH5BAEKAAEALAAAAAABAAEAAAICTAEAOw==\" style=\"--smush-placeholder-width: 73px; --smush-placeholder-aspect-ratio: 73\/56;\"><\/a><\/div><\/figure><\/div><\/div><\/div>\n\t<div class=\"wpb_text_column wpb_content_element\" >\n\t\t<div class=\"wpb_wrapper\">\n\t\t\t<h3><i class=\"fa fa-video-camera\"><\/i> V\u00eddeo<\/h3>\n\n\t\t<\/div>\n\t<\/div>\n\n\t<div class=\"wpb_video_widget wpb_content_element vc_clearfix   vc_video-aspect-ratio-169 vc_video-el-width-100 vc_video-align-left\" >\n\t\t<div class=\"wpb_wrapper\">\n\t\t\t\n\t\t\t<div class=\"wpb_video_wrapper\"><div class=\"wpex-responsive-media\"><iframe title=\"Viure a la Xina\" width=\"413\" height=\"310\" src=\"https:\/\/www.youtube.com\/embed\/6mrItFZr7UQ?feature=oembed\"  allow=\"accelerometer; autoplay; clipboard-write; encrypted-media; gyroscope; picture-in-picture; web-share\" referrerpolicy=\"strict-origin-when-cross-origin\" allowfullscreen><\/iframe><\/div><\/div>\n\t\t<\/div>\n\t<\/div>\n\n\t<div class=\"wpb_text_column wpb_content_element\" >\n\t\t<div class=\"wpb_wrapper\">\n\t\t\t<h3><i class=\"fa fa-comments-o\"><\/i> Opini\u00f3 de viatgers<\/h3>\n\n\t\t<\/div>\n\t<\/div>\n<div class=\"vcex-module vcex-testimonials-grid-wrap wpex-clr\"><div class=\"wpex-row vcex-testimonials-grid wpex-clr\"><div class=\"testimonial-entry vcex-grid-item span_1_of_1 col-1 col post-31579 entry type-testimonials no-media cat-214 cat-219 cat-460 cat-470 cat-350\"><div class=\"testimonial-entry-content wpex-relative wpex-boxed wpex-border-0 wpex-clr\"><span class=\"testimonial-caret\"><\/span><div class=\"testimonial-entry-details testimonial-entry-text wpex-last-mb-0 wpex-clr\"><p>Tots els viatges estan molt ben organitzats, els guies molt professionals i els preus molt correctes (Xina, Jord\u00e0nia, Turquia)<\/p>\n<\/div><\/div><div class=\"testimonial-entry-bottom wpex-flex wpex-flex-wrap wpex-mt-20\"><div class=\"testimonial-entry-meta wpex-flex-grow\"><span class=\"testimonial-entry-company wpex-text-gray-500\"><\/span><\/div><\/div><\/div><div class=\"testimonial-entry vcex-grid-item span_1_of_1 col-1 col post-31192 entry type-testimonials no-media cat-54 cat-214 cat-460 cat-470 cat-75\"><div class=\"testimonial-entry-content wpex-relative wpex-boxed wpex-border-0 wpex-clr\"><span class=\"testimonial-caret\"><\/span><div class=\"testimonial-entry-details testimonial-entry-text wpex-last-mb-0 wpex-clr\"><p>molt b\u00e9 (Alb\u00e0nia, Xina, Uzbekistan)<\/p>\n<\/div><\/div><div class=\"testimonial-entry-bottom wpex-flex wpex-flex-wrap wpex-mt-20\"><div class=\"testimonial-entry-meta wpex-flex-grow\"><span class=\"testimonial-entry-company wpex-text-gray-500\"><\/span><\/div><\/div><\/div><div class=\"testimonial-entry vcex-grid-item span_1_of_1 col-1 col post-27763 entry type-testimonials no-media cat-214\"><div class=\"testimonial-entry-content wpex-relative wpex-boxed wpex-border-0 wpex-clr\"><span class=\"testimonial-caret\"><\/span><div class=\"testimonial-entry-details testimonial-entry-text wpex-last-mb-0 wpex-clr\"><p>Xina Imperial i Yunnan amb professor. Ens ha agradat molt\u00edssim. Els hotels, alguns d'ells veritables meravelles. Menci\u00f3 especial a la professora N\u00faria Barber\u00e0 que va fer molt m\u00e9s del que jo esperava, genial.<\/p>\n<p><strong>Jes\u00fas F.<\/strong><\/p>\n<\/div><\/div><div class=\"testimonial-entry-bottom wpex-flex wpex-flex-wrap wpex-mt-20\"><div class=\"testimonial-entry-meta wpex-flex-grow\"><span class=\"testimonial-entry-company wpex-text-gray-500\"><\/span><\/div><\/div><\/div><div class=\"testimonial-entry vcex-grid-item span_1_of_1 col-1 col post-30567 entry type-testimonials no-media cat-54 cat-96 cat-214 cat-465 cat-93 cat-371 cat-306 cat-226 cat-460 cat-470 cat-350 cat-75\"><div class=\"testimonial-entry-content wpex-relative wpex-boxed wpex-border-0 wpex-clr\"><span class=\"testimonial-caret\"><\/span><div class=\"testimonial-entry-details testimonial-entry-text wpex-last-mb-0 wpex-clr\"><p>Tots els viatges amb professor tenen un factor diferenciador que els fa molt atractius i suposen un complement perfecte al viatge.<\/p>\n<\/div><\/div><div class=\"testimonial-entry-bottom wpex-flex wpex-flex-wrap wpex-mt-20\"><div class=\"testimonial-entry-meta wpex-flex-grow\"><span class=\"testimonial-entry-company wpex-text-gray-500\"><\/span><\/div><\/div><\/div><div class=\"testimonial-entry vcex-grid-item span_1_of_1 col-1 col post-31191 entry type-testimonials no-media cat-54 cat-96 cat-214 cat-460 cat-470 cat-75\"><div class=\"testimonial-entry-content wpex-relative wpex-boxed wpex-border-0 wpex-clr\"><span class=\"testimonial-caret\"><\/span><div class=\"testimonial-entry-details testimonial-entry-text wpex-last-mb-0 wpex-clr\"><p>Genial (Alb\u00e0nia, Arm\u00e8nia, Xina, Uzbekistan)<\/p>\n<\/div><\/div><div class=\"testimonial-entry-bottom wpex-flex wpex-flex-wrap wpex-mt-20\"><div class=\"testimonial-entry-meta wpex-flex-grow\"><span class=\"testimonial-entry-company wpex-text-gray-500\"><\/span><\/div><\/div><\/div><\/div><\/div><\/div><\/div><\/div><\/div><div class=\"vc_row wpb_row vc_row-fluid calltoaction lazyload\" style=\"background-image:inherit;background-position: center;background-repeat: no-repeat;background-size: cover;\" data-bg-image=\"url(https:\/\/aspasiatravel.es\/wp-content\/uploads\/2014\/10\/calltoaction1.jpg )\"><div class=\"wpb_column vc_column_container vc_col-sm-12\"><div class=\"vc_column-inner\"><div class=\"wpb_wrapper\"><div class=\"vc_row wpb_row vc_inner vc_row-fluid anchofijo\"><div class=\"wpb_column vc_column_container vc_col-sm-8\"><div class=\"vc_column-inner\"><div class=\"wpb_wrapper\">\n\t<div class=\"wpb_text_column wpb_content_element calltoaction_titulo\" >\n\t\t<div class=\"wpb_wrapper\">\n\t\t\t<p>Us ajudem a planificar el vostre viatge a mida a la Xina<\/p>\n\n\t\t<\/div>\n\t<\/div>\n\n\t<div class=\"wpb_text_column wpb_content_element calltoaction_desc\" >\n\t\t<div class=\"wpb_wrapper\">\n\t\t\t<p>Tots els nostres viatges han estat realitzats pels nostres agents, recomanant-te els millors llocs a visitar segons els teus interessos.<\/p>\n\n\t\t<\/div>\n\t<\/div>\n<\/div><\/div><\/div><div class=\"wpb_column vc_column_container vc_col-sm-4\"><div class=\"vc_column-inner\"><div class=\"wpb_wrapper\">\n\t<div class=\"wpb_raw_code wpb_raw_html wpb_content_element\" >\n\t\t<div class=\"wpb_wrapper\">\n\t\t\t<div class=\"informate_boton\"><a href=\"https:\/\/aspasiatravel.es\/ca\/viaje-a-medida\/\"> <i class=\"fa fa-info-circle\"><\/i> Informa't ara<\/a><\/div>\n\t\t<\/div>\n\t<\/div>\n<\/div><\/div><\/div><\/div><\/div><\/div><\/div><\/div>\n<\/div>","protected":false},"excerpt":{"rendered":"Genial (Alb\u00e0nia, Arm\u00e8nia, Xina, Uzbekistan)","protected":false},"author":360,"featured_media":2275,"parent":0,"menu_order":0,"comment_status":"closed","ping_status":"closed","template":"","meta":{"footnotes":""},"class_list":["post-24067","page","type-page","status-publish","has-post-thumbnail","hentry","entry","no-media"],"_links":{"self":[{"href":"https:\/\/aspasiatravel.es\/ca\/wp-json\/wp\/v2\/pages\/24067","targetHints":{"allow":["GET"]}}],"collection":[{"href":"https:\/\/aspasiatravel.es\/ca\/wp-json\/wp\/v2\/pages"}],"about":[{"href":"https:\/\/aspasiatravel.es\/ca\/wp-json\/wp\/v2\/types\/page"}],"author":[{"embeddable":true,"href":"https:\/\/aspasiatravel.es\/ca\/wp-json\/wp\/v2\/users\/360"}],"replies":[{"embeddable":true,"href":"https:\/\/aspasiatravel.es\/ca\/wp-json\/wp\/v2\/comments?post=24067"}],"version-history":[{"count":6,"href":"https:\/\/aspasiatravel.es\/ca\/wp-json\/wp\/v2\/pages\/24067\/revisions"}],"predecessor-version":[{"id":36033,"href":"https:\/\/aspasiatravel.es\/ca\/wp-json\/wp\/v2\/pages\/24067\/revisions\/36033"}],"wp:featuredmedia":[{"embeddable":true,"href":"https:\/\/aspasiatravel.es\/ca\/wp-json\/wp\/v2\/media\/2275"}],"wp:attachment":[{"href":"https:\/\/aspasiatravel.es\/ca\/wp-json\/wp\/v2\/media?parent=24067"}],"curies":[{"name":"wp","href":"https:\/\/api.w.org\/{rel}","templated":true}]}}