{"id":24179,"date":"2024-04-05T18:32:01","date_gmt":"2024-04-05T16:32:01","guid":{"rendered":"http:\/\/aspasiatravel.es\/?page_id=24179"},"modified":"2026-03-09T13:16:23","modified_gmt":"2026-03-09T12:16:23","slug":"corea-verano-2026","status":"publish","type":"page","link":"https:\/\/aspasiatravel.es\/ca\/corea-verano-2026\/","title":{"rendered":"Corea Estiu 2026"},"content":{"rendered":"<div class=\"wpb-content-wrapper\"><div class=\"vc_row wpb_row vc_row-fluid\"><div class=\"wpb_column vc_column_container vc_col-sm-12\"><div class=\"vc_column-inner\"><div class=\"wpb_wrapper\"><div class=\"vc_empty_space\"   style=\"height: 30px\"><span class=\"vc_empty_space_inner\"><\/span><\/div><\/div><\/div><\/div><\/div><div class=\"vc_row wpb_row vc_row-fluid anchofijo\"><div class=\"wpb_column vc_column_container vc_col-sm-8\"><div class=\"vc_column-inner\"><div class=\"wpb_wrapper\"><div class=\"vc_row wpb_row vc_inner vc_row-fluid\"><div class=\"wpb_column vc_column_container vc_col-sm-12\"><div class=\"vc_column-inner\"><div class=\"wpb_wrapper\">\n\t<div class=\"wpb_text_column wpb_content_element\" >\n\t\t<div class=\"wpb_wrapper\">\n\t\t\t<h3><strong>Viatges a Corea del Sud: Estiu de 2026<\/strong><\/h3>\n<p>Aspasia Travel ofereix una \u00e0mplia gamma d'itineraris per a l'estiu de 2026. A m\u00e9s de les nostres sortides anuals habituals, oferim viatges espec\u00edfics a Corea del Sud amb sortides garantides l'estiu de 2026 des dels principals aeroports d'Espanya.<\/p>\n<p><strong>LES NOSTRES RUTES per Corea del Sud 2025 inclouen v<\/strong><strong>ols, allotjaments i r\u00e8gim de mitja pensi\u00f3. Guia acompanyant de parla hispana tot el recorregut. Les entrades i visites als llocs detallats a la ruta.<\/strong><\/p>\n<h4>Sortides planificades per a viatges a Corea a l'estiu del 2026:<\/h4>\n<ul>\n<li style=\"list-style-type: none;\">\n<ul>\n<li><strong>Del 4 al 18 d'agost<\/strong> &#8211; <a href=\"https:\/\/aspasiatravel.es\/ca\/corea\/corea-sur-con-jeju\/\">Cor de Corea amb Jeju<\/a><\/li>\n<\/ul>\n<\/li>\n<\/ul>\n<p>En la majoria dels nostres tours hi ha sortides setmanals.<\/p>\n\n\t\t<\/div>\n\t<\/div>\n<\/div><\/div><\/div><\/div><div class=\"vc_row wpb_row vc_inner vc_row-fluid\"><div class=\"wpb_column vc_column_container vc_col-sm-12\"><div class=\"vc_column-inner\"><div class=\"wpb_wrapper\">\n\t<div class=\"wpb_text_column wpb_content_element titulodestascados\" >\n\t\t<div class=\"wpb_wrapper\">\n\t\t\t<h3 style=\"font-weight: 300; text-transform: none;\"><i class=\"fa fa-bookmark\"><\/i>\u00a0Itineraris d'estiu de 2026 a Corea del Sud<\/h3>\n\n\t\t<\/div>\n\t<\/div>\n<\/div><\/div><\/div><\/div><div class=\"vcex-module wpex-carousel wpex-carousel-blog wpex-clr owl-carousel arrwstyle-default\" data-wpex-carousel=\"{&quot;nav&quot;:true,&quot;dots&quot;:false,&quot;autoplay&quot;:false,&quot;loop&quot;:false,&quot;center&quot;:false,&quot;smartSpeed&quot;:250,&quot;items&quot;:3,&quot;slideBy&quot;:1,&quot;autoplayTimeout&quot;:5000,&quot;margin&quot;:20,&quot;itemsTablet&quot;:3,&quot;itemsMobileLandscape&quot;:2,&quot;itemsMobilePortrait&quot;:1,&quot;autoWidth&quot;:false,&quot;autoHeight&quot;:false}\"><div class=\"wpex-carousel-slide wpex-clr has-media\"><div class=\"wpex-carousel-entry-media entry-media overlay-parent overlay-parent-title-category-hover overlay-h wpex-overflow-hidden overlay-ms\"><a href=\"https:\/\/aspasiatravel.es\/ca\/corea\/corea-sur-con-jeju\/\" title=\"Corea del Sud amb Jeju, 4-18 agost 2026\" class=\"wpex-carousel-entry-img\"><img decoding=\"async\" data-no-lazy=\"1\" class=\"wpex-align-middle skip-lazy\" src=\"https:\/\/aspasiatravel.es\/wp-content\/uploads\/2023\/03\/jeju-2490410_1280-270x148.jpg\" alt=\"Jeju 2490410 1280\" width=\"270\" height=\"148\">\n<div class=\"overlay-title-category-hover overlay-hide theme-overlay wpex-absolute wpex-inset-0 wpex-transition-all wpex-duration-300 wpex-overflow-hidden wpex-flex wpex-items-center wpex-justify-center wpex-text-center\">\n\n\t<div class=\"overlay-bg wpex-bg-black wpex-absolute wpex-inset-0 wpex-opacity-60\"><\/div>\n\n\t<div class=\"overlay-content overlay-scale wpex-relative wpex-text-white wpex-p-15 wpex-duration-300 wpex-transition-transform wpex-clr\">\n\n\t\t<div class=\"overlay-title wpex-text-lg\">Corea del Sud amb Jeju, 4-18 agost 2026<\/div>\n\n\t\t<div class=\"overlay-terms wpex-opacity-80 wpex-italic\"><span class=\"term-345\">Corea<\/span>, <span class=\"term-448\">Corea color<\/span>, <span class=\"term-198\">novetats<\/span>, <span class=\"term-53\">Properes sortides<\/span>, <span class=\"term-433\">Ruta destacada<\/span>, <span class=\"term-200\">Estiu<\/span>, <span class=\"term-559\">estiu-Corea<\/span><\/div>\n\t<\/div>\n\n<\/div><\/a><\/div><div class=\"extrainfo\">\n\t\t\t\t\t\t\t<div class=\"duracion\" style=\"float:left;\">\n\t\t\t\t\t\t\t<i class=\"fa fa-clock-o\"><\/i> 15D-12N<\/div>\n\t\t\t\t\t\t\t<div class=\"precio\" style=\"float:right\">\n\t\t\t\t\t\t\t<span style=\"font-size:11px;\">Des de<\/span><\/br><strong>3.980\u20ac + impostos<\/strong>\n\t\t\t\t\t\t\t<\/div>\n\t\t\t\t\t\t\t<\/div><div class=\"wpex-carousel-entry-details entry-details wpex-boxed wpex-first-mt-0 wpex-last-mb-0 wpex-clr\"><div class=\"wpex-carousel-entry-title entry-title wpex-mb-5\"><a href=\"https:\/\/aspasiatravel.es\/ca\/corea\/corea-sur-con-jeju\/\">Corea del Sud amb Jeju, 4-18 agost 2026<\/a><\/div>Viatge a Corea del Sud. Visitarem Se\u00fcl, Sokcho i Seroak, Gyeongju, Andong, Busan i l'illa de Jeju.<\/div><\/div><\/div><div class=\"vc_empty_space\"   style=\"height: 32px\"><span class=\"vc_empty_space_inner\"><\/span><\/div><div class=\"vc_row wpb_row vc_inner vc_row-fluid\"><div class=\"wpb_column icon_presu vc_column_container vc_col-sm-12 typography-light\"><div class=\"vc_column-inner\"><div class=\"wpb_wrapper\">\n\t<div class=\"wpb_text_column wpb_content_element\" >\n\t\t<div class=\"wpb_wrapper\">\n\t\t\t<p><span style=\"font-size: 30px; margin-bottom: 20px;\"><i class=\"fa fa-info-circle\"><\/i> Sol\u00b7licita informaci\u00f3<\/span><\/p>\n\n\t\t<\/div>\n\t<\/div>\n<div class=\"vc_empty_space\"   style=\"height: 20px\"><span class=\"vc_empty_space_inner\"><\/span><\/div>\n<div class=\"wpcf7 no-js\" id=\"wpcf7-f195-o1\" lang=\"es-ES\" dir=\"ltr\" data-wpcf7-id=\"195\">\n<div class=\"screen-reader-response\"><p role=\"status\" aria-live=\"polite\" aria-atomic=\"true\"><\/p> <ul><\/ul><\/div>\n<form action=\"\/ca\/wp-json\/wp\/v2\/pages\/24179#wpcf7-f195-o1\" method=\"post\" class=\"wpcf7-form init\" aria-label=\"Formulari de contacte\" novalidate=\"novalidate\" data-status=\"init\" data-trp-original-action=\"\/ca\/wp-json\/wp\/v2\/pages\/24179#wpcf7-f195-o1\">\n<fieldset class=\"hidden-fields-container\"><input type=\"hidden\" name=\"_wpcf7\" value=\"195\" \/><input type=\"hidden\" name=\"_wpcf7_version\" value=\"6.1.1\" \/><input type=\"hidden\" name=\"_wpcf7_locale\" value=\"es_ES\" \/><input type=\"hidden\" name=\"_wpcf7_unit_tag\" value=\"wpcf7-f195-o1\" \/><input type=\"hidden\" name=\"_wpcf7_container_post\" value=\"0\" \/><input type=\"hidden\" name=\"_wpcf7_posted_data_hash\" value=\"\" \/><input type=\"hidden\" name=\"_wpcf7dtx_version\" value=\"5.0.3\" \/><input type=\"hidden\" name=\"_wpcf7_recaptcha_response\" value=\"\" \/>\n<\/fieldset>\n<div class=\"flotarmargen_pais_a\">\n\t<p><span class=\"wpcf7-form-control-wrap\" data-name=\"your-name\"><input size=\"40\" maxlength=\"400\" class=\"wpcf7-form-control wpcf7-text wpcf7-validates-as-required\" aria-required=\"true\" aria-invalid=\"false\" placeholder=\"Nom i cognoms*\" value=\"\" type=\"text\" name=\"your-name\" \/><\/span>\n\t<\/p>\n\t<p><span class=\"wpcf7-form-control-wrap\" data-name=\"your-email\"><input size=\"40\" maxlength=\"400\" class=\"wpcf7-form-control wpcf7-email wpcf7-validates-as-required wpcf7-text wpcf7-validates-as-email\" aria-required=\"true\" aria-invalid=\"false\" placeholder=\"Email*\" value=\"\" type=\"email\" name=\"your-email\" \/><\/span>\n\t<\/p>\n\t<p><span class=\"wpcf7-form-control-wrap\" data-name=\"your-phone\"><input size=\"40\" maxlength=\"400\" class=\"wpcf7-form-control wpcf7-text wpcf7-validates-as-required\" aria-required=\"true\" aria-invalid=\"false\" placeholder=\"Tel\u00e8fon*\" value=\"\" type=\"text\" name=\"your-phone\" \/><\/span>\n\t<\/p>\n\t<p><span class=\"wpcf7-form-control-wrap\" data-name=\"your-destination\"><input size=\"40\" maxlength=\"400\" class=\"wpcf7-form-control wpcf7-text wpcf7-validates-as-required\" aria-required=\"true\" aria-invalid=\"false\" placeholder=\"Prov\u00edncia de resid\u00e8ncia*\" value=\"\" type=\"text\" name=\"your-destination\" \/><\/span>\n\t<\/p>\n<\/div>\n<div class=\"flotarmargen_pais_b\">\n\t<p><span class=\"wpcf7-form-control-wrap\" data-name=\"your-city\"><input size=\"40\" maxlength=\"400\" class=\"wpcf7-form-control wpcf7-text\" aria-invalid=\"false\" placeholder=\"Ciutat de sortida\" value=\"\" type=\"text\" name=\"your-city\" \/><\/span>\n\t<\/p>\n\t<p><span class=\"wpcf7-form-control-wrap\" data-name=\"your-personas\"><input size=\"40\" maxlength=\"400\" class=\"wpcf7-form-control wpcf7-text\" aria-invalid=\"false\" placeholder=\"Nombre de persones\" value=\"\" type=\"text\" name=\"your-personas\" \/><\/span>\n\t<\/p>\n\t<p><span class=\"wpcf7-form-control-wrap\" data-name=\"your-date\"><input size=\"40\" maxlength=\"400\" class=\"wpcf7-form-control wpcf7-text\" aria-invalid=\"false\" placeholder=\"Data aproximada del viatge\" value=\"\" type=\"text\" name=\"your-date\" \/><\/span>\n\t<\/p>\n\t<p><span class=\"wpcf7-form-control-wrap\" data-name=\"your-destination\"><input size=\"40\" maxlength=\"400\" class=\"wpcf7-form-control wpcf7-text wpcf7-validates-as-required\" aria-required=\"true\" aria-invalid=\"false\" placeholder=\"Destinaci\u00f3*\" value=\"\" type=\"text\" name=\"your-destination\" \/><\/span>\n\t<\/p>\n<\/div>\n<p>&nbsp;<br \/>\nCom ens has conegut? &nbsp; <span class=\"wpcf7-form-control-wrap\" data-name=\"your-info\"><span class=\"wpcf7-form-control wpcf7-checkbox\"><span class=\"wpcf7-list-item first\"><label><input type=\"checkbox\" name=\"your-info[]\" value=\"Internet\" \/><span class=\"wpcf7-list-item-label\">Internet<\/span><\/label><\/span><span class=\"wpcf7-list-item\"><label><input type=\"checkbox\" name=\"your-info[]\" value=\"Recomendaci\u00f3n\" \/><span class=\"wpcf7-list-item-label\">Recomanaci\u00f3<\/span><\/label><\/span><span class=\"wpcf7-list-item last\"><label><input type=\"checkbox\" name=\"your-info[]\" value=\"Somos clientes\" \/><span class=\"wpcf7-list-item-label\">Som clients<\/span><\/label><\/span><\/span><\/span><br \/>\n<br \/>\n<span class=\"wpcf7-form-control-wrap\" data-name=\"your-message\"><textarea cols=\"40\" rows=\"4\" maxlength=\"2000\" class=\"wpcf7-form-control wpcf7-textarea\" aria-invalid=\"false\" placeholder=\"Consulta\" name=\"your-message\"><\/textarea><\/span>\n<\/p>\n<div style=\"display: inline-table;width: 100%;\">\n\t<p style=\"float:left;><span class=\"wpcf7-form-control-wrap\" data-name=\"acceptance-389\"><span class=\"wpcf7-form-control wpcf7-acceptance\"><span class=\"wpcf7-list-item\"><input type=\"checkbox\" name=\"acceptance-389\" value=\"1\" checked=\"checked\" aria-invalid=\"false\" \/><\/span><\/span><\/span> Accepto els <a href=\"\/ca\/legal-advice\/\">termes i condicions.<\/a>\n\t<\/p>\n\t<p style=\"float: right;\"><input class=\"wpcf7-form-control wpcf7-submit has-spinner\" type=\"submit\" value=\"Enviar\" \/>\n\t<\/p>\n<\/div>\n<div class=\"wpcf7-response-output\" aria-hidden=\"true\"><\/div>\n<input type=\"hidden\" name=\"trp-form-language\" value=\"ca\"\/><\/form>\n<\/div>\n<\/div><\/div><\/div><\/div><\/div><\/div><\/div><div class=\"wpb_column columnaficha vc_column_container vc_col-sm-4 bordered-column\"><div style=\"padding-top: 0;padding-bottom: 20px;padding-right: 20px;padding-left: 20px;background-color: #e5e5e5;\" class=\"vc_column-inner\"><div class=\"wpb_wrapper\"><div class=\"vc_empty_space\"   style=\"height: 20px\"><span class=\"vc_empty_space_inner\"><\/span><\/div><div class=\"wpb_gmaps_widget wpb_content_element vc_map_responsive\"><div class=\"wpb_wrapper\"><div class=\"wpb_map_wraper\"><iframe src=\"https:\/\/www.google.com\/maps\/embed?pb=!1m18!1m12!1m3!1d3317013.330897793!2d122.86430768313922!3d35.71955728644652!2m3!1f0!2f0!3f0!3m2!1i1024!2i768!4f13.1!3m3!1m2!1s0x356455ebcb11ba9b%3A0x91249b00ba88db4b!2sCorea%20del%20Sur!5e0!3m2!1ses!2ses!4v1712334696965!5m2!1ses!2ses\" width=\"600\" height=\"450\" style=\"border:0;\" allowfullscreen=\"\" loading=\"lazy\" referrerpolicy=\"no-referrer-when-downgrade\"><\/iframe><\/div><\/div><\/div>\n\t<div class=\"wpb_text_column wpb_content_element\" >\n\t\t<div class=\"wpb_wrapper\">\n\t\t\t<h3><i class=\"fa fa-camera\"><\/i> Galeria<\/h3>\n\n\t\t<\/div>\n\t<\/div>\n<div class=\"vcex-image-grid-wrap wpex-clr\"><div class=\"vcex-module vcex-image-grid wpex-clr grid-style-default wpex-row wpex-lightbox-group\"><div class=\"id-15761 vcex-image-grid-entry vcex-grid-item textcenter span_1_of_4 col col-1\"><figure class=\"vcex-image-grid-entry-figure wpex-last-mb-0 wpex-clr\"><div class=\"vcex-image-grid-entry-img entry-media wpex-image-hover grow wpex-mb-20\"><a href=\"https:\/\/aspasiatravel.es\/wp-content\/uploads\/2019\/10\/Viaje-a-Corea-Suwon.jpg\" class=\"vcex-image-grid-entry-img wpex-lightbox-group-item\" data-title=\"Viaje a Corea Suwon\" data-caption=\"Viaje a Corea Suwon\"><img decoding=\"async\" class=\"wpex-align-middle lazyload\" alt=\"Viaje A Corea Suwon\" data-src=\"https:\/\/aspasiatravel.es\/wp-content\/uploads\/2019\/10\/Viaje-a-Corea-Suwon-73x56.jpg\" width=\"73\" height=\"56\" src=\"data:image\/gif;base64,R0lGODlhAQABAAAAACH5BAEKAAEALAAAAAABAAEAAAICTAEAOw==\" style=\"--smush-placeholder-width: 73px; --smush-placeholder-aspect-ratio: 73\/56;\"><\/a><\/div><\/figure><\/div><div class=\"id-23072 vcex-image-grid-entry vcex-grid-item textcenter span_1_of_4 col col-2\"><figure class=\"vcex-image-grid-entry-figure wpex-last-mb-0 wpex-clr\"><div class=\"vcex-image-grid-entry-img entry-media wpex-image-hover grow wpex-mb-20\"><a href=\"https:\/\/aspasiatravel.es\/wp-content\/uploads\/2024\/01\/COREA-TRADICIONAL-scaled.jpg\" class=\"vcex-image-grid-entry-img wpex-lightbox-group-item\" data-title=\"COREA TRADICIONAL scaled\" data-caption=\"COREA TRADICIONAL scaled\"><img decoding=\"async\" class=\"wpex-align-middle lazyload\" alt=\"COREA TRADICIONAL Scaled\" data-src=\"https:\/\/aspasiatravel.es\/wp-content\/uploads\/2024\/01\/COREA-TRADICIONAL-scaled-73x56.jpg\" width=\"73\" height=\"56\" src=\"data:image\/gif;base64,R0lGODlhAQABAAAAACH5BAEKAAEALAAAAAABAAEAAAICTAEAOw==\" style=\"--smush-placeholder-width: 73px; --smush-placeholder-aspect-ratio: 73\/56;\"><\/a><\/div><\/figure><\/div><div class=\"id-15760 vcex-image-grid-entry vcex-grid-item textcenter span_1_of_4 col col-3\"><figure class=\"vcex-image-grid-entry-figure wpex-last-mb-0 wpex-clr\"><div class=\"vcex-image-grid-entry-img entry-media wpex-image-hover grow wpex-mb-20\"><a href=\"https:\/\/aspasiatravel.es\/wp-content\/uploads\/2019\/10\/Viaje-a-Corea-Se\u00fal-de-noche.jpg\" class=\"vcex-image-grid-entry-img wpex-lightbox-group-item\" data-title=\"Viaje a Corea Se\u00fal de noche\" data-caption=\"Viaje a Corea Se\u00fal de noche\"><img decoding=\"async\" class=\"wpex-align-middle lazyload\" alt=\"Viaje A Corea Se\u00fal De Noche\" data-src=\"https:\/\/aspasiatravel.es\/wp-content\/uploads\/2019\/10\/Viaje-a-Corea-Se\u00fal-de-noche-73x56.jpg\" width=\"73\" height=\"56\" src=\"data:image\/gif;base64,R0lGODlhAQABAAAAACH5BAEKAAEALAAAAAABAAEAAAICTAEAOw==\" style=\"--smush-placeholder-width: 73px; --smush-placeholder-aspect-ratio: 73\/56;\"><\/a><\/div><\/figure><\/div><div class=\"id-15758 vcex-image-grid-entry vcex-grid-item textcenter span_1_of_4 col col-4\"><figure class=\"vcex-image-grid-entry-figure wpex-last-mb-0 wpex-clr\"><div class=\"vcex-image-grid-entry-img entry-media wpex-image-hover grow wpex-mb-20\"><a href=\"https:\/\/aspasiatravel.es\/wp-content\/uploads\/2019\/10\/Detalles-de-Corea-Viajes-Aspasiatravel.jpg\" class=\"vcex-image-grid-entry-img wpex-lightbox-group-item\" data-title=\"Detalles de Corea Viajes Aspasiatravel\" data-caption=\"Detalles de Corea Viajes Aspasiatravel\"><img decoding=\"async\" class=\"wpex-align-middle lazyload\" alt=\"Detalles De Corea Viajes Aspasiatravel\" data-src=\"https:\/\/aspasiatravel.es\/wp-content\/uploads\/2019\/10\/Detalles-de-Corea-Viajes-Aspasiatravel-73x56.jpg\" width=\"73\" height=\"56\" src=\"data:image\/gif;base64,R0lGODlhAQABAAAAACH5BAEKAAEALAAAAAABAAEAAAICTAEAOw==\" style=\"--smush-placeholder-width: 73px; --smush-placeholder-aspect-ratio: 73\/56;\"><\/a><\/div><\/figure><\/div><div class=\"id-21302 vcex-image-grid-entry vcex-grid-item textcenter span_1_of_4 col col-1\"><figure class=\"vcex-image-grid-entry-figure wpex-last-mb-0 wpex-clr\"><div class=\"vcex-image-grid-entry-img entry-media wpex-image-hover grow wpex-mb-20\"><a href=\"https:\/\/aspasiatravel.es\/wp-content\/uploads\/2023\/06\/COREA.jpg\" class=\"vcex-image-grid-entry-img wpex-lightbox-group-item\" data-title=\"COREA\" data-caption=\"COREA\"><img decoding=\"async\" class=\"wpex-align-middle lazyload\" alt=\"COREA\" data-src=\"https:\/\/aspasiatravel.es\/wp-content\/uploads\/2023\/06\/COREA-73x56.jpg\" width=\"73\" height=\"56\" src=\"data:image\/gif;base64,R0lGODlhAQABAAAAACH5BAEKAAEALAAAAAABAAEAAAICTAEAOw==\" style=\"--smush-placeholder-width: 73px; --smush-placeholder-aspect-ratio: 73\/56;\"><\/a><\/div><\/figure><\/div><div class=\"id-19969 vcex-image-grid-entry vcex-grid-item textcenter span_1_of_4 col col-2\"><figure class=\"vcex-image-grid-entry-figure wpex-last-mb-0 wpex-clr\"><div class=\"vcex-image-grid-entry-img entry-media wpex-image-hover grow wpex-mb-20\"><a href=\"https:\/\/aspasiatravel.es\/wp-content\/uploads\/2023\/02\/Corea-BUDA-e1676548339638.jpg\" class=\"vcex-image-grid-entry-img wpex-lightbox-group-item\" data-title=\"Corea BUDA e1676548339638\" data-caption=\"Corea BUDA e1676548339638\"><img decoding=\"async\" class=\"wpex-align-middle lazyload\" alt=\"Corea BUDA E1676548339638\" data-src=\"https:\/\/aspasiatravel.es\/wp-content\/uploads\/2023\/02\/Corea-BUDA-e1676548339638-73x56.jpg\" width=\"73\" height=\"56\" src=\"data:image\/gif;base64,R0lGODlhAQABAAAAACH5BAEKAAEALAAAAAABAAEAAAICTAEAOw==\" style=\"--smush-placeholder-width: 73px; --smush-placeholder-aspect-ratio: 73\/56;\"><\/a><\/div><\/figure><\/div><div class=\"id-15762 vcex-image-grid-entry vcex-grid-item textcenter span_1_of_4 col col-3\"><figure class=\"vcex-image-grid-entry-figure wpex-last-mb-0 wpex-clr\"><div class=\"vcex-image-grid-entry-img entry-media wpex-image-hover grow wpex-mb-20\"><a href=\"https:\/\/aspasiatravel.es\/wp-content\/uploads\/2019\/10\/Viaje-a-Corea-tradicional.jpg\" class=\"vcex-image-grid-entry-img wpex-lightbox-group-item\" data-title=\"Viaje a Corea tradicional\" data-caption=\"Viaje a Corea tradicional\"><img decoding=\"async\" class=\"wpex-align-middle lazyload\" alt=\"Viaje A Corea Tradicional\" data-src=\"https:\/\/aspasiatravel.es\/wp-content\/uploads\/2019\/10\/Viaje-a-Corea-tradicional-73x56.jpg\" width=\"73\" height=\"56\" src=\"data:image\/gif;base64,R0lGODlhAQABAAAAACH5BAEKAAEALAAAAAABAAEAAAICTAEAOw==\" style=\"--smush-placeholder-width: 73px; --smush-placeholder-aspect-ratio: 73\/56;\"><\/a><\/div><\/figure><\/div><div class=\"id-23071 vcex-image-grid-entry vcex-grid-item textcenter span_1_of_4 col col-4\"><figure class=\"vcex-image-grid-entry-figure wpex-last-mb-0 wpex-clr\"><div class=\"vcex-image-grid-entry-img entry-media wpex-image-hover grow wpex-mb-20\"><a href=\"https:\/\/aspasiatravel.es\/wp-content\/uploads\/2024\/01\/COREA-POSTA-DE-SOL-scaled.jpg\" class=\"vcex-image-grid-entry-img wpex-lightbox-group-item\" data-title=\"COREA POSTA DE SOL scaled\" data-caption=\"COREA POSTA DE SOL scaled\"><img decoding=\"async\" class=\"wpex-align-middle lazyload\" alt=\"COREA POSTA DE SOL Scaled\" data-src=\"https:\/\/aspasiatravel.es\/wp-content\/uploads\/2024\/01\/COREA-POSTA-DE-SOL-scaled-73x56.jpg\" width=\"73\" height=\"56\" src=\"data:image\/gif;base64,R0lGODlhAQABAAAAACH5BAEKAAEALAAAAAABAAEAAAICTAEAOw==\" style=\"--smush-placeholder-width: 73px; --smush-placeholder-aspect-ratio: 73\/56;\"><\/a><\/div><\/figure><\/div><\/div><\/div>\n\t<div class=\"wpb_text_column wpb_content_element\" >\n\t\t<div class=\"wpb_wrapper\">\n\t\t\t<h3><i class=\"fa fa-comments-o\"><\/i> Opini\u00f3 de viatgers<\/h3>\n\n\t\t<\/div>\n\t<\/div>\n<div class=\"vcex-module vcex-testimonials-grid-wrap wpex-clr\"><div class=\"wpex-row vcex-testimonials-grid wpex-clr\"><div class=\"testimonial-entry vcex-grid-item span_1_of_1 col-1 col post-31392 entry type-testimonials no-media cat-54 cat-323 cat-96 cat-217 cat-465 cat-89 cat-469 cat-306 cat-227 cat-460 cat-470 cat-350 cat-75\"><div class=\"testimonial-entry-content wpex-relative wpex-boxed wpex-border-0 wpex-clr\"><span class=\"testimonial-caret\"><\/span><div class=\"testimonial-entry-details testimonial-entry-text wpex-last-mb-0 wpex-clr\"><p>Perfecte (Alb\u00e0nia, Ar\u00e0bia Saudita, Arm\u00e8nia, Azerbaidjan, Corea del Sud, Ge\u00f2rgia, Iraq, L\u00edban, Oman, Turquia, Uzbekistan)<\/p>\n<\/div><\/div><div class=\"testimonial-entry-bottom wpex-flex wpex-flex-wrap wpex-mt-20\"><div class=\"testimonial-entry-meta wpex-flex-grow\"><span class=\"testimonial-entry-company wpex-text-gray-500\"><\/span><\/div><\/div><\/div><div class=\"testimonial-entry vcex-grid-item span_1_of_1 col-1 col post-31393 entry type-testimonials no-media cat-54 cat-323 cat-217 cat-465 cat-89 cat-469 cat-306 cat-227 cat-460 cat-470 cat-350 cat-75\"><div class=\"testimonial-entry-content wpex-relative wpex-boxed wpex-border-0 wpex-clr\"><span class=\"testimonial-caret\"><\/span><div class=\"testimonial-entry-details testimonial-entry-text wpex-last-mb-0 wpex-clr\"><p>Molt b\u00e9 (Alb\u00e0nia, Ar\u00e0bia Saudita, Azerbaidjan, Corea del Sud, Ge\u00f2rgia, Iraq, L\u00edban, Oman, Turquia, Uzbekistan)<\/p>\n<\/div><\/div><div class=\"testimonial-entry-bottom wpex-flex wpex-flex-wrap wpex-mt-20\"><div class=\"testimonial-entry-meta wpex-flex-grow\"><span class=\"testimonial-entry-company wpex-text-gray-500\"><\/span><\/div><\/div><\/div><div class=\"testimonial-entry vcex-grid-item span_1_of_1 col-1 col post-30567 entry type-testimonials no-media cat-54 cat-96 cat-214 cat-465 cat-93 cat-371 cat-306 cat-226 cat-460 cat-470 cat-350 cat-75\"><div class=\"testimonial-entry-content wpex-relative wpex-boxed wpex-border-0 wpex-clr\"><span class=\"testimonial-caret\"><\/span><div class=\"testimonial-entry-details testimonial-entry-text wpex-last-mb-0 wpex-clr\"><p>Tots els viatges amb professor tenen un factor diferenciador que els fa molt atractius i suposen un complement perfecte al viatge.<\/p>\n<\/div><\/div><div class=\"testimonial-entry-bottom wpex-flex wpex-flex-wrap wpex-mt-20\"><div class=\"testimonial-entry-meta wpex-flex-grow\"><span class=\"testimonial-entry-company wpex-text-gray-500\"><\/span><\/div><\/div><\/div><div class=\"testimonial-entry vcex-grid-item span_1_of_1 col-1 col post-30677 entry type-testimonials no-media cat-54 cat-96 cat-214 cat-465 cat-93 cat-371 cat-306 cat-226 cat-460 cat-470 cat-350 cat-75\"><div class=\"testimonial-entry-content wpex-relative wpex-boxed wpex-border-0 wpex-clr\"><span class=\"testimonial-caret\"><\/span><div class=\"testimonial-entry-details testimonial-entry-text wpex-last-mb-0 wpex-clr\"><p>La repetici\u00f3 indica trobar-me a gust amb el format, les rutes i els grups acollidors.<\/p>\n<\/div><\/div><div class=\"testimonial-entry-bottom wpex-flex wpex-flex-wrap wpex-mt-20\"><div class=\"testimonial-entry-meta wpex-flex-grow\"><span class=\"testimonial-entry-company wpex-text-gray-500\"><\/span><\/div><\/div><\/div><\/div><\/div><\/div><\/div><\/div><\/div><div class=\"vc_row wpb_row vc_row-fluid calltoaction lazyload\" style=\"background-image:inherit;background-position: center;background-repeat: no-repeat;background-size: cover;\" data-bg-image=\"url(https:\/\/aspasiatravel.es\/wp-content\/uploads\/2014\/10\/calltoaction1.jpg )\"><div class=\"wpb_column vc_column_container vc_col-sm-12\"><div class=\"vc_column-inner\"><div class=\"wpb_wrapper\"><div class=\"vc_row wpb_row vc_inner vc_row-fluid anchofijo\"><div class=\"wpb_column vc_column_container vc_col-sm-8\"><div class=\"vc_column-inner\"><div class=\"wpb_wrapper\">\n\t<div class=\"wpb_text_column wpb_content_element calltoaction_titulo\" >\n\t\t<div class=\"wpb_wrapper\">\n\t\t\t<p>T'ajudem a planificar el teu viatge a mida a Corea del Sud<\/p>\n\n\t\t<\/div>\n\t<\/div>\n\n\t<div class=\"wpb_text_column wpb_content_element calltoaction_desc\" >\n\t\t<div class=\"wpb_wrapper\">\n\t\t\t<p>Tots els nostres viatges han estat realitzats pels nostres agents, recomanant-te els millors llocs a visitar segons els teus interessos.<\/p>\n\n\t\t<\/div>\n\t<\/div>\n<\/div><\/div><\/div><div class=\"wpb_column vc_column_container vc_col-sm-4\"><div class=\"vc_column-inner\"><div class=\"wpb_wrapper\">\n\t<div class=\"wpb_raw_code wpb_raw_html wpb_content_element\" >\n\t\t<div class=\"wpb_wrapper\">\n\t\t\t<div class=\"informate_boton\"><a href=\"https:\/\/aspasiatravel.es\/ca\/viaje-a-medida\/\"> <i class=\"fa fa-info-circle\"><\/i> Informa't ara<\/a><\/div>\n\t\t<\/div>\n\t<\/div>\n<\/div><\/div><\/div><\/div><\/div><\/div><\/div><\/div>\n<\/div>","protected":false},"excerpt":{"rendered":"La repetici\u00f3 indica trobar-me a gust amb el format, les rutes i els grups acollidors.","protected":false},"author":360,"featured_media":15759,"parent":0,"menu_order":0,"comment_status":"closed","ping_status":"closed","template":"","meta":{"footnotes":""},"class_list":["post-24179","page","type-page","status-publish","has-post-thumbnail","hentry","entry","no-media"],"_links":{"self":[{"href":"https:\/\/aspasiatravel.es\/ca\/wp-json\/wp\/v2\/pages\/24179","targetHints":{"allow":["GET"]}}],"collection":[{"href":"https:\/\/aspasiatravel.es\/ca\/wp-json\/wp\/v2\/pages"}],"about":[{"href":"https:\/\/aspasiatravel.es\/ca\/wp-json\/wp\/v2\/types\/page"}],"author":[{"embeddable":true,"href":"https:\/\/aspasiatravel.es\/ca\/wp-json\/wp\/v2\/users\/360"}],"replies":[{"embeddable":true,"href":"https:\/\/aspasiatravel.es\/ca\/wp-json\/wp\/v2\/comments?post=24179"}],"version-history":[{"count":4,"href":"https:\/\/aspasiatravel.es\/ca\/wp-json\/wp\/v2\/pages\/24179\/revisions"}],"predecessor-version":[{"id":36004,"href":"https:\/\/aspasiatravel.es\/ca\/wp-json\/wp\/v2\/pages\/24179\/revisions\/36004"}],"wp:featuredmedia":[{"embeddable":true,"href":"https:\/\/aspasiatravel.es\/ca\/wp-json\/wp\/v2\/media\/15759"}],"wp:attachment":[{"href":"https:\/\/aspasiatravel.es\/ca\/wp-json\/wp\/v2\/media?parent=24179"}],"curies":[{"name":"wp","href":"https:\/\/api.w.org\/{rel}","templated":true}]}}