{"id":25213,"date":"2024-04-30T19:11:57","date_gmt":"2024-04-30T17:11:57","guid":{"rendered":"http:\/\/aspasiatravel.es\/?page_id=25213"},"modified":"2026-03-10T10:38:55","modified_gmt":"2026-03-10T09:38:55","slug":"egipto-verano","status":"publish","type":"page","link":"https:\/\/aspasiatravel.es\/ca\/egipto-verano\/","title":{"rendered":"Egipte Estiu 2026"},"content":{"rendered":"<div class=\"wpb-content-wrapper\"><div class=\"vc_row wpb_row vc_row-fluid\"><div class=\"wpb_column vc_column_container vc_col-sm-12\"><div class=\"vc_column-inner\"><div class=\"wpb_wrapper\"><div class=\"vc_empty_space\"   style=\"height: 15px\"><span class=\"vc_empty_space_inner\"><\/span><\/div><\/div><\/div><\/div><\/div><div class=\"vc_row wpb_row vc_row-fluid anchofijo\"><div class=\"wpb_column vc_column_container vc_col-sm-8\"><div class=\"vc_column-inner\"><div class=\"wpb_wrapper\"><div class=\"vc_row wpb_row vc_inner vc_row-fluid\"><div class=\"wpb_column vc_column_container vc_col-sm-12\"><div class=\"vc_column-inner\"><div class=\"wpb_wrapper\">\n\t<div class=\"wpb_text_column wpb_content_element\" >\n\t\t<div class=\"wpb_wrapper\">\n\t\t\t<h3><strong>Viatges a Egipte: Estiu de 2026<\/strong><\/h3>\n<p>Aspasia Travel ofereix nous itineraris per a l'estiu de 2026. A m\u00e9s de les nostres sortides anuals habituals, oferim viatges espec\u00edfics a Egipte amb sortides garantides l'estiu de 2026 des dels principals aeroports d'Espanya.<\/p>\n<p><strong>Els nostres itineraris del tour per Egipte 2026 inclouen: sortides en g<\/strong><strong>Grups redu\u00efts. Vols programats. Un guia tur\u00edstic de parla espanyola durant tot el viatge. Totes les taxes d'entrada i les visites als llocs inclosos a l'itinerari.<\/strong><\/p>\n<h4><span style=\"text-decoration: underline;\">Sortides programades per a viatges a Egipte a l'estiu del 2026:<\/span><\/h4>\n<ul>\n<li><strong>7\u201314 de juliol<\/strong>: <a href=\"https:\/\/aspasiatravel.es\/ca\/egipto\/visitar-egipto-faraonico\/\">Egipte fara\u00f2nic<\/a><\/li>\n<\/ul>\n<div class=\"vc_row wpb_row vc_inner vc_row-fluid\">\n<div class=\"wpb_column vc_column_container vc_col-sm-12\">\n<div class=\"vc_column-inner\">\n<div class=\"wpb_wrapper\">\n<div class=\"wpb_text_column wpb_content_element\">\n<div class=\"wpb_wrapper\">\n<p><strong>Consulteu per altres dates<\/strong>La majoria dels nostres tours tenen sortides setmanals.<\/p>\n<\/div>\n<\/div>\n<\/div>\n<\/div>\n<\/div>\n<\/div>\n\n\t\t<\/div>\n\t<\/div>\n<\/div><\/div><\/div><\/div><div class=\"vc_row wpb_row vc_inner vc_row-fluid\"><div class=\"wpb_column vc_column_container vc_col-sm-12\"><div class=\"vc_column-inner\"><div class=\"wpb_wrapper\">\n\t<div class=\"wpb_text_column wpb_content_element titulodestascados\" >\n\t\t<div class=\"wpb_wrapper\">\n\t\t\t<h3 style=\"font-weight: 300; text-transform: none;\"><i class=\"fa fa-bookmark\"><\/i>\u00a0Ofertes especials per a vacances a Egipte per a l'estiu del 2026<\/h3>\n\n\t\t<\/div>\n\t<\/div>\n<\/div><\/div><\/div><\/div><div class=\"vcex-module wpex-carousel wpex-carousel-blog wpex-clr owl-carousel arrwstyle-default\" data-wpex-carousel=\"{&quot;nav&quot;:true,&quot;dots&quot;:false,&quot;autoplay&quot;:false,&quot;loop&quot;:false,&quot;center&quot;:false,&quot;smartSpeed&quot;:250,&quot;items&quot;:3,&quot;slideBy&quot;:2,&quot;autoplayTimeout&quot;:5000,&quot;margin&quot;:20,&quot;itemsTablet&quot;:3,&quot;itemsMobileLandscape&quot;:2,&quot;itemsMobilePortrait&quot;:1,&quot;autoWidth&quot;:false,&quot;autoHeight&quot;:false}\"><div class=\"wpex-carousel-slide wpex-clr has-media\"><div class=\"wpex-carousel-entry-media entry-media overlay-parent overlay-parent-title-category-hover overlay-h wpex-overflow-hidden overlay-ms\"><a href=\"https:\/\/aspasiatravel.es\/ca\/egipto\/visitar-egipto-faraonico\/\" title=\"Egipte fara\u00f2nic\" class=\"wpex-carousel-entry-img\"><img decoding=\"async\" data-no-lazy=\"1\" class=\"wpex-align-middle skip-lazy\" src=\"https:\/\/aspasiatravel.es\/wp-content\/uploads\/2018\/05\/Viaje-a-Egipto-AspasiaTravel-270x148.jpg\" alt=\"Viaje A Egipto AspasiaTravel\" width=\"270\" height=\"148\">\n<div class=\"overlay-title-category-hover overlay-hide theme-overlay wpex-absolute wpex-inset-0 wpex-transition-all wpex-duration-300 wpex-overflow-hidden wpex-flex wpex-items-center wpex-justify-center wpex-text-center\">\n\n\t<div class=\"overlay-bg wpex-bg-black wpex-absolute wpex-inset-0 wpex-opacity-60\"><\/div>\n\n\t<div class=\"overlay-content overlay-scale wpex-relative wpex-text-white wpex-p-15 wpex-duration-300 wpex-transition-transform wpex-clr\">\n\n\t\t<div class=\"overlay-title wpex-text-lg\">Egipte fara\u00f2nic<\/div>\n\n\t\t<div class=\"overlay-terms wpex-opacity-80 wpex-italic\"><span class=\"term-239\">Egipte<\/span>, <span class=\"term-538\">Egipte-color<\/span>, <span class=\"term-244\">n-egipte<\/span>, <span class=\"term-200\">Estiu<\/span>, <span class=\"term-556\">estiu-egipte<\/span><\/div>\n\t<\/div>\n\n<\/div><\/a><\/div><div class=\"extrainfo\">\n\t\t\t\t\t\t\t<div class=\"duracion\" style=\"float:left;\">\n\t\t\t\t\t\t\t<i class=\"fa fa-clock-o\"><\/i> 8D - 7N<\/div>\n\t\t\t\t\t\t\t<div class=\"precio\" style=\"float:right\">\n\t\t\t\t\t\t\t<span style=\"font-size:11px;\">Des de<\/span><\/br><strong>1.565\u20ac +tax<\/strong>\n\t\t\t\t\t\t\t<\/div>\n\t\t\t\t\t\t\t<\/div><div class=\"wpex-carousel-entry-details entry-details wpex-boxed wpex-first-mt-0 wpex-last-mb-0 wpex-clr\"><div class=\"wpex-carousel-entry-title entry-title wpex-mb-5\"><a href=\"https:\/\/aspasiatravel.es\/ca\/egipto\/visitar-egipto-faraonico\/\">Egipte fara\u00f2nic<\/a><\/div>Viatge de grup del 7 al 14 d'agost. Un viatge a Egipte que inclou el Caire i Luxor, navegant pel Nil mentre s'exploren les ru\u00efnes fara\u00f2niques que la hist\u00f2ria ens ha deixat. Altres punts destacats<\/div><\/div><\/div><div class=\"vc_empty_space\"   style=\"height: 32px\"><span class=\"vc_empty_space_inner\"><\/span><\/div><div class=\"vc_row wpb_row vc_inner vc_row-fluid\"><div class=\"wpb_column icon_presu vc_column_container vc_col-sm-12 typography-light\"><div class=\"vc_column-inner\"><div class=\"wpb_wrapper\">\n\t<div class=\"wpb_text_column wpb_content_element\" >\n\t\t<div class=\"wpb_wrapper\">\n\t\t\t<p><span style=\"font-size: 30px; margin-bottom: 20px;\"><i class=\"fa fa-info-circle\"><\/i> Sol\u00b7licitar informaci\u00f3 sobre Egipte<\/span><\/p>\n\n\t\t<\/div>\n\t<\/div>\n<div class=\"vc_empty_space\"   style=\"height: 20px\"><span class=\"vc_empty_space_inner\"><\/span><\/div>\n<div class=\"wpcf7 no-js\" id=\"wpcf7-f195-o1\" lang=\"es-ES\" dir=\"ltr\" data-wpcf7-id=\"195\">\n<div class=\"screen-reader-response\"><p role=\"status\" aria-live=\"polite\" aria-atomic=\"true\"><\/p> <ul><\/ul><\/div>\n<form action=\"\/ca\/wp-json\/wp\/v2\/pages\/25213#wpcf7-f195-o1\" method=\"post\" class=\"wpcf7-form init\" aria-label=\"Formulari de contacte\" novalidate=\"novalidate\" data-status=\"init\" data-trp-original-action=\"\/ca\/wp-json\/wp\/v2\/pages\/25213#wpcf7-f195-o1\">\n<fieldset class=\"hidden-fields-container\"><input type=\"hidden\" name=\"_wpcf7\" value=\"195\" \/><input type=\"hidden\" name=\"_wpcf7_version\" value=\"6.1.1\" \/><input type=\"hidden\" name=\"_wpcf7_locale\" value=\"es_ES\" \/><input type=\"hidden\" name=\"_wpcf7_unit_tag\" value=\"wpcf7-f195-o1\" \/><input type=\"hidden\" name=\"_wpcf7_container_post\" value=\"0\" \/><input type=\"hidden\" name=\"_wpcf7_posted_data_hash\" value=\"\" \/><input type=\"hidden\" name=\"_wpcf7dtx_version\" value=\"5.0.3\" \/><input type=\"hidden\" name=\"_wpcf7_recaptcha_response\" value=\"\" \/>\n<\/fieldset>\n<div class=\"flotarmargen_pais_a\">\n\t<p><span class=\"wpcf7-form-control-wrap\" data-name=\"your-name\"><input size=\"40\" maxlength=\"400\" class=\"wpcf7-form-control wpcf7-text wpcf7-validates-as-required\" aria-required=\"true\" aria-invalid=\"false\" placeholder=\"Nom i cognoms*\" value=\"\" type=\"text\" name=\"your-name\" \/><\/span>\n\t<\/p>\n\t<p><span class=\"wpcf7-form-control-wrap\" data-name=\"your-email\"><input size=\"40\" maxlength=\"400\" class=\"wpcf7-form-control wpcf7-email wpcf7-validates-as-required wpcf7-text wpcf7-validates-as-email\" aria-required=\"true\" aria-invalid=\"false\" placeholder=\"Email*\" value=\"\" type=\"email\" name=\"your-email\" \/><\/span>\n\t<\/p>\n\t<p><span class=\"wpcf7-form-control-wrap\" data-name=\"your-phone\"><input size=\"40\" maxlength=\"400\" class=\"wpcf7-form-control wpcf7-text wpcf7-validates-as-required\" aria-required=\"true\" aria-invalid=\"false\" placeholder=\"Tel\u00e8fon*\" value=\"\" type=\"text\" name=\"your-phone\" \/><\/span>\n\t<\/p>\n\t<p><span class=\"wpcf7-form-control-wrap\" data-name=\"your-destination\"><input size=\"40\" maxlength=\"400\" class=\"wpcf7-form-control wpcf7-text wpcf7-validates-as-required\" aria-required=\"true\" aria-invalid=\"false\" placeholder=\"Prov\u00edncia de resid\u00e8ncia*\" value=\"\" type=\"text\" name=\"your-destination\" \/><\/span>\n\t<\/p>\n<\/div>\n<div class=\"flotarmargen_pais_b\">\n\t<p><span class=\"wpcf7-form-control-wrap\" data-name=\"your-city\"><input size=\"40\" maxlength=\"400\" class=\"wpcf7-form-control wpcf7-text\" aria-invalid=\"false\" placeholder=\"Ciutat de sortida\" value=\"\" type=\"text\" name=\"your-city\" \/><\/span>\n\t<\/p>\n\t<p><span class=\"wpcf7-form-control-wrap\" data-name=\"your-personas\"><input size=\"40\" maxlength=\"400\" class=\"wpcf7-form-control wpcf7-text\" aria-invalid=\"false\" placeholder=\"Nombre de persones\" value=\"\" type=\"text\" name=\"your-personas\" \/><\/span>\n\t<\/p>\n\t<p><span class=\"wpcf7-form-control-wrap\" data-name=\"your-date\"><input size=\"40\" maxlength=\"400\" class=\"wpcf7-form-control wpcf7-text\" aria-invalid=\"false\" placeholder=\"Data aproximada del viatge\" value=\"\" type=\"text\" name=\"your-date\" \/><\/span>\n\t<\/p>\n\t<p><span class=\"wpcf7-form-control-wrap\" data-name=\"your-destination\"><input size=\"40\" maxlength=\"400\" class=\"wpcf7-form-control wpcf7-text wpcf7-validates-as-required\" aria-required=\"true\" aria-invalid=\"false\" placeholder=\"Destinaci\u00f3*\" value=\"\" type=\"text\" name=\"your-destination\" \/><\/span>\n\t<\/p>\n<\/div>\n<p>&nbsp;<br \/>\nCom ens has conegut? &nbsp; <span class=\"wpcf7-form-control-wrap\" data-name=\"your-info\"><span class=\"wpcf7-form-control wpcf7-checkbox\"><span class=\"wpcf7-list-item first\"><label><input type=\"checkbox\" name=\"your-info[]\" value=\"Internet\" \/><span class=\"wpcf7-list-item-label\">Internet<\/span><\/label><\/span><span class=\"wpcf7-list-item\"><label><input type=\"checkbox\" name=\"your-info[]\" value=\"Recomendaci\u00f3n\" \/><span class=\"wpcf7-list-item-label\">Recomanaci\u00f3<\/span><\/label><\/span><span class=\"wpcf7-list-item last\"><label><input type=\"checkbox\" name=\"your-info[]\" value=\"Somos clientes\" \/><span class=\"wpcf7-list-item-label\">Som clients<\/span><\/label><\/span><\/span><\/span><br \/>\n<br \/>\n<span class=\"wpcf7-form-control-wrap\" data-name=\"your-message\"><textarea cols=\"40\" rows=\"4\" maxlength=\"2000\" class=\"wpcf7-form-control wpcf7-textarea\" aria-invalid=\"false\" placeholder=\"Consulta\" name=\"your-message\"><\/textarea><\/span>\n<\/p>\n<div style=\"display: inline-table;width: 100%;\">\n\t<p style=\"float:left;><span class=\"wpcf7-form-control-wrap\" data-name=\"acceptance-389\"><span class=\"wpcf7-form-control wpcf7-acceptance\"><span class=\"wpcf7-list-item\"><input type=\"checkbox\" name=\"acceptance-389\" value=\"1\" checked=\"checked\" aria-invalid=\"false\" \/><\/span><\/span><\/span> Accepto els <a href=\"\/ca\/legal-advice\/\">termes i condicions.<\/a>\n\t<\/p>\n\t<p style=\"float: right;\"><input class=\"wpcf7-form-control wpcf7-submit has-spinner\" type=\"submit\" value=\"Enviar\" \/>\n\t<\/p>\n<\/div>\n<div class=\"wpcf7-response-output\" aria-hidden=\"true\"><\/div>\n<input type=\"hidden\" name=\"trp-form-language\" value=\"ca\"\/><\/form>\n<\/div>\n<\/div><\/div><\/div><\/div><\/div><\/div><\/div><div class=\"wpb_column columnaficha vc_column_container vc_col-sm-4 bordered-column\"><div style=\"padding-top: 0;padding-bottom: 20px;padding-right: 20px;padding-left: 20px;background-color: #e5e5e5;\" class=\"vc_column-inner\"><div class=\"wpb_wrapper\"><div class=\"vc_empty_space\"   style=\"height: 20px\"><span class=\"vc_empty_space_inner\"><\/span><\/div><div class=\"wpb_gmaps_widget wpb_content_element vc_map_responsive\"><div class=\"wpb_wrapper\"><div class=\"wpb_map_wraper\"><iframe src=\"https:\/\/www.google.com\/maps\/embed?pb=!1m18!1m12!1m3!1d7291201.687778521!2d26.382401180700914!3d26.834955943137743!2m3!1f0!2f0!3f0!3m2!1i1024!2i768!4f13.1!3m3!1m2!1s0x14368976c35c36e9%3A0x2c45a00925c4c444!2sEgipto!5e0!3m2!1ses!2ses!4v1527264489387\" width=\"600\" height=\"450\" frameborder=\"0\" style=\"border:0\" allowfullscreen><\/iframe><\/div><\/div><\/div>\n\t<div class=\"wpb_text_column wpb_content_element\" >\n\t\t<div class=\"wpb_wrapper\">\n\t\t\t<h3><i class=\"fa fa-camera\"><\/i> Galeria d'Egipte<\/h3>\n\n\t\t<\/div>\n\t<\/div>\n<div class=\"vcex-image-grid-wrap wpex-clr\"><div class=\"vcex-module vcex-image-grid wpex-clr grid-style-default wpex-row wpex-lightbox-group\"><div class=\"id-19445 vcex-image-grid-entry vcex-grid-item textcenter span_1_of_4 col col-1\"><figure class=\"vcex-image-grid-entry-figure wpex-last-mb-0 wpex-clr\"><div class=\"vcex-image-grid-entry-img entry-media wpex-image-hover grow wpex-mb-20\"><a href=\"https:\/\/aspasiatravel.es\/wp-content\/uploads\/2023\/01\/Abu-simbel-scaled.jpg\" class=\"vcex-image-grid-entry-img wpex-lightbox-group-item\" data-title=\"Abu simbel scaled\" data-caption=\"Abu simbel scaled\"><img decoding=\"async\" class=\"wpex-align-middle lazyload\" alt=\"Abu Simbel Scaled\" data-src=\"https:\/\/aspasiatravel.es\/wp-content\/uploads\/2023\/01\/Abu-simbel-scaled-73x56.jpg\" width=\"73\" height=\"56\" src=\"data:image\/gif;base64,R0lGODlhAQABAAAAACH5BAEKAAEALAAAAAABAAEAAAICTAEAOw==\" style=\"--smush-placeholder-width: 73px; --smush-placeholder-aspect-ratio: 73\/56;\"><\/a><\/div><\/figure><\/div><div class=\"id-21300 vcex-image-grid-entry vcex-grid-item textcenter span_1_of_4 col col-2\"><figure class=\"vcex-image-grid-entry-figure wpex-last-mb-0 wpex-clr\"><div class=\"vcex-image-grid-entry-img entry-media wpex-image-hover grow wpex-mb-20\"><a href=\"https:\/\/aspasiatravel.es\/wp-content\/uploads\/2023\/06\/EGIPTO.jpg\" class=\"vcex-image-grid-entry-img wpex-lightbox-group-item\" data-title=\"EGIPTO\" data-caption=\"EGIPTO\"><img decoding=\"async\" class=\"wpex-align-middle lazyload\" alt=\"EGIPTO\" data-src=\"https:\/\/aspasiatravel.es\/wp-content\/uploads\/2023\/06\/EGIPTO-73x56.jpg\" width=\"73\" height=\"56\" src=\"data:image\/gif;base64,R0lGODlhAQABAAAAACH5BAEKAAEALAAAAAABAAEAAAICTAEAOw==\" style=\"--smush-placeholder-width: 73px; --smush-placeholder-aspect-ratio: 73\/56;\"><\/a><\/div><\/figure><\/div><div class=\"id-21301 vcex-image-grid-entry vcex-grid-item textcenter span_1_of_4 col col-3\"><figure class=\"vcex-image-grid-entry-figure wpex-last-mb-0 wpex-clr\"><div class=\"vcex-image-grid-entry-img entry-media wpex-image-hover grow wpex-mb-20\"><a href=\"https:\/\/aspasiatravel.es\/wp-content\/uploads\/2023\/06\/landscape-5584652_1920.jpg\" class=\"vcex-image-grid-entry-img wpex-lightbox-group-item\" data-title=\"Egipto\" data-caption=\"Egipto \"><img decoding=\"async\" class=\"wpex-align-middle lazyload\" alt=\"Egipto\" data-src=\"https:\/\/aspasiatravel.es\/wp-content\/uploads\/2023\/06\/landscape-5584652_1920-73x56.jpg\" width=\"73\" height=\"56\" src=\"data:image\/gif;base64,R0lGODlhAQABAAAAACH5BAEKAAEALAAAAAABAAEAAAICTAEAOw==\" style=\"--smush-placeholder-width: 73px; --smush-placeholder-aspect-ratio: 73\/56;\"><\/a><\/div><\/figure><\/div><div class=\"id-18559 vcex-image-grid-entry vcex-grid-item textcenter span_1_of_4 col col-4\"><figure class=\"vcex-image-grid-entry-figure wpex-last-mb-0 wpex-clr\"><div class=\"vcex-image-grid-entry-img entry-media wpex-image-hover grow wpex-mb-20\"><a href=\"https:\/\/aspasiatravel.es\/wp-content\/uploads\/2022\/10\/DSC_0671-scaled.jpg\" class=\"vcex-image-grid-entry-img wpex-lightbox-group-item\" data-title=\"DSC 0671 scaled\" data-caption=\"DSC 0671 scaled\"><img decoding=\"async\" class=\"wpex-align-middle lazyload\" alt=\"DSC 0671 Scaled\" data-src=\"https:\/\/aspasiatravel.es\/wp-content\/uploads\/2022\/10\/DSC_0671-scaled-73x56.jpg\" width=\"73\" height=\"56\" src=\"data:image\/gif;base64,R0lGODlhAQABAAAAACH5BAEKAAEALAAAAAABAAEAAAICTAEAOw==\" style=\"--smush-placeholder-width: 73px; --smush-placeholder-aspect-ratio: 73\/56;\"><\/a><\/div><\/figure><\/div><div class=\"id-13256 vcex-image-grid-entry vcex-grid-item textcenter span_1_of_4 col col-1\"><figure class=\"vcex-image-grid-entry-figure wpex-last-mb-0 wpex-clr\"><div class=\"vcex-image-grid-entry-img entry-media wpex-image-hover grow wpex-mb-20\"><a href=\"https:\/\/aspasiatravel.es\/wp-content\/uploads\/2018\/05\/Egipto.jpg\" class=\"vcex-image-grid-entry-img wpex-lightbox-group-item\" data-title=\"Egipto\" data-caption=\"Egipto\"><img decoding=\"async\" class=\"wpex-align-middle lazyload\" alt=\"Egipto\" data-src=\"https:\/\/aspasiatravel.es\/wp-content\/uploads\/2018\/05\/Egipto-73x56.jpg\" width=\"73\" height=\"56\" src=\"data:image\/gif;base64,R0lGODlhAQABAAAAACH5BAEKAAEALAAAAAABAAEAAAICTAEAOw==\" style=\"--smush-placeholder-width: 73px; --smush-placeholder-aspect-ratio: 73\/56;\"><\/a><\/div><\/figure><\/div><div class=\"id-13255 vcex-image-grid-entry vcex-grid-item textcenter span_1_of_4 col col-2\"><figure class=\"vcex-image-grid-entry-figure wpex-last-mb-0 wpex-clr\"><div class=\"vcex-image-grid-entry-img entry-media wpex-image-hover grow wpex-mb-20\"><a href=\"https:\/\/aspasiatravel.es\/wp-content\/uploads\/2018\/05\/egipto-2.jpg\" class=\"vcex-image-grid-entry-img wpex-lightbox-group-item\" data-title=\"egipto 2\" data-caption=\"egipto 2\"><img decoding=\"async\" class=\"wpex-align-middle lazyload\" alt=\"Egipto 2\" data-src=\"https:\/\/aspasiatravel.es\/wp-content\/uploads\/2018\/05\/egipto-2-73x56.jpg\" data-srcset=\"https:\/\/aspasiatravel.es\/wp-content\/uploads\/2018\/05\/egipto-2-73x56.jpg 73w, https:\/\/aspasiatravel.es\/wp-content\/uploads\/2018\/05\/egipto-2-600x449.jpg 600w\" width=\"73\" height=\"56\" src=\"data:image\/gif;base64,R0lGODlhAQABAAAAACH5BAEKAAEALAAAAAABAAEAAAICTAEAOw==\" style=\"--smush-placeholder-width: 73px; --smush-placeholder-aspect-ratio: 73\/56;\"><\/a><\/div><\/figure><\/div><\/div><\/div>\n\t<div class=\"wpb_text_column wpb_content_element\" >\n\t\t<div class=\"wpb_wrapper\">\n\t\t\t<h3><i class=\"fa fa-video-camera\"><\/i> V\u00eddeo<\/h3>\n\n\t\t<\/div>\n\t<\/div>\n\n\t<div class=\"wpb_video_widget wpb_content_element vc_clearfix   vc_video-aspect-ratio-169 vc_video-el-width-100 vc_video-align-left\" >\n\t\t<div class=\"wpb_wrapper\">\n\t\t\t\n\t\t\t<div class=\"wpb_video_wrapper\"><div class=\"wpex-responsive-media\"><iframe title=\"V\u00eddeo oficial promoci\u00f3 tur\u00edstica - Egipte\" width=\"500\" height=\"281\" src=\"https:\/\/www.youtube.com\/embed\/eCbzn9Kl5bo?feature=oembed\"  allow=\"accelerometer; autoplay; clipboard-write; encrypted-media; gyroscope; picture-in-picture; web-share\" referrerpolicy=\"strict-origin-when-cross-origin\" allowfullscreen><\/iframe><\/div><\/div>\n\t\t<\/div>\n\t<\/div>\n\n\t<div class=\"wpb_text_column wpb_content_element\" >\n\t\t<div class=\"wpb_wrapper\">\n\t\t\t<h3><i class=\"fa fa-comments-o\"><\/i> Opini\u00f3 de viatgers<\/h3>\n\n\t\t<\/div>\n\t<\/div>\n<div class=\"vcex-module vcex-testimonials-grid-wrap wpex-clr\"><div class=\"wpex-row vcex-testimonials-grid wpex-clr\"><div class=\"testimonial-entry vcex-grid-item span_1_of_1 col-1 col post-31552 entry type-testimonials no-media cat-96 cat-240 cat-89 cat-81 cat-460 cat-470 cat-350\"><div class=\"testimonial-entry-content wpex-relative wpex-boxed wpex-border-0 wpex-clr\"><span class=\"testimonial-caret\"><\/span><div class=\"testimonial-entry-details testimonial-entry-text wpex-last-mb-0 wpex-clr\"><p>Magn\u00edfica i sempre molt professional.<br \/>\nSempre es t\u00e9 present el pa\u00eds i la seva cultura. El respecte pels seus habitants.<br \/>\nAcompanyament en tot moment. Ambient agradable i familiar. Eficients i resolutius.<br \/>\nEstic encantada amb les persones que la dirigeixen i la fan possible. (Arm\u00e8nia, Egipte, Ge\u00f2rgia, \u00cdndia, Turquia)<\/p>\n<\/div><\/div><div class=\"testimonial-entry-bottom wpex-flex wpex-flex-wrap wpex-mt-20\"><div class=\"testimonial-entry-meta wpex-flex-grow\"><span class=\"testimonial-entry-company wpex-text-gray-500\"><\/span><\/div><\/div><\/div><div class=\"testimonial-entry vcex-grid-item span_1_of_1 col-1 col post-31475 entry type-testimonials no-media cat-240 cat-460 cat-470\"><div class=\"testimonial-entry-content wpex-relative wpex-boxed wpex-border-0 wpex-clr\"><span class=\"testimonial-caret\"><\/span><div class=\"testimonial-entry-details testimonial-entry-text wpex-last-mb-0 wpex-clr\"><p>Perfecta. I molt ben organitzada, gr\u00e0cies (Egipte)<\/p>\n<\/div><\/div><div class=\"testimonial-entry-bottom wpex-flex wpex-flex-wrap wpex-mt-20\"><div class=\"testimonial-entry-meta wpex-flex-grow\"><span class=\"testimonial-entry-company wpex-text-gray-500\"><\/span><\/div><\/div><\/div><div class=\"testimonial-entry vcex-grid-item span_1_of_1 col-1 col post-31382 entry type-testimonials no-media cat-257 cat-240 cat-460 cat-470 cat-75\"><div class=\"testimonial-entry-content wpex-relative wpex-boxed wpex-border-0 wpex-clr\"><span class=\"testimonial-caret\"><\/span><div class=\"testimonial-entry-details testimonial-entry-text wpex-last-mb-0 wpex-clr\"><p>Estupenda, d\u00f3na molta confian\u00e7a viatjar amb Aspasia (Argentina, Egipte, Uzbekistan)<\/p>\n<\/div><\/div><div class=\"testimonial-entry-bottom wpex-flex wpex-flex-wrap wpex-mt-20\"><div class=\"testimonial-entry-meta wpex-flex-grow\"><span class=\"testimonial-entry-company wpex-text-gray-500\"><\/span><\/div><\/div><\/div><div class=\"testimonial-entry vcex-grid-item span_1_of_1 col-1 col post-31190 entry type-testimonials no-media cat-484 cat-240 cat-460 cat-470\"><div class=\"testimonial-entry-content wpex-relative wpex-boxed wpex-border-0 wpex-clr\"><span class=\"testimonial-caret\"><\/span><div class=\"testimonial-entry-details testimonial-entry-text wpex-last-mb-0 wpex-clr\"><p>Tamb\u00e9 vaig estar a Maldives per\u00f2 no surt a la llista. Viatges en general ben organitzats i amb poques preocupacions. Bona interacci\u00f3 amb els operadors. (Equador i Egipte)<\/p>\n<\/div><\/div><div class=\"testimonial-entry-bottom wpex-flex wpex-flex-wrap wpex-mt-20\"><div class=\"testimonial-entry-meta wpex-flex-grow\"><span class=\"testimonial-entry-company wpex-text-gray-500\"><\/span><\/div><\/div><\/div><\/div><\/div><\/div><\/div><\/div><\/div><div class=\"vc_row wpb_row vc_row-fluid calltoaction lazyload\" style=\"background-image:inherit;background-position: center;background-repeat: no-repeat;background-size: cover;\" data-bg-image=\"url(https:\/\/aspasiatravel.es\/wp-content\/uploads\/2014\/10\/calltoaction1.jpg )\"><div class=\"wpb_column vc_column_container vc_col-sm-12\"><div class=\"vc_column-inner\"><div class=\"wpb_wrapper\"><div class=\"vc_row wpb_row vc_inner vc_row-fluid anchofijo\"><div class=\"wpb_column vc_column_container vc_col-sm-8\"><div class=\"vc_column-inner\"><div class=\"wpb_wrapper\">\n\t<div class=\"wpb_text_column wpb_content_element calltoaction_titulo\" >\n\t\t<div class=\"wpb_wrapper\">\n\t\t\t<p>Podem ajudar-te a planificar el teu viatge a mida a Egipte.<\/p>\n\n\t\t<\/div>\n\t<\/div>\n\n\t<div class=\"wpb_text_column wpb_content_element calltoaction_desc\" >\n\t\t<div class=\"wpb_wrapper\">\n\t\t\t<p>Tots els nostres viatges han estat organitzats pels nostres agents, que us recomanaran els millors llocs per visitar segons els vostres interessos. Gaudiu d'Egipte.<\/p>\n\n\t\t<\/div>\n\t<\/div>\n<\/div><\/div><\/div><div class=\"wpb_column vc_column_container vc_col-sm-4\"><div class=\"vc_column-inner\"><div class=\"wpb_wrapper\">\n\t<div class=\"wpb_raw_code wpb_raw_html wpb_content_element\" >\n\t\t<div class=\"wpb_wrapper\">\n\t\t\t<div class=\"informate_boton\"><a href=\"https:\/\/aspasiatravel.es\/ca\/viaje-a-medida\/\"> <i class=\"fa fa-info-circle\"><\/i> Informa't ara<\/a><\/div>\n\t\t<\/div>\n\t<\/div>\n<\/div><\/div><\/div><\/div><\/div><\/div><\/div><\/div>\n<\/div>","protected":false},"excerpt":{"rendered":"Tamb\u00e9 vaig estar a Maldives per\u00f2 no surt a la llista. Viatges en general ben organitzats i amb poques preocupacions. Bona interacci\u00f3 amb els operadors. (Equador i Egipte)","protected":false},"author":360,"featured_media":21301,"parent":0,"menu_order":0,"comment_status":"closed","ping_status":"closed","template":"","meta":{"footnotes":""},"class_list":["post-25213","page","type-page","status-publish","has-post-thumbnail","hentry","entry","no-media"],"_links":{"self":[{"href":"https:\/\/aspasiatravel.es\/ca\/wp-json\/wp\/v2\/pages\/25213","targetHints":{"allow":["GET"]}}],"collection":[{"href":"https:\/\/aspasiatravel.es\/ca\/wp-json\/wp\/v2\/pages"}],"about":[{"href":"https:\/\/aspasiatravel.es\/ca\/wp-json\/wp\/v2\/types\/page"}],"author":[{"embeddable":true,"href":"https:\/\/aspasiatravel.es\/ca\/wp-json\/wp\/v2\/users\/360"}],"replies":[{"embeddable":true,"href":"https:\/\/aspasiatravel.es\/ca\/wp-json\/wp\/v2\/comments?post=25213"}],"version-history":[{"count":7,"href":"https:\/\/aspasiatravel.es\/ca\/wp-json\/wp\/v2\/pages\/25213\/revisions"}],"predecessor-version":[{"id":36056,"href":"https:\/\/aspasiatravel.es\/ca\/wp-json\/wp\/v2\/pages\/25213\/revisions\/36056"}],"wp:featuredmedia":[{"embeddable":true,"href":"https:\/\/aspasiatravel.es\/ca\/wp-json\/wp\/v2\/media\/21301"}],"wp:attachment":[{"href":"https:\/\/aspasiatravel.es\/ca\/wp-json\/wp\/v2\/media?parent=25213"}],"curies":[{"name":"wp","href":"https:\/\/api.w.org\/{rel}","templated":true}]}}