{"id":275,"date":"2014-10-30T15:51:46","date_gmt":"2014-10-30T15:51:46","guid":{"rendered":"http:\/\/demo.solucionesuno.com\/marmedsachartering\/?page_id=275"},"modified":"2024-07-11T18:02:35","modified_gmt":"2024-07-11T16:02:35","slug":"politica-privacidad","status":"publish","type":"page","link":"https:\/\/aspasiatravel.es\/ca\/politica-privacidad\/","title":{"rendered":"Pol\u00edtica de privacitat"},"content":{"rendered":"<div class=\"wpb-content-wrapper\"><div class=\"vc_row wpb_row vc_row-fluid\"><div class=\"wpb_column vc_column_container vc_col-sm-12\"><div class=\"vc_column-inner\"><div class=\"wpb_wrapper\"><div class=\"vc_empty_space\" id=\"politica-de-privacidad\"  style=\"height: 15px\"><span class=\"vc_empty_space_inner\"><\/span><\/div>\n\t<div class=\"wpb_text_column wpb_content_element\" >\n\t\t<div class=\"wpb_wrapper\">\n\t\t\t<h2><strong>Pol\u00edtica de Privacitat<\/strong><\/h2>\n<p>ASPASIA TRAVEL. La nostra manera de treballar<\/p>\n<p>ASPASIA TRAVEL SL. Realitza els seus serveis des del comprom\u00eds de donar un servei de qualitat al viatger. Aix\u00f2 implica actuar amb responsabilitat i comprom\u00eds amb els viatgers i tamb\u00e9 amb els receptius nacionals o internacionals. Adaptem les dades de la nostra empresa al Reglament Europeu de Protecci\u00f3 de Dades, juntament amb la Llei Org\u00e0nica 3\/2018 de Protecci\u00f3 de dades personals i garanties digitals que el desenvolupa dins de l'estat Espanyol, aix\u00ed com a la llei 34\/02, de l'11 de juliol, de Serveis de la Societat de la Informaci\u00f3 i de Correu Electr\u00f2nic (LSSI), per acollir-nos a la normativa europea i garantir la privacitat i drets dels nostres clients.<\/p>\n<p>Aquesta Pol\u00edtica de Privacitat estableix les directrius sobre les quals ASPASIA TRAVEL SL, (en endavant, el 'Responsable del Tractament') amb domicili a C\/ Roger de Flor 222, bis, de Barcelona, tracta les seves 'Dades Personals' (nom, cognoms, tel\u00e8fon, adre\u00e7a, email, etc.) quan ens les faciliti durant la seva navegaci\u00f3 a trav\u00e9s de la p\u00e0gina web\u00a0<a href=\"http:\/\/aspasiatravel.es\/ca\/\">www.aspasiatravel.es<\/a> (en endavant, 'la Web') o altres vies de comunicaci\u00f3. Estaran sota l'aplicaci\u00f3 d'aquesta Pol\u00edtica de Privacitat, havent de revisar-la per comprovar que hi est\u00e0 conforme.<\/p>\n<ol>\n<li>COMPROM\u00cdS DE PRIVACITAT<\/li>\n<\/ol>\n<p>A ASPASIA TRAVEL SL, respectem la seva privacitat i fem un \u00fas responsable de les seves dades personals. No enviarem comunicacions comercials si vost\u00e8 no ho desitja i podr\u00e0 donar-se de baixa en qualsevol moment que ho sol\u00b7liciti. Tampoc transferirem mai dades a tercers per l'inter\u00e8s de comercialitzar amb les mateixes. Vetllarem per protegir les dades facilitades quan es tracti de sol\u00b7licitar els serveis de les empreses col\u00b7laboradores en els destins internacionals amb els quals treballem. Nom\u00e9s amb la finalitat per a la qual ens hagin sol\u00b7licitat els mateixos serveis.<\/p>\n<p>Qualsevol dubte que se li plantegi al respecte, pot contactar amb nosaltres a trav\u00e9s de la seg\u00fcent adre\u00e7a de correu electr\u00f2nic:\u00a0<u><a href=\"mailto:info@aspasiatravel.es\">info@aspasiatravel.es<\/a><\/u><\/p>\n<ol start=\"2\">\n<li>LA NOSTRA EMPRESA<\/li>\n<\/ol>\n<p>ASPASIA TRAVEL SL, amb domicili a C\/ Roger de Flor 222, bis de Barcelona \u00e9s responsable de les dades personals que vost\u00e8 comparteix amb nosaltres.<\/p>\n<ol start=\"3\">\n<li>DADES PERSONALS QUE TRACTEM<\/li>\n<\/ol>\n<p>El concepte de 'Dades Personals' fa refer\u00e8ncia a qualsevol informaci\u00f3 o dades que pugui identificar-lo directament (per exemple, el seu nom o cognoms) o indirectament (per exemple, el seu document nacional d'identitat).<br \/>\nTamb\u00e9 ho s\u00f3n el seu correu electr\u00f2nic, o la seva adre\u00e7a, el seu tel\u00e8fon m\u00f2bil, etc. o fins i tot l'adre\u00e7a IP del seu ordinador o l'adre\u00e7a MAC del seu dispositiu m\u00f2bil, aix\u00ed com tamb\u00e9 la informaci\u00f3 que obtenim a trav\u00e9s de cookies. La present Pol\u00edtica de Privacitat abasta totes aquestes dades personals que poden ser recollides i gestionades per ASPASIA TRAVEL SL, d'acord amb el que estableix l'article 13 i seg\u00fcents del Reglament Europeu de Protecci\u00f3 de Dades, juntament amb la Llei Org\u00e0nica 3\/2018 de Protecci\u00f3 de dades personals i garanties digitals que el desenvolupa dins de l'estat Espanyol, aix\u00ed com a la llei 34\/02, de l'11 de juliol, de Serveis de la Societat de la Informaci\u00f3 i de Correu Electr\u00f2nic (LSSI).<\/p>\n<ol start=\"4\">\n<li>RECOLLIDA DE DADES PERSONALS I FINALITATS DEL TRACTAMENT<\/li>\n<\/ol>\n<p>Abans de comen\u00e7ar a utilitzar qualsevol dels nostres serveis, haur\u00e0 de llegir aquesta Pol\u00edtica de Privacitat en tots els seus termes. En la mateixa podr\u00e0 veure si hi ha alguna condici\u00f3 particular per al seu \u00fas, o si es requereix un tractament espec\u00edfic de les seves Dades Personals.<br \/>\nPer la present, l'usuari (vost\u00e8) garanteix que les Dades Personals proporcionades s\u00f3n certes i exactes i es compromet a notificar qualsevol canvi o modificaci\u00f3 de les mateixes. Qualsevol p\u00e8rdua o dany causat a la Web, als Responsables del Tractament o a qualsevol tercer mitjan\u00e7ant la comunicaci\u00f3 d'informaci\u00f3 err\u00f2nia, inexacta o incompleta en els formularis de registre ser\u00e0 responsabilitat exclusiva de l'usuari.<\/p>\n<p>Dades Personals que recollim<\/p>\n<p>ASPASIA TRAVEL SL, pot recollir o rebre les seves dades a trav\u00e9s dels nostres llocs web, formularis, xarxes socials, fira de turisme, entre d'altres.<\/p>\n<ol start=\"5\">\n<li>FINALITAT AMB LA QU\u00c8 FEM SERVIR LES SEVES DADES PERSONALS I TIPUS DE DADES QUE ES RECULLEN EN CADASCUNA D'ELLES:<\/li>\n<\/ol>\n<p>5.1. Gesti\u00f3 de la relaci\u00f3 contractual amb vost\u00e8.<\/p>\n<p><strong>Processos<\/strong>\u00a0que inclou:<\/p>\n<ul>\n<li>Gesti\u00f3 i tramitaci\u00f3 dels seus viatges.<\/li>\n<li>Resoluci\u00f3 de tots els dubtes i q\u00fcestions pr\u00e8vies i posteriors a la realitzaci\u00f3 d'un viatge.<\/li>\n<li>Contactar amb vost\u00e8 per informar-lo de tots els aspectes relacionats amb la contractaci\u00f3 del viatge, tant a nivell de rutes, llocs a visitar, majoristes, despla\u00e7aments, com de tots els aspectes econ\u00f2mics del mateix.<\/li>\n<li>Informar-lo de la disponibilitat d'un producte.<\/li>\n<li>Fer el corresponent seguiment quan s'estigui realitzant el viatge. Aix\u00f2 inclou la possibilitat de contactar amb vost\u00e8 mitjan\u00e7ant apps de missatgeria instant\u00e0nia, per comprovar que el viatge s'est\u00e0 desenvolupant conforme al que s'ha contractat.<\/li>\n<li>Administrar el pagament del seu contracte.<\/li>\n<li>Gestionar qualsevol disputa, incid\u00e8ncia o reclamaci\u00f3 relacionada amb un servei.<\/li>\n<li>Mesurar la seva satisfacci\u00f3.<\/li>\n<li>Publicitar els seus comentaris o cr\u00edtiques.<\/li>\n<\/ul>\n<p><strong><u>La finalitat<\/u><\/strong>\u00a0sobre la qual ASPASIA TRAVEL SL. pot actuar \u00e9s en base al compliment de la relaci\u00f3 contractual entre el client i la nostra empresa.<\/p>\n<p><strong><u>El tipus de dades<\/u><\/strong>\u00a0que podem obtenir de vost\u00e8 en aquesta gesti\u00f3 podrien ser els seg\u00fcents (o alguns d'ells):<br \/>\nNom i cognoms, G\u00e8nere, Adre\u00e7a de correu electr\u00f2nic, Adre\u00e7a postal, N\u00famero de tel\u00e8fon, Dades de passaport, Foto i imatge, Data de naixement o edat, ID, Restriccions aliment\u00e0ries, Malalties a tenir en compte per al desenvolupament del viatge, aix\u00ed com minusvalidesa que impliqui adaptaci\u00f3 del viatge, Altra informaci\u00f3 que comparteixi amb nosaltres sobre vost\u00e8, Informaci\u00f3 de la transacci\u00f3, inclosos els productes contractats, Historial de contractaci\u00f3 i compres i La informaci\u00f3 de pagament (n\u00famero de targeta de cr\u00e8dit \/ detalls del compte bancari).<\/p>\n<p>5.2. Enviament de comunicacions comercials i promocionals.<\/p>\n<p>La\u00a0<strong>legitimitat<\/strong>\u00a0sobre la qual ASPASIA TRAVEL SL. pot actuar sempre \u00e9s el seu consentiment.<br \/>\nEnviament de comunicacions de m\u00e0rqueting, Invitacions a xerrades culturals i esdeveniments, Promocions i descomptes especials.<\/p>\n<p><strong><u>El tipus de dades<\/u><\/strong>\u00a0que podem obtenir de vost\u00e8 en aquesta gesti\u00f3 podrien ser els seg\u00fcents (o alguns d'ells):<br \/>\nNom i cognoms, Adre\u00e7a de correu electr\u00f2nic, Adre\u00e7a postal, N\u00famero de tel\u00e8fon, Altra informaci\u00f3 que comparteixi amb nosaltres sobre vost\u00e8.<\/p>\n<p>5.3. En base al Dret a l'Oblit: Creaci\u00f3 i manteniment d'una llista de supressi\u00f3 actualitzada per evitar ser contactat si vost\u00e8 ho sol\u00b7licita.<\/p>\n<p>El RGPD ens habilita a mantenir els seus detalls en una llista de supressi\u00f3, quan vost\u00e8 sol\u00b7licita que no li enviem m\u00e9s comunicacions comercials.\u00a0<strong>La legitimitat<\/strong>\u00a0sobre la qual ASPASIA TRAVEL SL. pot actuar sempre \u00e9s en base al seu consentiment.\u00a0<strong>El tipus de dades<\/strong>\u00a0que podem obtenir de vost\u00e8 en aquesta gesti\u00f3 podrien ser els seg\u00fcents (o alguns d'ells):<br \/>\nNom i cognoms, Adre\u00e7a de correu electr\u00f2nic.<\/p>\n<p>5.4. Gesti\u00f3 del nostre lloc web.<\/p>\n<p>Aquesta gesti\u00f3 es realitza a trav\u00e9s de cookies t\u00e8cniques i funcionals com a part de la navegaci\u00f3 que vost\u00e8 realitza al lloc web.<\/p>\n<p>Els processos que realitzem en aquest apartat s\u00f3n:<br \/>\nVisualitzaci\u00f3 adequada del contingut, Personalitzaci\u00f3 de la interf\u00edcie, com l'idioma, entre d'altres, Par\u00e0metres adjunts al seu dispositiu, inclosa la resoluci\u00f3 de la seva pantalla, etc, Assegurar que el lloc web sigui segur i es trobi protegit, i permetre compartir el nostre contingut a les xarxes socials.<\/p>\n<p><strong><u>La legitimitat<\/u><\/strong>\u00a0que permet a ASPASIA TRAVEL SL. realitzar aquestes actuacions \u00e9s l'Inter\u00e8s leg\u00edtim de la nostra empresa: Garantint-li el correcte funcionament i la millora cont\u00ednua de les galetes que s\u00f3n essencials per al funcionament dels nostres llocs web i que s'utilitzen per mantenir-los de forma segura.<\/p>\n<p><strong><u>El tipus de dades<\/u><\/strong>\u00a0que podem obtenir de vost\u00e8 en aquesta gesti\u00f3 podrien ser els seg\u00fcents (o alguns d'ells):<br \/>\nDades relacionades amb l'\u00fas de la web, P\u00e0gines visitades, V\u00eddeos visualitzats, Prefer\u00e8ncies o interessos personals, Anuncis visualitzats, Productes buscats, Ubicaci\u00f3, Temps de cada visita, Adre\u00e7a de les IP, Informaci\u00f3 del navegador, i Informaci\u00f3 del dispositiu.<\/p>\n<p>&nbsp;<\/p>\n<p>5.5. Servei d'atenci\u00f3 al consumidor.<\/p>\n<p>Els processos d'aquest apartat s\u00f3n b\u00e0sicament proporcionar resposta a les dubtes o q\u00fcestions que ens pugui fer a trav\u00e9s del nostre lloc web.<\/p>\n<p><strong><u>La base legal<\/u><\/strong>\u00a0que permet a ASPASIA TRAVEL SL. realitzar aquestes actuacions \u00e9s l'Inter\u00e8s leg\u00edtim de l'empresa per respondre a les seves sol\u00b7licituds i preguntes respecte als nostres productes i serveis.<br \/>\nEl tipus de dades personals que podem obtenir de vost\u00e8 en aquesta gesti\u00f3 podrien ser els seg\u00fcents (o alguns d'ells):<br \/>\nNom i cognoms, N\u00famero de tel\u00e8fon, Adre\u00e7a de correu electr\u00f2nic, Qualsevol altra informaci\u00f3 que pogu\u00e9s compartir amb nosaltres en el moment de formular la consulta.<\/p>\n<p>5.6. Realitzaci\u00f3 d'estad\u00edstiques.<\/p>\n<p>Per realitzar les nostres estad\u00edstiques podr\u00edem incorporar les seves dades quan vost\u00e8 respon a les nostres enquestes sobre q\u00fcestions relatives als nostres productes, o contacta amb nosaltres a trav\u00e9s d'algunes de les nostres xarxes socials, es subscriu a les nostres newsletters i\/ a les nostres comunicacions comercials.<\/p>\n<p><strong><u>La finalitat<\/u><\/strong>\u00a0amb la qual realitzem totes aquestes gestions s\u00f3n les seg\u00fcents:<br \/>\nRealitzaci\u00f3 d'informes i estad\u00edstiques, Acceptaci\u00f3 del mercat de les nostres campanyes publicit\u00e0ries, Millora en general de totes les nostres ofertes i Con\u00e8ixer com va contactar amb nosaltres.<\/p>\n<p><strong><u>La legitimitat<\/u><\/strong>\u00a0que permet a ASPASIA TRAVEL SL. realitzar aquestes actuacions \u00e9s l'Inter\u00e8s leg\u00edtim de l'empresa: Ajudar-nos a comprendre millor els gustos, les experi\u00e8ncies, la seva visi\u00f3 del producte i les necessitats dels nostres clients per millorar els nostres serveis.<\/p>\n<p><strong><u>El tipus de dades<\/u><\/strong>\u00a0que podem obtenir de vost\u00e8 en aquesta gesti\u00f3 podrien ser els seg\u00fcents (o alguns d'ells):<br \/>\nNom i cognoms, G\u00e8nere, Adre\u00e7a de correu electr\u00f2nic, Adre\u00e7a postal, N\u00famero de tel\u00e8fon, Dades relacionades amb l'\u00fas de la web, P\u00e0gines visitades, V\u00eddeos visualitzats, Anuncis visualitzats, Productes buscats, Ubicaci\u00f3, Temps de cada visita, Adre\u00e7a de les IP, Informaci\u00f3 del navegador i Informaci\u00f3 del dispositiu.<\/p>\n<ol start=\"6\">\n<li>TERCERS QUE PODEN TENIR ACC\u00c9S A LES SEVES DADES PERSONALS<\/li>\n<\/ol>\n<p>Les seves dades poden ser cedides a tercers prestadors de serveis sobre la base legal de l'inter\u00e8s leg\u00edtim de la nostra empresa, per complir amb les finalitats pr\u00f2pies de la mateixa. Aquests tercers poden ser:<\/p>\n<ul>\n<li>Empreses col\u00b7laboradores a nivell de gesti\u00f3 de RRHH, com poden ser gestories i\/o despatxos d'advocats.<\/li>\n<li>Empreses col\u00b7laboradores prove\u00efdores de serveis contractats per vost\u00e8 com transports en el viatge, despla\u00e7aments, hotels, excursions, paquets, etc.<\/li>\n<li>Empreses de serveis inform\u00e0tics, tercers que ens ajuden a proporcionar serveis digitals i de comer\u00e7 electr\u00f2nic, CRM, an\u00e0lisi web i motor de cerca, entre d'altres.<\/li>\n<li>Terceres empreses de transports, per exemple, serveis postals, missatgeria, etc.<\/li>\n<li>Tercers que ens ajuden a proporcionar serveis de TI, com prove\u00efdors de plataforma, serveis d'allotjament, manteniment i suport a les nostres bases de dades, aix\u00ed com al nostre programari i aplicacions que poden contenir dades sobre vost\u00e8.<\/li>\n<\/ul>\n<p>Totes aquestes terceres empreses s\u00f3n de la nostra m\u00e0xima confian\u00e7a. A les mateixes nom\u00e9s se'ls proporciona la informaci\u00f3 indispensable necess\u00e0ria per realitzar el servei contractat per vost\u00e8 i en el contracte subscrit entre aquestes empreses i ASPASIA TRAVEL SL. est\u00e0 expl\u00edcitament establert que no poden usar les seves dades personals per cap altre prop\u00f2sit del contractat per vost\u00e8. Sempre fem el nostre major esfor\u00e7 per garantir que tots els tercers amb els quals treballem mantinguin la seguretat de les seves dades personals.<\/p>\n<ol start=\"7\">\n<li>TRANSFER\u00c8NCIES INTERNACIONALS DE DADES<\/li>\n<\/ol>\n<p>Una transfer\u00e8ncia internacional de dades consisteix en el tractament de dades que suposi la transmissi\u00f3 de les mateixes fora del territori de l'Espai Econ\u00f2mic Europeu, b\u00e9 constitueixi una cessi\u00f3 o comunicaci\u00f3 de dades, b\u00e9 tingui per objecte la realitzaci\u00f3 d'un tractament de dades per compte del responsable del fitxer establert en territori espanyol.<br \/>\nAmb la finalitat de complir amb el servei que vost\u00e8 ens ha contractat, \u00e9s possible que les seves dades personals puguin ser transferides i emmagatzemades en un dest\u00ed fora de l'Espai Econ\u00f2mic Europeu (EEE). Tamb\u00e9 poden ser tractades per membres del personal que operen fora de l'EEE i que treballen per a nosaltres o per a un dels nostres prove\u00efdors de serveis.<\/p>\n<p>ASPASIA TRAVEL SL. transfereix dades personals fora de l'EEE nom\u00e9s de forma segura i legal. Com \u00e9s possible que alguns pa\u00efsos no tinguin lleis que regisquin l'\u00fas i la transfer\u00e8ncia de dades personals, prenem mesures per garantir que els tercers compleixin amb els compromisos establerts en aquesta Pol\u00edtica. Aquests passos poden incloure revisar els est\u00e0ndards de privacitat i seguretat de tercers aix\u00ed com celebrar contractes apropiats (basats en les cl\u00e0usules contractuals tipus de protecci\u00f3 de dades de la plantilla adoptada per la Comissi\u00f3 de la UE).<\/p>\n<ol start=\"8\">\n<li>PER\u00cdODE DE TEMPS DURANT EL QUAL CONSERVEM LES SEVES DADES PERSONALS<\/li>\n<\/ol>\n<p>Nom\u00e9s conservem les seves Dades Personals durant el temps necessari per complir amb la gesti\u00f3 dels nostres serveis o per la finalitat amb la qual ens les va cedir, seguint la durada establerta en cada cas. En el moment en qu\u00e8 desaparegui la necessitat d'usar les seves dades, aquestes seran eliminades de la nostra base de dades.<br \/>\nEls criteris utilitzats per establir quant de temps gestionarem les seves dades s\u00f3n els seg\u00fcents:<\/p>\n<ul>\n<li>Tractament, gesti\u00f3 i la cessi\u00f3 de dades personals i de contacte, amb la finalitat de gestionar la meva petici\u00f3 de viatge: el temps que duri la tramitaci\u00f3 de la mateixa.<\/li>\n<li>Tractament, gesti\u00f3, cessi\u00f3 nacional i transfer\u00e8ncia internacional de les dades personals i de contacte del client o usuari, amb la finalitat de dur a terme la gesti\u00f3, realitzaci\u00f3 del viatge contractat: durant el temps que duri la relaci\u00f3 contractual i qualsevol resoluci\u00f3 d'incid\u00e8ncies o reclamacions posterior al viatge.<\/li>\n<li>Acceptaci\u00f3 perqu\u00e8 ASPASIA TRAVEL SL utilitzi en els seus canals de comunicaci\u00f3 les imatges o \u00e0udios que el client o usuari ofereix volunt\u00e0riament, incloent els menors de 14 anys a la seva c\u00e0rrega per a \u00fas indefinit.<\/li>\n<li>Subscripci\u00f3 a les newsletters de ASPASIA TRAVEL SL per rebre informaci\u00f3 sobre les novetats i ofertes de Viatges: el temps que duri la subscripci\u00f3.<\/li>\n<li>Galetes que s'instal\u00b7len en el seu ordinador: les guardem durant el temps necessari per aconseguir els seus prop\u00f2sits i durant un m\u00e0xim de 365 dies.<\/li>\n<\/ul>\n<ol start=\"9\">\n<li>RESPONSABILITAT EN L'EMAGATZEMAMENT DE LES SEVES DADES PERSONALS<\/li>\n<\/ol>\n<p>La nostra empresa mant\u00e9 un ferm comprom\u00eds per protegir les seves Dades Personals i estableix totes les mesures legals de precauci\u00f3 per aconseguir-ho. Per aix\u00f2, nom\u00e9s treballem amb empreses compromeses, aix\u00ed mateix, amb la protecci\u00f3 de les seves dades personals i signem contractes amb elles per assegurar-nos el compliment de tot el que est\u00e0 establert legalment. Aix\u00ed mateix, utilitzem procediments garants de la seguretat necess\u00e0ria per tractar d'evitar qualsevol acc\u00e9s no autoritzat.<\/p>\n<ol start=\"10\">\n<li>ENLLA\u00c7OS A ALTRES LLOCS WEB, XARXES SOCIALS I DADES COMPARTIDES<\/li>\n<\/ol>\n<p>Els nostres llocs web poden contenir enlla\u00e7os cap a altres p\u00e0gines web. Ha de tenir en compte que aquests llocs web tenen les seves pr\u00f2pies pol\u00edtiques de privacitat i que no som responsables d'aquestes pol\u00edtiques. Ha de consultar les mateixes abans d'enviar dades personals a aquests llocs web.<\/p>\n<p>Aix\u00ed mateix, i pel que fa a l'\u00fas de les nostres xarxes socials, recordi que qualsevol contingut enviat pot ser vist pel p\u00fablic, per la qual cosa ha de tenir cura en proporcionar certes dades personals (per exemple, informaci\u00f3 financera o detalls de la seva adre\u00e7a). No som responsables de cap acci\u00f3 realitzada per altres persones si publica dades personals en una de les nostres plataformes de xarxes socials i li recomanem que no comparteixi aquesta informaci\u00f3.<br \/>\nLes dades personals compartides depenen de la configuraci\u00f3 de la seva plataforma de mitjans socials. Visiti la plataforma de xarxes socials en q\u00fcesti\u00f3 i revisi la seva pol\u00edtica de privacitat per comprendre com es comparteixen i usen les seves dades personals en aquest context.<\/p>\n<ol start=\"11\">\n<li>DRETS DELS NOSTRES USUARIS I CLIENTS<\/li>\n<\/ol>\n<p>D'acord amb la nostra filosofia, la protecci\u00f3 de les teves dades personals \u00e9s de vital import\u00e0ncia per a nosaltres, per aix\u00f2 l'informem que, en relaci\u00f3 amb la privacitat de les seves dades, li corresponen els seg\u00fcents drets:<\/p>\n<ul>\n<li><strong>Dret a la transpar\u00e8ncia de la informaci\u00f3<\/strong>\u00a0que suposa rebre tota la informaci\u00f3 sobre com usem les seves dades personals de forma transparent, clara i redactada de forma senzilla. Si desitja exercir aquest dret, posi's en contacte amb nosaltres a trav\u00e9s de l'adre\u00e7a de correu electr\u00f2nic\u00a0<a href=\"mailto:info@aspasiatravel.es\">info@aspasiatravel.es<\/a> \u00a0Per tramitar la seva sol\u00b7licitud, podrem demanar-li que acredit\u00ef la seva identitat.<\/li>\n<li><strong>Dret d'Acc\u00e9s<\/strong>: Vost\u00e8 t\u00e9 dret a con\u00e8ixer i a accedir a totes les seves dades personals que t\u00e9 la nostra empresa. Si desitja exercir aquest dret, posi's en contacte amb nosaltres a trav\u00e9s de l'adre\u00e7a de correu electr\u00f2nic\u00a0<a href=\"mailto:info@aspasiatravel.es\">info@aspasiatravel.es<\/a> .Per tramitar la seva sol\u00b7licitud, podrem demanar-li que acredit\u00ef la seva identitat.<\/li>\n<li><strong>Dret de limitaci\u00f3:<\/strong>\u00a0Vost\u00e8 t\u00e9 dret a obtenir de la nostra empresa la limitaci\u00f3 del tractament de les seves dades quan siguin inexactes, el tractament sigui il\u00b7l\u00edcit, innecessari per a la finalitat de la nostra empresa, o si vost\u00e8 s'ha oposat en virtut de l'article 21, apartat 1 del RGPD, mentre es verifica si els motius leg\u00edtims del responsable prevalen sobre els de l'interessat. Si desitja exercir aquest dret, posi's en contacte amb nosaltres a trav\u00e9s de l'adre\u00e7a de correu electr\u00f2nic\u00a0<a href=\"mailto:info@aspasiatravel.es\">info@aspasiatravel.es<\/a> . Per tramitar la seva sol\u00b7licitud, podrem demanar-li que acrediti la seva identitat.<\/li>\n<li><strong>Dret a la portabilitat de les dades:\u00a0<\/strong>El Reglament Europeu de Protecci\u00f3 de Dades, juntament amb la Llei Org\u00e0nica 3\/2018 de Protecci\u00f3 de dades personals i garanties digitals que el desenvolupa dins de l'estat espanyol, aix\u00ed com la llei 34\/02, de l'11 de juliol, de Serveis de la Societat de la Informaci\u00f3 i de Correu Electr\u00f2nic (LSSI), preveu la possibilitat de transmetre, traslladar, copiar o transferir dades des de les nostres bases de dades a altres de diferents, de manera que vost\u00e8 tindr\u00e0 dret a que les dades personals es transmetin directament quan sigui t\u00e8cnicament possible. Si desitja exercir aquest dret, posi's en contacte amb nosaltres a trav\u00e9s de l'adre\u00e7a de correu electr\u00f2nic <a href=\"mailto:info@aspasiatravel.es\">info@aspasiatravel.es<\/a> . Per tramitar la seva sol\u00b7licitud, podrem demanar-li que acrediti la seva identitat.<\/li>\n<li><strong>Dret de rectificaci\u00f3:<\/strong>\u00a0Vost\u00e8 t\u00e9 dret a fer que es rectifiquin les seves dades personals quan siguin inexactes o hagin deixat de ser v\u00e0lides o a fer que es completin quan siguin incompletes. Si desitja exercir aquest dret, posi's en contacte amb nosaltres a trav\u00e9s de l'adre\u00e7a de correu electr\u00f2nic\u00a0<a href=\"mailto:info@aspasiatravel.es\">info@aspasiatravel.es<\/a> . Per tramitar la seva sol\u00b7licitud, podrem demanar-li que acrediti la seva identitat.<\/li>\n<li><strong>Dret d'oposici\u00f3:<\/strong>\u00a0Vost\u00e8 pot oposar-se en qualsevol moment a que la nostra empresa tracti les seves dades personals. Si desitja exercir aquest dret, posi's en contacte amb nosaltres a trav\u00e9s de l'adre\u00e7a de correu electr\u00f2nic\u00a0<a href=\"mailto:info@aspasiatravel.es\">info@aspasiatravel.es<\/a> . Per tramitar la seva sol\u00b7licitud, podrem demanar-li que acrediti la seva identitat.<\/li>\n<\/ul>\n\n\t\t<\/div>\n\t<\/div>\n<\/div><\/div><\/div><\/div>\n<\/div>","protected":false},"excerpt":{"rendered":"Pol\u00edtica de Privacidad ASPASIA TRAVEL. Nuestra forma de trabajar ASPASIA TRAVEL SL. Realiza sus servicios desde el compromiso de dar un servicio de calidad al viajero. Ello implica actuar con responsabilidad y compromiso con los viajeros y tambi\u00e9n con los receptivos nacionales o internacionales . Adaptamos los datos de nuestra empresa al\u00a0 Reglamento Europeo de&hellip;","protected":false},"author":1,"featured_media":0,"parent":0,"menu_order":0,"comment_status":"closed","ping_status":"closed","template":"","meta":{"footnotes":""},"class_list":["post-275","page","type-page","status-publish","hentry","entry","no-media"],"_links":{"self":[{"href":"https:\/\/aspasiatravel.es\/ca\/wp-json\/wp\/v2\/pages\/275","targetHints":{"allow":["GET"]}}],"collection":[{"href":"https:\/\/aspasiatravel.es\/ca\/wp-json\/wp\/v2\/pages"}],"about":[{"href":"https:\/\/aspasiatravel.es\/ca\/wp-json\/wp\/v2\/types\/page"}],"author":[{"embeddable":true,"href":"https:\/\/aspasiatravel.es\/ca\/wp-json\/wp\/v2\/users\/1"}],"replies":[{"embeddable":true,"href":"https:\/\/aspasiatravel.es\/ca\/wp-json\/wp\/v2\/comments?post=275"}],"version-history":[{"count":0,"href":"https:\/\/aspasiatravel.es\/ca\/wp-json\/wp\/v2\/pages\/275\/revisions"}],"wp:attachment":[{"href":"https:\/\/aspasiatravel.es\/ca\/wp-json\/wp\/v2\/media?parent=275"}],"curies":[{"name":"wp","href":"https:\/\/api.w.org\/{rel}","templated":true}]}}