{"id":30011,"date":"2025-03-04T13:07:46","date_gmt":"2025-03-04T12:07:46","guid":{"rendered":"https:\/\/aspasiatravel.es\/?page_id=30011"},"modified":"2025-04-08T19:24:40","modified_gmt":"2025-04-08T17:24:40","slug":"sorteo-20-aniversario","status":"publish","type":"page","link":"https:\/\/aspasiatravel.es\/ca\/sorteo-20-aniversario\/","title":{"rendered":"Rifa 20\u00e8 Aniversari Aspasia Travel"},"content":{"rendered":"<div data-elementor-type=\"wp-page\" data-elementor-id=\"30011\" class=\"elementor elementor-30011\" data-elementor-post-type=\"page\">\n\t\t\t\t<div class=\"elementor-element elementor-element-e7a2eba e-con-full e-flex e-con e-parent\" data-id=\"e7a2eba\" data-element_type=\"container\" data-settings=\"{&quot;background_background&quot;:&quot;slideshow&quot;,&quot;background_slideshow_gallery&quot;:[{&quot;id&quot;:29831,&quot;url&quot;:&quot;https:\\\/\\\/aspasiatravel.es\\\/wp-content\\\/uploads\\\/2025\\\/02\\\/personas-mujeres-de-sri-lanka-viajes-culturales-con-profesor.jpg&quot;},{&quot;id&quot;:29801,&quot;url&quot;:&quot;https:\\\/\\\/aspasiatravel.es\\\/wp-content\\\/uploads\\\/2022\\\/02\\\/viaje-a-arabia-con-profesor.bmp&quot;},{&quot;id&quot;:29759,&quot;url&quot;:&quot;https:\\\/\\\/aspasiatravel.es\\\/wp-content\\\/uploads\\\/2025\\\/01\\\/viaje-a-armenia-montana-ararat-scaled.jpg&quot;},{&quot;id&quot;:29726,&quot;url&quot;:&quot;https:\\\/\\\/aspasiatravel.es\\\/wp-content\\\/uploads\\\/2025\\\/01\\\/cascada-parque-nacional-erawan-visitar-tailandia-scaled.jpg&quot;},{&quot;id&quot;:28593,&quot;url&quot;:&quot;https:\\\/\\\/aspasiatravel.es\\\/wp-content\\\/uploads\\\/2024\\\/11\\\/Ranthambore.jpg&quot;},{&quot;id&quot;:28587,&quot;url&quot;:&quot;https:\\\/\\\/aspasiatravel.es\\\/wp-content\\\/uploads\\\/2024\\\/11\\\/holi-fest.jpg&quot;},{&quot;id&quot;:27901,&quot;url&quot;:&quot;https:\\\/\\\/aspasiatravel.es\\\/wp-content\\\/uploads\\\/2024\\\/10\\\/Portades-rutes-3.jpg&quot;},{&quot;id&quot;:27903,&quot;url&quot;:&quot;https:\\\/\\\/aspasiatravel.es\\\/wp-content\\\/uploads\\\/2023\\\/03\\\/jeju-2490410_1280.jpg&quot;},{&quot;id&quot;:26664,&quot;url&quot;:&quot;https:\\\/\\\/aspasiatravel.es\\\/wp-content\\\/uploads\\\/2024\\\/06\\\/viaje-a-irak-que-ver.jpg&quot;},{&quot;id&quot;:26438,&quot;url&quot;:&quot;https:\\\/\\\/aspasiatravel.es\\\/wp-content\\\/uploads\\\/2024\\\/06\\\/viaje-a-peru-que-ver.jpg&quot;}],&quot;background_slideshow_loop&quot;:&quot;yes&quot;,&quot;background_slideshow_slide_duration&quot;:5000,&quot;background_slideshow_slide_transition&quot;:&quot;fade&quot;,&quot;background_slideshow_transition_duration&quot;:500}\">\n\t\t<div class=\"elementor-element elementor-element-312924c e-flex e-con-boxed e-con e-child\" data-id=\"312924c\" data-element_type=\"container\">\n\t\t\t\t\t<div class=\"e-con-inner\">\n\t\t\t\t<div class=\"elementor-element elementor-element-94d4702 elementor-widget elementor-widget-heading\" data-id=\"94d4702\" data-element_type=\"widget\" data-widget_type=\"heading.default\">\n\t\t\t\t<div class=\"elementor-widget-container\">\n\t\t\t\t\t<h2 class=\"elementor-heading-title elementor-size-default\">Rifa 20\u00e8 Aniversari <\/br>Aspasia Travel<\/h2>\t\t\t\t<\/div>\n\t\t\t\t<\/div>\n\t\t\t\t<div class=\"elementor-element elementor-element-194abaf elementor-widget elementor-widget-heading\" data-id=\"194abaf\" data-element_type=\"widget\" data-widget_type=\"heading.default\">\n\t\t\t\t<div class=\"elementor-widget-container\">\n\t\t\t\t\t<h2 class=\"elementor-heading-title elementor-size-default\">A <b>Aspasia Travel<\/b> celebrem dues d\u00e8cades d'experi\u00e8ncies inoblidables. Al llarg d'aquests 20 anys, ens hem comprom\u00e8s a oferir un servei personalitzat i de qualitat. Des de S\u00edria hem anat creixent fins a viatjar actualment a m\u00e9s de 50 destinacions i ens hem especialitzat en experi\u00e8ncies culturals, viatges amb professor... Us agraeixo profundament a tots els que formeu part d'aquesta hist\u00f2ria i als que heu participat en aquesta <b>rifa especial.... A seguir explorant el m\u00f3n amb nosaltres!<\/b><\/h2>\t\t\t\t<\/div>\n\t\t\t\t<\/div>\n\t\t\t\t<div class=\"elementor-element elementor-element-f778193 elementor-widget__width-inherit elementor-countdown--label-block elementor-widget elementor-widget-countdown\" data-id=\"f778193\" data-element_type=\"widget\" data-widget_type=\"countdown.default\">\n\t\t\t\t<div class=\"elementor-widget-container\">\n\t\t\t\t\t\t\t<div class=\"elementor-countdown-wrapper\" data-date=\"1744020000\">\n\t\t\t<div class=\"elementor-countdown-item\"><span class=\"elementor-countdown-digits elementor-countdown-days\"><\/span> <span class=\"elementor-countdown-label\">Dies <\/span><\/div><div class=\"elementor-countdown-item\"><span class=\"elementor-countdown-digits elementor-countdown-hours\"><\/span> <span class=\"elementor-countdown-label\">Hores<\/span><\/div><div class=\"elementor-countdown-item\"><span class=\"elementor-countdown-digits elementor-countdown-minutes\"><\/span> <span class=\"elementor-countdown-label\">Minuts <\/span><\/div><div class=\"elementor-countdown-item\"><span class=\"elementor-countdown-digits elementor-countdown-seconds\"><\/span> <span class=\"elementor-countdown-label\">Segons <\/span><\/div>\t\t<\/div>\n\t\t\t\t\t\t<\/div>\n\t\t\t\t<\/div>\n\t\t\t\t\t<\/div>\n\t\t\t\t<\/div>\n\t\t\t\t<\/div>\n\t\t<div class=\"elementor-element elementor-element-13ba031 e-flex e-con-boxed e-con e-parent\" data-id=\"13ba031\" data-element_type=\"container\" data-settings=\"{&quot;background_background&quot;:&quot;classic&quot;}\">\n\t\t\t\t\t<div class=\"e-con-inner\">\n\t\t\t\t<div class=\"elementor-element elementor-element-df1a67d elementor-widget__width-initial elementor-widget elementor-widget-text-editor\" data-id=\"df1a67d\" data-element_type=\"widget\" data-widget_type=\"text-editor.default\">\n\t\t\t\t<div class=\"elementor-widget-container\">\n\t\t\t\t\t\t\t\t\t<ul>\n<li>El <strong>7 d'abril<\/strong> s'ha realitzat la rifa a trav\u00e9s d'una plataforma segura.<\/li>\n<li>No t'oblidis de seguir-nos a <a href=\"https:\/\/www.instagram.com\/aspasia_travel\/\" target=\"_blank\" rel=\"noopener\" style=\"font-family: inherit; font-size: inherit; font-style: inherit; font-variant-ligatures: inherit; font-variant-caps: inherit; font-weight: inherit;\"><strong>Instagram @aspasia_travel<\/strong><\/a> !<\/li>\n<\/ul>\t\t\t\t\t\t\t\t<\/div>\n\t\t\t\t<\/div>\n\t\t\t\t<div class=\"elementor-element elementor-element-d59bc24 elementor-widget elementor-widget-image\" data-id=\"d59bc24\" data-element_type=\"widget\" data-widget_type=\"image.default\">\n\t\t\t\t<div class=\"elementor-widget-container\">\n\t\t\t\t\t\t\t\t\t\t\t\t\t\t\t<img fetchpriority=\"high\" decoding=\"async\" width=\"682\" height=\"1024\" src=\"https:\/\/aspasiatravel.es\/wp-content\/uploads\/2025\/04\/RESULTADO-SORTEO-20-ANOS-ASPASIA-TRAVEL-682x1024.jpg\" class=\"attachment-large size-large wp-image-31681\" alt=\"RESULTADO SORTEO 20 A\u00d1OS ASPASIA TRAVEL\" srcset=\"https:\/\/aspasiatravel.es\/wp-content\/uploads\/2025\/04\/RESULTADO-SORTEO-20-ANOS-ASPASIA-TRAVEL-682x1024.jpg 682w, https:\/\/aspasiatravel.es\/wp-content\/uploads\/2025\/04\/RESULTADO-SORTEO-20-ANOS-ASPASIA-TRAVEL-200x300.jpg 200w, https:\/\/aspasiatravel.es\/wp-content\/uploads\/2025\/04\/RESULTADO-SORTEO-20-ANOS-ASPASIA-TRAVEL-768x1152.jpg 768w, https:\/\/aspasiatravel.es\/wp-content\/uploads\/2025\/04\/RESULTADO-SORTEO-20-ANOS-ASPASIA-TRAVEL-1024x1536.jpg 1024w, https:\/\/aspasiatravel.es\/wp-content\/uploads\/2025\/04\/RESULTADO-SORTEO-20-ANOS-ASPASIA-TRAVEL-300x450.jpg 300w, https:\/\/aspasiatravel.es\/wp-content\/uploads\/2025\/04\/RESULTADO-SORTEO-20-ANOS-ASPASIA-TRAVEL.jpg 1333w\" sizes=\"(max-width: 682px) 100vw, 682px\" \/>\t\t\t\t\t\t\t\t\t\t\t\t\t\t\t<\/div>\n\t\t\t\t<\/div>\n\t\t\t\t<div class=\"elementor-element elementor-element-a993d79 elementor-widget__width-initial elementor-widget elementor-widget-n-accordion\" data-id=\"a993d79\" data-element_type=\"widget\" data-settings=\"{&quot;default_state&quot;:&quot;all_collapsed&quot;,&quot;max_items_expended&quot;:&quot;one&quot;,&quot;n_accordion_animation_duration&quot;:{&quot;unit&quot;:&quot;ms&quot;,&quot;size&quot;:400,&quot;sizes&quot;:[]}}\" data-widget_type=\"nested-accordion.default\">\n\t\t\t\t<div class=\"elementor-widget-container\">\n\t\t\t\t\t\t\t<div class=\"e-n-accordion\" aria-label=\"Acorde\u00f3. Obre els enlla\u00e7os amb Enter o Espai, tanca amb Escap\u00e7a i navega amb les Fletxes\">\n\t\t\t\t\t\t<details id=\"e-n-accordion-item-1770\" class=\"e-n-accordion-item\" >\n\t\t\t\t<summary class=\"e-n-accordion-item-title\" data-accordion-index=\"1\" tabindex=\"0\" aria-expanded=\"false\" aria-controls=\"e-n-accordion-item-1770\" >\n\t\t\t\t\t<span class='e-n-accordion-item-title-header'><div class=\"e-n-accordion-item-title-text\"> Consulta Requisits i Premis <\/div><\/span>\n\t\t\t\t\t\t\t<span class='e-n-accordion-item-title-icon'>\n\t\t\t<span class='e-opened' ><svg aria-hidden=\"true\" class=\"e-font-icon-svg e-fas-minus\" viewbox=\"0 0 448 512\" xmlns=\"http:\/\/www.w3.org\/2000\/svg\"><path d=\"M416 208H32c-17.67 0-32 14.33-32 32v32c0 17.67 14.33 32 32 32h384c17.67 0 32-14.33 32-32v-32c0-17.67-14.33-32-32-32z\"><\/path><\/svg><\/span>\n\t\t\t<span class='e-closed'><svg aria-hidden=\"true\" class=\"e-font-icon-svg e-fas-plus\" viewbox=\"0 0 448 512\" xmlns=\"http:\/\/www.w3.org\/2000\/svg\"><path d=\"M416 208H272V64c0-17.67-14.33-32-32-32h-32c-17.67 0-32 14.33-32 32v144H32c-17.67 0-32 14.33-32 32v32c0 17.67 14.33 32 32 32h144v144c0 17.67 14.33 32 32 32h32c17.67 0 32-14.33 32-32V304h144c17.67 0 32-14.33 32-32v-32c0-17.67-14.33-32-32-32z\"><\/path><\/svg><\/span>\n\t\t<\/span>\n\n\t\t\t\t\t\t<\/summary>\n\t\t\t\t<div role=\"region\" aria-labelledby=\"e-n-accordion-item-1770\" class=\"elementor-element elementor-element-6d26160 e-con-full e-flex e-con e-child\" data-id=\"6d26160\" data-element_type=\"container\" data-settings=\"{&quot;background_background&quot;:&quot;classic&quot;}\">\n\t\t\t\t<div class=\"elementor-element elementor-element-7d6c640 elementor-widget__width-initial elementor-widget elementor-widget-text-editor\" data-id=\"7d6c640\" data-element_type=\"widget\" data-widget_type=\"text-editor.default\">\n\t\t\t\t<div class=\"elementor-widget-container\">\n\t\t\t\t\t\t\t\t\t<h2 style=\"text-align: center;\"><strong><u>Qui pot participar?<\/u><\/strong><\/h2><p><strong>Tant si has viatjat amb nosaltres com si no,<\/strong><strong style=\"color: var( --e-global-color-bacab15 ); text-align: var(--text-align);\">\u00a0pots optar a algun dels nostres premis.<\/strong><span style=\"color: var( --e-global-color-bacab15 ); text-align: var(--text-align);\">\u00a0<\/span><\/p><pre style=\"text-align: start;\"><span style=\"text-align: center; color: var( --e-global-color-bacab15 );\"><span style=\"color: var( --e-global-color-bacab15 ); text-align: var(--text-align);\">*<i style=\"font-size: 10px;\">Nom\u00e9s s'accepta una participaci\u00f3 per persona.\u00a0<\/i><\/span><\/span><span style=\"color: var( --e-global-color-bacab15 ); text-align: var(--text-align);\"><i style=\"font-size: 10px;\">*En cas que la persona premiada incompleixi algun dels requisits, Aspasia Travel es reserva el dret a repetir la rifa.\u00a0<\/i><\/span><span style=\"color: var( --e-global-color-bacab15 ); font-family: 'Open Sans', sans-serif; font-variant-ligatures: normal; font-variant-caps: normal; font-weight: 400; text-align: var(--text-align); font-size: 10px; font-style: italic;\">Consulta el detall a la descripci\u00f3.<\/span><\/pre><h2><span style=\"color: var( --e-global-color-bacab15 ); text-align: var(--text-align);\"><u><b>Com participar?<\/b><\/u><\/span><\/h2><p><span style=\"color: var( --e-global-color-bacab15 ); text-align: var(--text-align);\">Nom\u00e9s has de omplir els camps obligatoris del formulari i autom\u00e0ticament entrar\u00e0s a la rifa.<\/span><\/p><h2><b><u>Quins s\u00f3n els premis?<\/u><\/b><\/h2><div><p style=\"font-variant-ligatures: normal; font-variant-caps: normal; font-size: 14px; font-family: 'Open Sans', sans-serif; font-style: normal;\"><b style=\"color: var( --e-global-color-bacab15 ); text-align: var(--text-align);\"><u>1. Tant si has viatjat amb Aspasia com si no, pots optar a algun d'aquests premis:<\/u><\/b><\/p><\/div><ul><li>Una maleta de viatge \u00a0(quatre unitats)<\/li><li>Dues sopars per a dues persones en un restaurant s\u00edria<\/li><\/ul><p><u><strong style=\"font-family: 'Open Sans', sans-serif; font-size: 14px; font-style: normal; font-variant-ligatures: normal; font-variant-caps: normal; color: var( --e-global-color-bacab15 ); text-align: var(--text-align);\">2. Premis exclusius nom\u00e9s per a les persones que ja han viatjat amb Aspasia Travel, en algun moment d'aquests 20 anys<\/strong><span style=\"font-family: 'Open Sans', sans-serif; font-size: 14px; font-style: normal; font-variant-ligatures: normal; font-variant-caps: normal; font-weight: 400; color: var( --e-global-color-bacab15 ); text-align: var(--text-align);\">:<\/span><\/u><\/p><p>Volem celebrar-ho\u00a0<span style=\"font-family: 'Open Sans', sans-serif; font-size: 14px; font-style: normal; font-variant-ligatures: normal; font-variant-caps: normal; font-weight: 400; color: var( --e-global-color-bacab15 ); text-align: var(--text-align);\">especialment amb vosaltres!<\/span><span style=\"color: var( --e-global-color-bacab15 ); text-align: var(--text-align);\">\u00a0Els premis exclusius s\u00f3n:<\/span><\/p><ul><li>Un viatge per a dues persones a Uzbekistan, del 7 al 19 d'octubre 2025 ( sense vols)<\/li><li>Un viatge a Egipte per a dues persones, 5 dies 4 nits de creuer pel Nil pensi\u00f3 completa* (sense vols)<\/li><li>Un viatge a Jord\u00e0nia per a dues persones 8 dies, 7 nits (sense vols) *<br \/>*Dates a triar entre maig i setembre de 2025<\/li><li>Llibres dedicats pels nostres professors acompanyants:<br \/>o Llibre 1 Manuel Forcano<br \/>o Llibre 2 Manuel Forcano<br \/>o Llibre 1 Albert Nolla<br \/>o Llibre 2 Albert Nolla<br \/>o Llibre 1 Montserrat Camps<br \/>o Llibre 1 Xavier Montoliu<br \/>o Llibre Mares Migrants Ja\u014bde Editorial dedicat per l'autora<\/li><\/ul><div>\u00a0<\/div>\t\t\t\t\t\t\t\t<\/div>\n\t\t\t\t<\/div>\n\t\t\t\t<\/div>\n\t\t\t\t\t<\/details>\n\t\t\t\t\t<\/div>\n\t\t\t\t\t\t<\/div>\n\t\t\t\t<\/div>\n\t\t\t\t\t<\/div>\n\t\t\t\t<\/div>\n\t\t<div class=\"elementor-element elementor-element-80983d1 e-flex e-con-boxed e-con e-parent\" data-id=\"80983d1\" data-element_type=\"container\">\n\t\t\t\t\t<div class=\"e-con-inner\">\n\t\t\t\t\t<\/div>\n\t\t\t\t<\/div>\n\t\t\t\t<\/div>","protected":false},"excerpt":{"rendered":"<p>Sorteo 20 Aniversario Aspasia Travel En Aspasia Travel celebramos dos d\u00e9cadas de experiencias inolvidables. A lo largo de estos 20 a\u00f1os, nos hemos comprometido a ofrecer un servicio personalizado y de calidad. Desde Siria hemos ido creciendo hasta viajar actualmente a m\u00e1s de 50 destinos y nos hemos especializado en experiencias culturales, viajes con profesor&#8230;&hellip;<\/p>","protected":false},"author":364,"featured_media":0,"parent":0,"menu_order":0,"comment_status":"closed","ping_status":"closed","template":"elementor_header_footer","meta":{"footnotes":""},"class_list":["post-30011","page","type-page","status-publish","hentry","entry","no-media"],"_links":{"self":[{"href":"https:\/\/aspasiatravel.es\/ca\/wp-json\/wp\/v2\/pages\/30011","targetHints":{"allow":["GET"]}}],"collection":[{"href":"https:\/\/aspasiatravel.es\/ca\/wp-json\/wp\/v2\/pages"}],"about":[{"href":"https:\/\/aspasiatravel.es\/ca\/wp-json\/wp\/v2\/types\/page"}],"author":[{"embeddable":true,"href":"https:\/\/aspasiatravel.es\/ca\/wp-json\/wp\/v2\/users\/364"}],"replies":[{"embeddable":true,"href":"https:\/\/aspasiatravel.es\/ca\/wp-json\/wp\/v2\/comments?post=30011"}],"version-history":[{"count":0,"href":"https:\/\/aspasiatravel.es\/ca\/wp-json\/wp\/v2\/pages\/30011\/revisions"}],"wp:attachment":[{"href":"https:\/\/aspasiatravel.es\/ca\/wp-json\/wp\/v2\/media?parent=30011"}],"curies":[{"name":"wp","href":"https:\/\/api.w.org\/{rel}","templated":true}]}}