{"id":36188,"date":"2026-04-02T13:57:53","date_gmt":"2026-04-02T11:57:53","guid":{"rendered":"https:\/\/aspasiatravel.es\/?page_id=36188"},"modified":"2026-04-02T13:57:53","modified_gmt":"2026-04-02T11:57:53","slug":"colaboraciones-culturales","status":"publish","type":"page","link":"https:\/\/aspasiatravel.es\/ca\/colaboraciones-culturales\/","title":{"rendered":"Aliances culturals"},"content":{"rendered":"<div class=\"wpb-content-wrapper\"><div class=\"vc_row wpb_row vc_row-fluid\"><div class=\"wpb_column vc_column_container vc_col-sm-12\"><div class=\"vc_column-inner\"><div class=\"wpb_wrapper\"><div class=\"vc_empty_space\"   style=\"height: 32px\"><span class=\"vc_empty_space_inner\"><\/span><\/div><\/div><\/div><\/div><\/div><div class=\"vc_row wpb_row vc_row-fluid anchofijo\"><div class=\"wpb_column vc_column_container vc_col-sm-8\"><div class=\"vc_column-inner\"><div class=\"wpb_wrapper\"><div class=\"vc_empty_space\"   style=\"height: 32px\"><span class=\"vc_empty_space_inner\"><\/span><\/div>\n\t<div class=\"wpb_text_column wpb_content_element\" >\n\t\t<div class=\"wpb_wrapper\">\n\t\t\t<h1 class=\"my-2 &#091;&amp;+p&#093;:mt-4 &#091;&amp;_strong:has(+br)&#093;:inline-block &#091;&amp;_strong:has(+br)&#093;:pb-2\"><strong><span style=\"color: #000000;\">Col\u00b7laboracions culturals amb Aspasia Travel<span class=\"inline-flex\" aria-label=\"VIATGES AMB PROFESSOR 2026-27\" data-state=\"closed\">\u200b<\/span><\/span><\/strong><\/h1>\n<p>El <strong>comprom\u00eds d'Aspasia Travel amb la cultura<\/strong> va m\u00e9s enll\u00e0 de la hist\u00f2ria i la cuina dels pa\u00efsos que visitem com a espai de viatges. Volem construir ponts amb <strong>altres projectes que posen la cultura al centre de tot<\/strong>, ampliant aix\u00ed els nostres horitzons i els dels nostres clients.<\/p>\n<p>En aquesta secci\u00f3, podeu descobrir una mica m\u00e9s sobre les col\u00b7laboracions culturals d'Aspasia Travel, els seus propis projectes i les activitats que organitzem conjuntament.<\/p>\n\n\t\t<\/div>\n\t<\/div>\n<div class=\"vc_row wpb_row vc_inner vc_row-fluid\"><div class=\"wpb_column vc_column_container vc_col-sm-12\"><div class=\"vc_column-inner\"><div class=\"wpb_wrapper\">\n\t<div class=\"wpb_text_column wpb_content_element titulodestascados\" >\n\t\t<div class=\"wpb_wrapper\">\n\t\t\t<h3 style=\"font-weight: 300; text-transform: none; text-align: center;\"><i class=\"fa fa-bookmark\"><\/i>Col\u00b7laboracions culturals recents<\/h3>\n\n\t\t<\/div>\n\t<\/div>\n<div class=\"vc_empty_space\"   style=\"height: 45px\"><span class=\"vc_empty_space_inner\"><\/span><\/div><div class=\"vc_separator wpb_content_element vc_separator_align_center vc_sep_width_100 vc_sep_double vc_sep_pos_align_center vc_sep_color_black wpb_content_element vc_separator-has-text\" ><span class=\"vc_sep_holder vc_sep_holder_l\"><span class=\"vc_sep_line\"><\/span><\/span><h4>LITERATURA - 17 DE MAR\u00c7 DE 2026<\/h4><span class=\"vc_sep_holder vc_sep_holder_r\"><span class=\"vc_sep_line\"><\/span><\/span>\n<\/div><div class=\"vc_empty_space\"   style=\"height: 32px\"><span class=\"vc_empty_space_inner\"><\/span><\/div><div class=\"vc-hoverbox-wrapper  vc-hoverbox-shape--rounded vc-hoverbox-align--center vc-hoverbox-direction--default vc-hoverbox-width--100\"  ontouchstart=\"\">\n  <div class=\"vc-hoverbox\">\n    <div class=\"vc-hoverbox-inner\">\n      <div class=\"vc-hoverbox-block vc-hoverbox-front lazyload\" style=\"background-image:inherit;\" data-bg-image=\"url(https:\/\/aspasiatravel.es\/wp-content\/uploads\/2026\/03\/MODEL-BANNER-CARTA.jpg)\">\n        <div class=\"vc-hoverbox-block-inner vc-hoverbox-front-inner\">\n            <h2 style=\"font-size: 35px;color: #ffffff;text-align: center;font-family:Francois One;font-weight:400;font-style:normal\" class=\"vc_custom_heading vc_do_custom_heading\">JANDE parla de Mariama B\u00e2<\/h2>\n        <\/div>\n      <\/div>\n      <div class=\"vc-hoverbox-block vc-hoverbox-back\" style=\"background-color: #ebebeb;\">\n        <div class=\"vc-hoverbox-block-inner vc-hoverbox-back-inner\">\n            <h2 style=\"text-align:center\">JANDE parla de Mariama B\u00e2<\/h2>\n            <p><a href=\"https:\/\/aspasiatravel.es\/ca\/blog\/editorial-jande-una-carta-molt-llarga\/\">La seu d'Aspasia Travel va tornar a acollir Editorial Jande per a una conversa sobre el llibre *Una carta molt llarga*, de l'autora senegalesa Mariama B\u00e2.<\/a><\/p>\n\n            \n        <\/div>\n      <\/div>\n    <\/div>\n  <\/div>\n<\/div><div class=\"vc_empty_space\"   style=\"height: 32px\"><span class=\"vc_empty_space_inner\"><\/span><\/div><\/div><\/div><\/div><\/div><\/div><\/div><\/div><div class=\"wpb_column columnaficha vc_column_container vc_col-sm-4 bordered-column\"><div style=\"padding-top: 0;padding-bottom: 20px;padding-right: 20px;padding-left: 20px;background-color: #e5e5e5;\" class=\"vc_column-inner\"><div class=\"wpb_wrapper\">\n\t<div class=\"wpb_text_column wpb_content_element\" >\n\t\t<div class=\"wpb_wrapper\">\n\t\t\t<h2 style=\"text-align: left;\"><span style=\"font-size: 24px;\">COL\u00b7LABORACIONS<\/span><\/h2>\n\n\t\t<\/div>\n\t<\/div>\n\n\t<div class=\"wpb_text_column wpb_content_element\" >\n\t\t<div class=\"wpb_wrapper\">\n\t\t\t<h3><i class=\"fa fa-university\"><\/i><strong>JANDE PUBLICACIONS<\/strong><\/h3>\n\n\t\t<\/div>\n\t<\/div>\n\n\t<div  class=\"wpb_single_image wpb_content_element vc_align_ wpb_content_element\">\n\t\t\n\t\t<figure class=\"wpb_wrapper vc_figure\">\n\t\t\t<div class=\"vc_single_image-wrapper   vc_box_border_grey\"><img fetchpriority=\"high\" decoding=\"async\" width=\"700\" height=\"350\" src=\"https:\/\/aspasiatravel.es\/wp-content\/uploads\/2026\/03\/Logo-Jande.png\" class=\"vc_single_image-img attachment-full\" alt=\"\" title=\"Jande logotip\" srcset=\"https:\/\/aspasiatravel.es\/wp-content\/uploads\/2026\/03\/Logo-Jande.png 700w, https:\/\/aspasiatravel.es\/wp-content\/uploads\/2026\/03\/Logo-Jande-300x150.png 300w, https:\/\/aspasiatravel.es\/wp-content\/uploads\/2026\/03\/Logo-Jande-18x9.png 18w\" sizes=\"(max-width: 700px) 100vw, 700px\" \/><\/div>\n\t\t<\/figure>\n\t<\/div>\n<div class=\"vc_empty_space\"   style=\"height: 25px\"><span class=\"vc_empty_space_inner\"><\/span><\/div>\n\t<div class=\"wpb_text_column wpb_content_element\" >\n\t\t<div class=\"wpb_wrapper\">\n\t\t\t<p><a href=\"https:\/\/editorialjande.com\/\" target=\"_blank\" rel=\"noopener\">Ja\u014bde Edicions<\/a> \u00e9s una cooperativa editorial especialitzada en ficci\u00f3 i no-ficci\u00f3 en catal\u00e0, creada per establir una plataforma d'alta qualitat per a la literatura que posi al centre les veus racialitzades i migrants, i que inclogui tant autors locals que escriuen en catal\u00e0 o espanyol com a escriptors internacionals.<\/p>\n<p>A trav\u00e9s dels seus llibres, els autors d'obres publicades per Ja\u014bde ens introdueixen en nous mons, noves realitats i noves perspectives que s\u00f3n, en ess\u00e8ncia, una altra faceta leg\u00edtima i vibrant de la nostra pr\u00f2pia societat.<\/p>\n\n\t\t<\/div>\n\t<\/div>\n<div class=\"vc_empty_space\"   style=\"height: 25px\"><span class=\"vc_empty_space_inner\"><\/span><\/div><div class=\"vc_btn3-container vc_btn3-inline vc_do_btn\" ><a class=\"vc_general vc_btn3 vc_btn3-size-md vc_btn3-shape-rounded vc_btn3-style-modern vc_btn3-color-grey\" href=\"https:\/\/editorialjande.com\/es\/\" title=\"\" target=\"_blank\" rel=\"noopener\">M\u00e9s informaci\u00f3<\/a><\/div>\n\t<div class=\"wpb_text_column hidden wpb_content_element\" >\n\t\t<div class=\"wpb_wrapper\">\n\t\t\t<h3><i class=\"fa fa-university\"><\/i><strong>VICTORIA MEDINA<\/strong>\u00a0<span style=\"font-size: 13px;\">(Barcelona, 1969)<\/span><\/h3>\n\n\t\t<\/div>\n\t<\/div>\n\n\t<div  class=\"wpb_single_image wpb_content_element vc_align_ wpb_content_element hidden\">\n\t\t\n\t\t<figure class=\"wpb_wrapper vc_figure\">\n\t\t\t<div class=\"vc_single_image-wrapper   vc_box_border_grey\"><img fetchpriority=\"high\" decoding=\"async\" width=\"700\" height=\"350\" src=\"https:\/\/aspasiatravel.es\/wp-content\/uploads\/2026\/03\/Logo-Jande.png\" class=\"vc_single_image-img attachment-full\" alt=\"\" title=\"Jande logotip\" srcset=\"https:\/\/aspasiatravel.es\/wp-content\/uploads\/2026\/03\/Logo-Jande.png 700w, https:\/\/aspasiatravel.es\/wp-content\/uploads\/2026\/03\/Logo-Jande-300x150.png 300w, https:\/\/aspasiatravel.es\/wp-content\/uploads\/2026\/03\/Logo-Jande-18x9.png 18w\" sizes=\"(max-width: 700px) 100vw, 700px\" \/><\/div>\n\t\t<\/figure>\n\t<\/div>\n<div class=\"vc_empty_space\"   style=\"height: 25px\"><span class=\"vc_empty_space_inner\"><\/span><\/div>\n\t<div class=\"wpb_text_column hidden wpb_content_element\" >\n\t\t<div class=\"wpb_wrapper\">\n\t\t\t<p>Ja\u014bde Editorial \u00e9s una cooperativa d'edicions especialitzada en ficci\u00f3 i no ficci\u00f3 en catal\u00e0, fundada el gener de 2025 a Barcelona, Vic i Matar\u00f3 amb una missi\u00f3 social: crear un espai d'alta qualitat per a la literatura que no sab\u00edem que ens faltava.Publicam llibres que posen al centre les veus racialitzades i migrants, tant d'autors locals que escriuen en catal\u00e0 o castell\u00e0 com d'escriptors internacionals, les obres dels quals ens permeten descobrir nous mons, noves realitats i noves perspectives que, en realitat, s\u00f3n simplement una altra faceta leg\u00edtima i viva de la nostra pr\u00f2pia societat.<\/p>\n\n\t\t<\/div>\n\t<\/div>\n<\/div><\/div><\/div><\/div><div class=\"vc_row wpb_row vc_row-fluid calltoaction lazyload\" style=\"background-image:inherit;background-position: center;background-repeat: no-repeat;background-size: cover;\" data-bg-image=\"url(https:\/\/aspasiatravel.es\/wp-content\/uploads\/2014\/10\/calltoaction1.jpg )\"><div class=\"wpb_column vc_column_container vc_col-sm-12\"><div class=\"vc_column-inner\"><div class=\"wpb_wrapper\"><div class=\"vc_row wpb_row vc_inner vc_row-fluid anchofijo\"><div class=\"wpb_column vc_column_container vc_col-sm-8\"><div class=\"vc_column-inner\"><div class=\"wpb_wrapper\">\n\t<div class=\"wpb_text_column wpb_content_element calltoaction_titulo\" >\n\t\t<div class=\"wpb_wrapper\">\n\t\t\t<p>T'ajudem a planificar el teu viatge a mida.<\/p>\n\n\t\t<\/div>\n\t<\/div>\n\n\t<div class=\"wpb_text_column wpb_content_element calltoaction_desc\" >\n\t\t<div class=\"wpb_wrapper\">\n\t\t\t<p>Tots els nostres viatges han estat realitzats pels nostres agents, recomanant-te els millors llocs a visitar segons els teus interessos.<\/p>\n\n\t\t<\/div>\n\t<\/div>\n<\/div><\/div><\/div><div class=\"wpb_column vc_column_container vc_col-sm-4\"><div class=\"vc_column-inner\"><div class=\"wpb_wrapper\">\n\t<div class=\"wpb_raw_code wpb_raw_html wpb_content_element\" >\n\t\t<div class=\"wpb_wrapper\">\n\t\t\t<div class=\"informate_boton\"><a href=\"https:\/\/aspasiatravel.es\/ca\/contacto\/\"> <i class=\"fa fa-info-circle\"><\/i> Informa't ara<\/a><\/div>\n\t\t<\/div>\n\t<\/div>\n<\/div><\/div><\/div><\/div><\/div><\/div><\/div><\/div>\n<\/div>","protected":false},"excerpt":{"rendered":"COLABORACIONES CULTURALES DE ASPASIA TRAVEL\u200b El compromiso de Aspasia Travel con la cultura va m\u00e1s all\u00e1 de la historia y la gastronom\u00eda de los pa\u00edses que visitamos como centro de viajes. Queremos tender puentes con otros proyectos que pongan la cultura en el centro, y as\u00ed ampliar nuestros horizontes y los de nuestros clientes. En&hellip;","protected":false},"author":215,"featured_media":0,"parent":0,"menu_order":0,"comment_status":"closed","ping_status":"closed","template":"","meta":{"footnotes":""},"class_list":["post-36188","page","type-page","status-publish","hentry","entry","no-media"],"_links":{"self":[{"href":"https:\/\/aspasiatravel.es\/ca\/wp-json\/wp\/v2\/pages\/36188","targetHints":{"allow":["GET"]}}],"collection":[{"href":"https:\/\/aspasiatravel.es\/ca\/wp-json\/wp\/v2\/pages"}],"about":[{"href":"https:\/\/aspasiatravel.es\/ca\/wp-json\/wp\/v2\/types\/page"}],"author":[{"embeddable":true,"href":"https:\/\/aspasiatravel.es\/ca\/wp-json\/wp\/v2\/users\/215"}],"replies":[{"embeddable":true,"href":"https:\/\/aspasiatravel.es\/ca\/wp-json\/wp\/v2\/comments?post=36188"}],"version-history":[{"count":10,"href":"https:\/\/aspasiatravel.es\/ca\/wp-json\/wp\/v2\/pages\/36188\/revisions"}],"predecessor-version":[{"id":36316,"href":"https:\/\/aspasiatravel.es\/ca\/wp-json\/wp\/v2\/pages\/36188\/revisions\/36316"}],"wp:attachment":[{"href":"https:\/\/aspasiatravel.es\/ca\/wp-json\/wp\/v2\/media?parent=36188"}],"curies":[{"name":"wp","href":"https:\/\/api.w.org\/{rel}","templated":true}]}}