{"id":412,"date":"2014-11-03T08:47:48","date_gmt":"2014-11-03T08:47:48","guid":{"rendered":"http:\/\/demo.solucionesuno.com\/marmedsachartering\/?page_id=412"},"modified":"2018-05-25T16:46:49","modified_gmt":"2018-05-25T14:46:49","slug":"legal-advice","status":"publish","type":"page","link":"https:\/\/aspasiatravel.es\/ca\/legal-advice\/","title":{"rendered":"Consell Legal"},"content":{"rendered":"<h3><strong>AV\u00cdS LEGAL I CONDICIONS DE PRIVACITAT <\/strong><\/h3>\n<p><strong>Av\u00eds de privacitat d'Aspasia Travel<\/strong><\/p>\n<p>Aquest av\u00eds de privacitat (\u00abAv\u00eds\u00bb) li proporciona m\u00e9s informaci\u00f3 sobre la forma en qu\u00e8 recopilem i fem servir la seva informaci\u00f3 personal (que es coneix com a \u00abdades personals\u00bb en virtut de la legislaci\u00f3 en mat\u00e8ria de protecci\u00f3 de dades).<\/p>\n<p><strong>T\u00e9 dret a oposar-se a que processem les seves dades personals amb finalitats de m\u00e0rqueting directe (la qual cosa fem \u00fanicament amb el seu consentiment) i tamb\u00e9 al processament que es duu a terme per a les finalitats dels nostres interessos leg\u00edtims. Per obtenir m\u00e9s informaci\u00f3, consulteu m\u00e9s avall.<\/strong><\/p>\n<h4><strong>AV\u00cdS: CANVI DE LA LLEI DE PROTECCI\u00d3 DE DADES<\/strong><\/h4>\n<p>La llei en relaci\u00f3 amb la protecci\u00f3 de dades est\u00e0 canviant a partir del 25 de maig de 2018. Aquest Av\u00eds de privacitat s'ha actualitzat per a nous hostes que es registrin a partir del 26 de mar\u00e7 de 2018 i des del 12 d'abril de 2018 per als hostes que es van registrar abans del 26 de mar\u00e7 de 2018. Reflecteix els seus drets nous i millorats i actualitza com processem les seves dades personals.<\/p>\n<p>Ha de llegir \u00edntegrament aquest Av\u00eds de privacitat per comprendre plenament la base sobre la qual recopilem les seves dades personals, com les fem servir, on les emmagatzemem i a qui se les divulguem. Tamb\u00e9 poden aplicar-se altres avisos de privacitat en relaci\u00f3 amb l'\u00fas que fem de les seves dades personals (per exemple, quan utilitza el nostre lloc web, s'aplicar\u00e0 la nostra\u00a0<strong>pol\u00edtica de cookies<\/strong>).<\/p>\n<h3><strong><br \/>\n<\/strong><strong><u>Comprom\u00eds amb la privacitat<\/u><\/strong><\/h3>\n<p><strong>Estem compromesos a protegir les seves dades personals i el seu dret a la privacitat. Sempre mantindrem segures les seves dades personals i complirem amb la llei de protecci\u00f3 de dades vigent establerta de tant en tant.<\/strong><\/p>\n<p><u>Els seus drets<\/u><\/p>\n<p>Per llei, t\u00e9 una s\u00e8rie de drets pel que fa a les seves dades personals. Podeu obtenir m\u00e9s informaci\u00f3 i assessorament sobre els seus drets de l'organisme regulador de protecci\u00f3 de dades del seu pa\u00eds.<\/p>\n<p>&nbsp;<\/p>\n<table width=\"614\">\n<tbody>\n<tr>\n<td width=\"265\">\n<h4><strong>Drets<\/strong><\/h4>\n<\/td>\n<td width=\"350\">\n<h4><strong>Qu\u00e8 significa aix\u00f2?<\/strong><\/h4>\n<\/td>\n<\/tr>\n<tr>\n<td width=\"265\">1. Dret a ser informat<\/td>\n<td width=\"350\">T\u00e9 dret a rebre informaci\u00f3 clara, transparent i f\u00e0cilment comprensible sobre com utilitzem les seves dades personals i els seus drets. Per aquest motiu, li proporcionem la informaci\u00f3 en aquest Av\u00eds.<\/td>\n<\/tr>\n<tr>\n<td width=\"265\">2. Dret d'acc\u00e9s<\/td>\n<td width=\"350\">T\u00e9 dret a obtenir acc\u00e9s a les seves dades personals (si les estem processant) i alguna altra informaci\u00f3 (similar a la proporcionada en aquest Av\u00eds de privacitat).<br \/>\nD'aquesta manera, sap i pot verificar que estem utilitzant les seves dades personals d'acord amb la llei de protecci\u00f3 de dades.<\/td>\n<\/tr>\n<tr>\n<td width=\"265\"><\/td>\n<td width=\"350\"><\/td>\n<\/tr>\n<tr>\n<td width=\"265\">3. Dret a la rectificaci\u00f3<\/td>\n<td width=\"350\">T\u00e9 dret a que es corregeixin les seves dades personals si s\u00f3n inexactes o incompletes.<\/td>\n<\/tr>\n<tr>\n<td width=\"265\">4. Dret a l'eliminaci\u00f3<\/td>\n<td width=\"350\">Tamb\u00e9 es coneix com a \u00abel dret a l'oblit\u00bb i, en termes senzills, li permet sol\u00b7licitar l'eliminaci\u00f3 o supressi\u00f3 de les seves dades personals quan no hi hagi una ra\u00f3 de pes perqu\u00e8 continuem utilitzant-les. No es tracta d'un dret general a l'eliminaci\u00f3, hi ha excepcions.<\/td>\n<\/tr>\n<tr>\n<td width=\"265\">5. Dret a restringir el processament<\/td>\n<td width=\"350\">T\u00e9 dret a \u00abblocar\u00bb o suprimir l'\u00fas posterior de les seves dades personals. Quan es restringeix el processament, encara podem emmagatzemar les seves dades personals, per\u00f2 no podem utilitzar-les m\u00e9s. Mantenim llistes de persones que han sol\u00b7licitat el \u00abblocatge\u00bb de l'\u00fas posterior de les seves dades personals per assegurar-nos que es respecti la restricci\u00f3 en el futur.<\/td>\n<\/tr>\n<tr>\n<td width=\"265\"><\/td>\n<td width=\"350\"><\/td>\n<\/tr>\n<tr>\n<td width=\"265\">6. Dret a oposar-se al processament<\/td>\n<td width=\"350\">T\u00e9 dret a oposar-se al processament amb finalitats de m\u00e0rqueting directe (la qual cosa fem \u00fanicament amb el seu consentiment) i tamb\u00e9 al processament que es duu a terme per a les finalitats dels nostres interessos leg\u00edtims.<\/td>\n<\/tr>\n<tr>\n<td width=\"265\">7. Dret a presentar una queixa<\/td>\n<td width=\"350\">T\u00e9 dret a presentar una queixa per la forma en qu\u00e8 tractem o processem les seves dades personals davant de l'organisme regulador de protecci\u00f3 de dades del seu pa\u00eds.<\/td>\n<\/tr>\n<tr>\n<td width=\"265\">8. Dret a retirar el consentiment<\/td>\n<td width=\"350\">Si ha atorgat el seu consentiment al que fem amb les seves dades personals, t\u00e9 dret a retirar-lo en qualsevol moment (encara que si ho fa, no significa que fins a aquest moment h\u00e0gim fet res il\u00b7legal amb les seves dades personals amb el seu consentiment). Aix\u00f2 inclou el seu dret a retirar el seu consentiment perqu\u00e8 utilitzem les seves dades personals amb finalitats de m\u00e0rqueting.<\/td>\n<\/tr>\n<\/tbody>\n<\/table>\n<p>Consulteu l'apartat Sol\u00b7licituds m\u00e9s avall per obtenir m\u00e9s informaci\u00f3 sobre com gestionem les sol\u00b7licituds que ens fa.<\/p>\n<p>Aspasia Travel i Aspasia Dive es comprometen a protegir la seva privacitat i operen com a controladors de dades conjunts d'acord amb les legislacions aplicables sobre protecci\u00f3 de dades a la Uni\u00f3 Europea (UE) i l'Espai Econ\u00f2mic Europeu (EEE).<\/p>\n<p>En qualitat de controladors de dades conjunts, tenim acords entre nosaltres per garantir que tractem les seves dades personals correctament i d'acord amb la llei de protecci\u00f3 de dades. Aquests acords reflecteixen les nostres respectives funcions i responsabilitats en relaci\u00f3 amb vost\u00e8, i contemplan quina entitat es troba en la millor posici\u00f3 per complir cada obligaci\u00f3 amb vost\u00e8. Aquests acords entre nosaltres no afecten els seus drets en virtut de la llei de protecci\u00f3 de dades. Per obtenir m\u00e9s informaci\u00f3 sobre aquests acords, no dubti a posar-se en contacte amb nosaltres com s'indica en Contacte m\u00e9s avall.<\/p>\n<h3><strong><u>Quins dades personals recopilem sobre vost\u00e8<\/u><\/strong><\/h3>\n<p>Recopilem les dades personals que ens proporciona com a part del seu registre i qualsevol dada personal addicional que ens proporcioni per actualitzar les seves dades de registre de tant en tant. Aquestes dades personals inclouen el seu nom, adre\u00e7a, lloc de resid\u00e8ncia, data de naixement, adre\u00e7a de correu electr\u00f2nic, n\u00famero de tel\u00e8fon fix i tel\u00e8fon m\u00f2bil, n\u00famero de passaport i altres dades de contacte.<\/p>\n<p>Tamb\u00e9 recopilem informaci\u00f3 sobre les seves prefer\u00e8ncies. Li demanem que ens proporcioni informaci\u00f3 sobre els seus viatges per adaptar les nostres ofertes a les seves prefer\u00e8ncies espec\u00edfiques, i sobre les seves prefer\u00e8ncies de m\u00e0rqueting per posar-nos en contacte amb vost\u00e8 a trav\u00e9s del seu m\u00e8tode preferit de comunicaci\u00f3. Si rep un servei prestat per nosaltres, podem recopilar i registrar les seves prefer\u00e8ncies sobre la forma en qu\u00e8 es va prestar el servei per millorar la seva experi\u00e8ncia la propera vegada.<\/p>\n<p>Tamb\u00e9 recopilem informaci\u00f3 sobre els viatges que realitza amb nosaltres, que inclouen:<\/p>\n<ul>\n<li>Els destins dels quals sol\u00b7licita informaci\u00f3 i els que compra i,<\/li>\n<li>Les dades de les transaccions (que inclouen data, hora i valor de la transacci\u00f3).<\/li>\n<li>Quan obre missatges de correu electr\u00f2nic o altres missatges electr\u00f2nics que li enviem. Aix\u00f2 ens permet adaptar el contingut dels nostres missatges en funci\u00f3 dels seus interessos<\/li>\n<\/ul>\n<p>Tamb\u00e9 podem combinar aquestes dades personals amb altres dades personals que tinguem sobre vost\u00e8 en les entitats de la llista de controladors del nostre grup i els diferents canals que utilitza per interactuar amb nosaltres (per exemple, el nostre lloc web o les nostres xarxes socials). D'aquesta manera, tenim una idea m\u00e9s clara sobre els tipus d'ofertes que li podrien interessar.<\/p>\n<h3><strong><u>Com fem servir les seves dades personals<\/u><\/strong><\/h3>\n<p>Processsem les seves dades personals per oferir-li informaci\u00f3 i notificacions per al seg\u00fcent:<\/p>\n<ul>\n<li>Quan fem confer\u00e8ncies a la nostra oficina<\/li>\n<li>Quan pensem que vost\u00e8 es mereix informaci\u00f3 sobre algun dels nostres destins o activitats culturals.<\/li>\n<\/ul>\n<h4><strong><u>Durant quant de temps guardem les seves dades personals<\/u><\/strong><\/h4>\n<p>Guardarem les seves dades personals mentre continu\u00ef interactuant amb nosaltres (per exemple, si llegeix o fa clic en un missatge de correu electr\u00f2nic que li enviem, realitza una compra o assisteix a un esdeveniment que organitzem). Si no tenim cap interacci\u00f3 amb vost\u00e8 durant cinc anys, intentarem posar-nos en contacte amb vost\u00e8 per veure si encara desitja SEGUIR FORMANT PART DEL GRUP DE VIATGERS Aspasia Travel.<\/p>\n<p>Si no tenim not\u00edcies seves (o si ens informa, en qualsevol moment, que ja no desitja seguir a la Base de dades d'Aspasia Travel), eliminarem les seves dades personals dels nostres registres.<\/p>\n<p>&nbsp;<\/p>\n<p><strong><u>Qu\u00e8 passa si no ens proporciona les dades personals que li demanem o ens sol\u00b7licita que deixem de processar les seves dades personals?<\/u><\/strong><\/p>\n<p>Tingui en compte que, per poder registrar-se, \u00fanicament necessitem tenir la seva adre\u00e7a de correu electr\u00f2nic. No obstant aix\u00f2, si li demanem m\u00e9s dades personals i ens les proporciona, podem prestar-li un millor servei. Com hem assenyalat anteriorment, tamb\u00e9 recopilem determinada informaci\u00f3 sobre les seves activitats i viatges per poder oferir-li un servei m\u00e9s personalitzat.<\/p>\n<p>Si ens demana que deixem d'utilitzar les seves dades personals, l'eliminarem de la nostra llista de base de dades i deixar\u00e0 de rebre les nostres notificacions-<\/p>\n<p>Si ja no desitja rebre aquestes o determinades comunicacions, pot informar-nos posant-se en contacte amb nosaltres mitjan\u00e7ant una de les adreces de correu electr\u00f2nic\u00a0<a href=\"http:\/\/aspasiatravel.es\/ca\/contacto\/\"><strong>aqu\u00ed<\/strong><\/a>. Vost\u00e8 tamb\u00e9 pot actualitzar les seves dades de contacte preferits en qualsevol moment posant-se en contacte amb nosaltres a l'adre\u00e7a anterior.<\/p>\n<p><strong><u>Sol\u00b7licituds<\/u><\/strong><\/p>\n<p>La llei ens exigeix prendre mesures respecte a les sol\u00b7licituds i proporcionar informaci\u00f3 gratu\u00eftament, llevat quan les seves sol\u00b7licituds siguin manifestament infundades o excessives (en particular a causa de la seva naturalesa repetitiva) o negar-nos a prendre mesures respecte a la sol\u00b7licitud.<\/p>\n<p>Si us plau, consideri la seva sol\u00b7licitud de manera responsable abans d'enviar-la. Respondrem tan aviat com puguem. En general, en el termini de quinze dies a partir de la recepci\u00f3 de la seva sol\u00b7licitud, per\u00f2, si la sol\u00b7licitud anir\u00e0 a comportar m\u00e9s temps, ens posarem en contacte amb vost\u00e8 per informar-lo.<\/p>\n<p><strong><u>Contacte<\/u><\/strong><\/p>\n<p>Si necessita posar-se en contacte amb nosaltres per qualsevol motiu (fins i tot per exercir qualsevol dels seus drets en relaci\u00f3 amb la protecci\u00f3 de dades com s'estableix anteriorment), envieu-nos la seva petici\u00f3 a trav\u00e9s de les dades indicades\u00a0<a href=\"http:\/\/aspasiatravel.es\/ca\/contacto\/\"><strong>aqu\u00ed<\/strong><\/a>.<\/p>\n<p>&nbsp;<\/p>\n<p>Si despr\u00e9s de llegir la nostra pol\u00edtica de protecci\u00f3 de dades, vol donar-se de baixa del nostre servei, ho pot fer <strong><u><a href=\"mailto:info@aspasiatravel.es?subject=Darme%20de%20baja%20de%20vuestros%20servicios\">aqu\u00ed<\/a><\/u><\/strong>.<\/p>\n<p>&nbsp;<\/p>\n<p>ASP\u00c0SIA TRAVEL<\/p>","protected":false},"excerpt":{"rendered":"<p>AVISO LEGAL Y CONDICIONES DE PRIVACIDAD Aviso de privacidad de\u00a0Aspasia Travel Este aviso de privacidad (\u00abAviso\u00bb) le brinda m\u00e1s informaci\u00f3n sobre la forma en que recopilamos y usamos su informaci\u00f3n personal (que se conoce como \u00abdatos personales\u00bb en virtud de la legislaci\u00f3n en materia de protecci\u00f3n de datos). Tiene derecho a oponerse a que procesemos&hellip;<\/p>","protected":false},"author":1,"featured_media":0,"parent":0,"menu_order":0,"comment_status":"closed","ping_status":"closed","template":"","meta":{"footnotes":""},"class_list":["post-412","page","type-page","status-publish","hentry","entry","no-media"],"_links":{"self":[{"href":"https:\/\/aspasiatravel.es\/ca\/wp-json\/wp\/v2\/pages\/412","targetHints":{"allow":["GET"]}}],"collection":[{"href":"https:\/\/aspasiatravel.es\/ca\/wp-json\/wp\/v2\/pages"}],"about":[{"href":"https:\/\/aspasiatravel.es\/ca\/wp-json\/wp\/v2\/types\/page"}],"author":[{"embeddable":true,"href":"https:\/\/aspasiatravel.es\/ca\/wp-json\/wp\/v2\/users\/1"}],"replies":[{"embeddable":true,"href":"https:\/\/aspasiatravel.es\/ca\/wp-json\/wp\/v2\/comments?post=412"}],"version-history":[{"count":0,"href":"https:\/\/aspasiatravel.es\/ca\/wp-json\/wp\/v2\/pages\/412\/revisions"}],"wp:attachment":[{"href":"https:\/\/aspasiatravel.es\/ca\/wp-json\/wp\/v2\/media?parent=412"}],"curies":[{"name":"wp","href":"https:\/\/api.w.org\/{rel}","templated":true}]}}