{"id":8030,"date":"2017-04-05T11:38:06","date_gmt":"2017-04-05T09:38:06","guid":{"rendered":"http:\/\/aspasiatravel.es\/?page_id=8030"},"modified":"2026-03-11T17:01:04","modified_gmt":"2026-03-11T16:01:04","slug":"viajes-verano","status":"publish","type":"page","link":"https:\/\/aspasiatravel.es\/ca\/viajes-verano\/","title":{"rendered":"Viatges d'estiu de 2026"},"content":{"rendered":"<div class=\"wpb-content-wrapper\"><div class=\"vc_row wpb_row vc_row-fluid\"><div class=\"wpb_column vc_column_container vc_col-sm-12\"><div class=\"vc_column-inner\"><div class=\"wpb_wrapper\"><div class=\"vc_empty_space\" id=\"viajes verano\"  style=\"height: 15px\"><span class=\"vc_empty_space_inner\"><\/span><\/div><div class=\"vc_row wpb_row vc_inner vc_row-fluid\"><div class=\"wpb_column vc_column_container vc_col-sm-8\"><div class=\"vc_column-inner\"><div class=\"wpb_wrapper\">\n\t<div class=\"wpb_text_column wpb_content_element\" >\n\t\t<div class=\"wpb_wrapper\">\n\t\t\t<h2>Viatges d'estiu de 2026<\/h2>\n<p>Esteu planejant <strong>el teu viatge per a aquest estiu<\/strong>Us suggerim les millors destinacions i rutes per aprofitar al m\u00e0xim les vostres vacances d'estiu. Trobeu tota la informaci\u00f3 sobre les nostres rutes, itineraris, hotels, preus i tot el que necessiteu saber sobre les nostres ofertes.<\/p>\n<p>No et quedis a casa,<strong> Aspasia Travel<\/strong>\u00a0t'ofereix els racons m\u00e9s in\u00e8dits que mai hagis imaginat visitar, en <strong>redu\u00efts grups<\/strong> de gent, amb qui poder compartir totes les experi\u00e8ncies del viatge i del dia a dia i sempre amb la garantia d'Aspasia Travel.<\/p>\n<p>Viatja amb Aspasia Travel el 2026!<\/p>\n\n\t\t<\/div>\n\t<\/div>\n<\/div><\/div><\/div><div class=\"wpb_column vc_column_container vc_col-sm-4\"><div class=\"vc_column-inner\"><div class=\"wpb_wrapper\"><div class=\"vc_empty_space\"   style=\"height: 32px\"><span class=\"vc_empty_space_inner\"><\/span><\/div>\n\t<div  class=\"wpb_single_image wpb_content_element vc_align_ wpb_content_element\">\n\t\t\n\t\t<figure class=\"wpb_wrapper vc_figure\">\n\t\t\t<div class=\"vc_single_image-wrapper   vc_box_border_grey\"><img fetchpriority=\"high\" decoding=\"async\" width=\"1500\" height=\"844\" src=\"https:\/\/aspasiatravel.es\/wp-content\/uploads\/2015\/01\/viajar-a-SriLanka.jpg\" class=\"vc_single_image-img attachment-full\" alt=\"viajar a SriLanka\" title=\"viatge a Sri Lanka\" srcset=\"https:\/\/aspasiatravel.es\/wp-content\/uploads\/2015\/01\/viajar-a-SriLanka.jpg 1500w, https:\/\/aspasiatravel.es\/wp-content\/uploads\/2015\/01\/viajar-a-SriLanka-600x338.jpg 600w, https:\/\/aspasiatravel.es\/wp-content\/uploads\/2015\/01\/viajar-a-SriLanka-300x169.jpg 300w, https:\/\/aspasiatravel.es\/wp-content\/uploads\/2015\/01\/viajar-a-SriLanka-768x432.jpg 768w, https:\/\/aspasiatravel.es\/wp-content\/uploads\/2015\/01\/viajar-a-SriLanka-1024x576.jpg 1024w\" sizes=\"(max-width: 1500px) 100vw, 1500px\" \/><\/div>\n\t\t<\/figure>\n\t<\/div>\n<\/div><\/div><\/div><\/div><div class=\"vc_empty_space\"   style=\"height: 32px\"><span class=\"vc_empty_space_inner\"><\/span><\/div><div class=\"vcex-module vcex-post-type-grid-wrap wpex-clr\"><div class=\"wpex-row vcex-post-type-grid entries wpex-clr match-height-grid\" data-transition-duration=\"0.0\"><div class=\"vcex-post-type-entry clr col span_1_of_5  wpb_animate_when_almost_visible wpb_fadeIn fadeIn textcenter col-1 post-9435 entry type-page has-media\"><div class=\"vcex-post-type-entry-inner entry-inner clr borderrutabox\"><div class=\"vcex-post-type-entry-media entry-media wpex-clr wpex-image-hover grow overlay-parent overlay-parent-plus-hover wpex-overflow-hidden\"><a href=\"https:\/\/aspasiatravel.es\/ca\/uzbekistan-verano-2026\/\" title=\"Uzbekistan Estiu 2026\"><img decoding=\"async\" data-src=\"https:\/\/aspasiatravel.es\/wp-content\/uploads\/2024\/01\/pexels-axp-photography-19439143-scaled-285x165.jpg\" alt=\"Pexels Axp Photography 19439143 Scaled\" width=\"285\" height=\"165\" src=\"data:image\/gif;base64,R0lGODlhAQABAAAAACH5BAEKAAEALAAAAAABAAEAAAICTAEAOw==\" class=\"lazyload\" style=\"--smush-placeholder-width: 285px; --smush-placeholder-aspect-ratio: 285\/165;\">\n<div class=\"overlay-plus-hover overlay-hide theme-overlay wpex-absolute wpex-inset-0 wpex-transition-all wpex-duration-300\" aria-hidden=\"true\">\n\t<span class=\"overlay-bg wpex-bg-center wpex-bg-no-repeat wpex-bg-black wpex-block wpex-absolute wpex-inset-0 wpex-opacity-60\"><\/span>\n<\/div><\/a><\/div><div class=\"vcex-post-type-entry-details entry-details wpex-clr paddingcero\"><div class=\"match-height-content\"><h2 class=\"vcex-post-type-entry-title entry-title\" ><a href=\"https:\/\/aspasiatravel.es\/ca\/uzbekistan-verano-2026\/\">Uzbekistan Estiu 2026<\/a><\/h2><\/div><\/div><div class=\"caracteristicas_listado\" style=\"float:right\">\n\t\t\t\t\t\t\t\t\t<div class=\"detalles_listado\"><ul><li><strong><i class=\"fa fa-clock-o\"><\/i> <\/strong> <\/li><li> <i class=\"fa fa-users\"><\/i> <\/li><li><i class=\"fa fa-calendar\"><\/i> <\/li><\/ul> <\/div>                \n\n\t\t\t\t\t\t<div class=\"precio_listado\">\n\t\t\t\t\t\t<i class=\"fa fa-tags\"><\/i> <strong><\/strong>\n\t\t\t\t\t\t<\/div>\n\t\t\t\t\t\t<\/div><\/div><\/div><div class=\"vcex-post-type-entry clr col span_1_of_5  wpb_animate_when_almost_visible wpb_fadeIn fadeIn textcenter col-2 post-12258 entry type-page has-media\"><div class=\"vcex-post-type-entry-inner entry-inner clr borderrutabox\"><div class=\"vcex-post-type-entry-media entry-media wpex-clr wpex-image-hover grow overlay-parent overlay-parent-plus-hover wpex-overflow-hidden\"><a href=\"https:\/\/aspasiatravel.es\/ca\/peru-verano-2026\/\" title=\"Per\u00fa Estiu 2026\"><img decoding=\"async\" data-src=\"https:\/\/aspasiatravel.es\/wp-content\/uploads\/2017\/01\/viajes-peru-lg-slider-285x165.jpg\" alt=\"Viajes Peru Lg Slider\" width=\"285\" height=\"165\" src=\"data:image\/gif;base64,R0lGODlhAQABAAAAACH5BAEKAAEALAAAAAABAAEAAAICTAEAOw==\" class=\"lazyload\" style=\"--smush-placeholder-width: 285px; --smush-placeholder-aspect-ratio: 285\/165;\">\n<div class=\"overlay-plus-hover overlay-hide theme-overlay wpex-absolute wpex-inset-0 wpex-transition-all wpex-duration-300\" aria-hidden=\"true\">\n\t<span class=\"overlay-bg wpex-bg-center wpex-bg-no-repeat wpex-bg-black wpex-block wpex-absolute wpex-inset-0 wpex-opacity-60\"><\/span>\n<\/div><\/a><\/div><div class=\"vcex-post-type-entry-details entry-details wpex-clr paddingcero\"><div class=\"match-height-content\"><h2 class=\"vcex-post-type-entry-title entry-title\" ><a href=\"https:\/\/aspasiatravel.es\/ca\/peru-verano-2026\/\">Per\u00fa Estiu 2026<\/a><\/h2><\/div><\/div><div class=\"caracteristicas_listado\" style=\"float:right\">\n\t\t\t\t\t\t\t\t\t<div class=\"detalles_listado\"><ul><li><strong><i class=\"fa fa-clock-o\"><\/i> <\/strong> <\/li><li> <i class=\"fa fa-users\"><\/i> <\/li><li><i class=\"fa fa-calendar\"><\/i> <\/li><\/ul> <\/div>                \n\n\t\t\t\t\t\t<div class=\"precio_listado\">\n\t\t\t\t\t\t<i class=\"fa fa-tags\"><\/i> <strong><\/strong>\n\t\t\t\t\t\t<\/div>\n\t\t\t\t\t\t<\/div><\/div><\/div><div class=\"vcex-post-type-entry clr col span_1_of_5  wpb_animate_when_almost_visible wpb_fadeIn fadeIn textcenter col-3 post-25213 entry type-page has-media\"><div class=\"vcex-post-type-entry-inner entry-inner clr borderrutabox\"><div class=\"vcex-post-type-entry-media entry-media wpex-clr wpex-image-hover grow overlay-parent overlay-parent-plus-hover wpex-overflow-hidden\"><a href=\"https:\/\/aspasiatravel.es\/ca\/egipto-verano\/\" title=\"Egipte Estiu 2026\"><img decoding=\"async\" data-src=\"https:\/\/aspasiatravel.es\/wp-content\/uploads\/2023\/06\/landscape-5584652_1920-285x165.jpg\" alt=\"Egipto\" width=\"285\" height=\"165\" src=\"data:image\/gif;base64,R0lGODlhAQABAAAAACH5BAEKAAEALAAAAAABAAEAAAICTAEAOw==\" class=\"lazyload\" style=\"--smush-placeholder-width: 285px; --smush-placeholder-aspect-ratio: 285\/165;\">\n<div class=\"overlay-plus-hover overlay-hide theme-overlay wpex-absolute wpex-inset-0 wpex-transition-all wpex-duration-300\" aria-hidden=\"true\">\n\t<span class=\"overlay-bg wpex-bg-center wpex-bg-no-repeat wpex-bg-black wpex-block wpex-absolute wpex-inset-0 wpex-opacity-60\"><\/span>\n<\/div><\/a><\/div><div class=\"vcex-post-type-entry-details entry-details wpex-clr paddingcero\"><div class=\"match-height-content\"><h2 class=\"vcex-post-type-entry-title entry-title\" ><a href=\"https:\/\/aspasiatravel.es\/ca\/egipto-verano\/\">Egipte Estiu 2026<\/a><\/h2><\/div><\/div><div class=\"caracteristicas_listado\" style=\"float:right\">\n\t\t\t\t\t\t\t\t\t<div class=\"detalles_listado\"><ul><li><strong><i class=\"fa fa-clock-o\"><\/i> <\/strong> <\/li><li> <i class=\"fa fa-users\"><\/i> <\/li><li><i class=\"fa fa-calendar\"><\/i> <\/li><\/ul> <\/div>                \n\n\t\t\t\t\t\t<div class=\"precio_listado\">\n\t\t\t\t\t\t<i class=\"fa fa-tags\"><\/i> <strong><\/strong>\n\t\t\t\t\t\t<\/div>\n\t\t\t\t\t\t<\/div><\/div><\/div><div class=\"vcex-post-type-entry clr col span_1_of_5  wpb_animate_when_almost_visible wpb_fadeIn fadeIn textcenter col-4 post-35923 entry type-page has-media\"><div class=\"vcex-post-type-entry-inner entry-inner clr borderrutabox\"><div class=\"vcex-post-type-entry-media entry-media wpex-clr wpex-image-hover grow overlay-parent overlay-parent-plus-hover wpex-overflow-hidden\"><a href=\"https:\/\/aspasiatravel.es\/ca\/kriguistan-y-kazajstan-verano-2026\/\" title=\"Kirguizistan i Kazakhstan Estiu 2026\"><img decoding=\"async\" data-src=\"https:\/\/aspasiatravel.es\/wp-content\/uploads\/2026\/01\/Lago-Son-Kul-con-yurtas-canva-285x165.png\" alt=\"Yurtas Tradicionales De Kirguist\u00e1n En Las Praderas Verdes Del Lago Son Kul Bajo Un Cielo Azul Con Nubes.\" width=\"285\" height=\"165\" src=\"data:image\/gif;base64,R0lGODlhAQABAAAAACH5BAEKAAEALAAAAAABAAEAAAICTAEAOw==\" class=\"lazyload\" style=\"--smush-placeholder-width: 285px; --smush-placeholder-aspect-ratio: 285\/165;\">\n<div class=\"overlay-plus-hover overlay-hide theme-overlay wpex-absolute wpex-inset-0 wpex-transition-all wpex-duration-300\" aria-hidden=\"true\">\n\t<span class=\"overlay-bg wpex-bg-center wpex-bg-no-repeat wpex-bg-black wpex-block wpex-absolute wpex-inset-0 wpex-opacity-60\"><\/span>\n<\/div><\/a><\/div><div class=\"vcex-post-type-entry-details entry-details wpex-clr paddingcero\"><div class=\"match-height-content\"><h2 class=\"vcex-post-type-entry-title entry-title\" ><a href=\"https:\/\/aspasiatravel.es\/ca\/kriguistan-y-kazajstan-verano-2026\/\">Kirguizistan i Kazakhstan Estiu 2026<\/a><\/h2><\/div><\/div><div class=\"caracteristicas_listado\" style=\"float:right\">\n\t\t\t\t\t\t\t\t\t<div class=\"detalles_listado\"><ul><li><strong><i class=\"fa fa-clock-o\"><\/i> <\/strong> <\/li><li> <i class=\"fa fa-users\"><\/i> <\/li><li><i class=\"fa fa-calendar\"><\/i> <\/li><\/ul> <\/div>                \n\n\t\t\t\t\t\t<div class=\"precio_listado\">\n\t\t\t\t\t\t<i class=\"fa fa-tags\"><\/i> <strong><\/strong>\n\t\t\t\t\t\t<\/div>\n\t\t\t\t\t\t<\/div><\/div><\/div><div class=\"vcex-post-type-entry clr col span_1_of_5  wpb_animate_when_almost_visible wpb_fadeIn fadeIn textcenter col-5 post-9397 entry type-page has-media\"><div class=\"vcex-post-type-entry-inner entry-inner clr borderrutabox\"><div class=\"vcex-post-type-entry-media entry-media wpex-clr wpex-image-hover grow overlay-parent overlay-parent-plus-hover wpex-overflow-hidden\"><a href=\"https:\/\/aspasiatravel.es\/ca\/india-verano-2026\/\" title=\"\u00cdndia Estiu 2026\"><img decoding=\"async\" data-src=\"https:\/\/aspasiatravel.es\/wp-content\/uploads\/2014\/10\/Palacio_India_01-285x165.jpg\" alt=\"Palacio India 01\" width=\"285\" height=\"165\" src=\"data:image\/gif;base64,R0lGODlhAQABAAAAACH5BAEKAAEALAAAAAABAAEAAAICTAEAOw==\" class=\"lazyload\" style=\"--smush-placeholder-width: 285px; --smush-placeholder-aspect-ratio: 285\/165;\">\n<div class=\"overlay-plus-hover overlay-hide theme-overlay wpex-absolute wpex-inset-0 wpex-transition-all wpex-duration-300\" aria-hidden=\"true\">\n\t<span class=\"overlay-bg wpex-bg-center wpex-bg-no-repeat wpex-bg-black wpex-block wpex-absolute wpex-inset-0 wpex-opacity-60\"><\/span>\n<\/div><\/a><\/div><div class=\"vcex-post-type-entry-details entry-details wpex-clr paddingcero\"><div class=\"match-height-content\"><h2 class=\"vcex-post-type-entry-title entry-title\" ><a href=\"https:\/\/aspasiatravel.es\/ca\/india-verano-2026\/\">\u00cdndia Estiu 2026<\/a><\/h2><\/div><\/div><div class=\"caracteristicas_listado\" style=\"float:right\">\n\t\t\t\t\t\t\t\t\t<div class=\"detalles_listado\"><ul><li><strong><i class=\"fa fa-clock-o\"><\/i> <\/strong> <\/li><li> <i class=\"fa fa-users\"><\/i> <\/li><li><i class=\"fa fa-calendar\"><\/i> <\/li><\/ul> <\/div>                \n\n\t\t\t\t\t\t<div class=\"precio_listado\">\n\t\t\t\t\t\t<i class=\"fa fa-tags\"><\/i> <strong><\/strong>\n\t\t\t\t\t\t<\/div>\n\t\t\t\t\t\t<\/div><\/div><\/div><div class=\"vcex-post-type-entry clr col span_1_of_5  wpb_animate_when_almost_visible wpb_fadeIn fadeIn textcenter col-1 post-9960 entry type-page has-media\"><div class=\"vcex-post-type-entry-inner entry-inner clr borderrutabox\"><div class=\"vcex-post-type-entry-media entry-media wpex-clr wpex-image-hover grow overlay-parent overlay-parent-plus-hover wpex-overflow-hidden\"><a href=\"https:\/\/aspasiatravel.es\/ca\/sri-lanka-verano\/\" title=\"Sri Lanka Estiu 2026\"><img decoding=\"async\" data-src=\"https:\/\/aspasiatravel.es\/wp-content\/uploads\/2015\/01\/srimistica1-285x165.jpg\" alt=\"Srimistica1\" width=\"285\" height=\"165\" src=\"data:image\/gif;base64,R0lGODlhAQABAAAAACH5BAEKAAEALAAAAAABAAEAAAICTAEAOw==\" class=\"lazyload\" style=\"--smush-placeholder-width: 285px; --smush-placeholder-aspect-ratio: 285\/165;\">\n<div class=\"overlay-plus-hover overlay-hide theme-overlay wpex-absolute wpex-inset-0 wpex-transition-all wpex-duration-300\" aria-hidden=\"true\">\n\t<span class=\"overlay-bg wpex-bg-center wpex-bg-no-repeat wpex-bg-black wpex-block wpex-absolute wpex-inset-0 wpex-opacity-60\"><\/span>\n<\/div><\/a><\/div><div class=\"vcex-post-type-entry-details entry-details wpex-clr paddingcero\"><div class=\"match-height-content\"><h2 class=\"vcex-post-type-entry-title entry-title\" ><a href=\"https:\/\/aspasiatravel.es\/ca\/sri-lanka-verano\/\">Sri Lanka Estiu 2026<\/a><\/h2><\/div><\/div><div class=\"caracteristicas_listado\" style=\"float:right\">\n\t\t\t\t\t\t\t\t\t<div class=\"detalles_listado\"><ul><li><strong><i class=\"fa fa-clock-o\"><\/i> <\/strong> <\/li><li> <i class=\"fa fa-users\"><\/i> <\/li><li><i class=\"fa fa-calendar\"><\/i> <\/li><\/ul> <\/div>                \n\n\t\t\t\t\t\t<div class=\"precio_listado\">\n\t\t\t\t\t\t<i class=\"fa fa-tags\"><\/i> <strong><\/strong>\n\t\t\t\t\t\t<\/div>\n\t\t\t\t\t\t<\/div><\/div><\/div><div class=\"vcex-post-type-entry clr col span_1_of_5  wpb_animate_when_almost_visible wpb_fadeIn fadeIn textcenter col-2 post-24067 entry type-page has-media\"><div class=\"vcex-post-type-entry-inner entry-inner clr borderrutabox\"><div class=\"vcex-post-type-entry-media entry-media wpex-clr wpex-image-hover grow overlay-parent overlay-parent-plus-hover wpex-overflow-hidden\"><a href=\"https:\/\/aspasiatravel.es\/ca\/china-verano-2026\/\" title=\"Xina Estiu 2026\"><img decoding=\"async\" data-src=\"https:\/\/aspasiatravel.es\/wp-content\/uploads\/2015\/01\/chinaleyenda1-285x165.jpg\" alt=\"Chinaleyenda1\" width=\"285\" height=\"165\" src=\"data:image\/gif;base64,R0lGODlhAQABAAAAACH5BAEKAAEALAAAAAABAAEAAAICTAEAOw==\" class=\"lazyload\" style=\"--smush-placeholder-width: 285px; --smush-placeholder-aspect-ratio: 285\/165;\">\n<div class=\"overlay-plus-hover overlay-hide theme-overlay wpex-absolute wpex-inset-0 wpex-transition-all wpex-duration-300\" aria-hidden=\"true\">\n\t<span class=\"overlay-bg wpex-bg-center wpex-bg-no-repeat wpex-bg-black wpex-block wpex-absolute wpex-inset-0 wpex-opacity-60\"><\/span>\n<\/div><\/a><\/div><div class=\"vcex-post-type-entry-details entry-details wpex-clr paddingcero\"><div class=\"match-height-content\"><h2 class=\"vcex-post-type-entry-title entry-title\" ><a href=\"https:\/\/aspasiatravel.es\/ca\/china-verano-2026\/\">Xina Estiu 2026<\/a><\/h2><\/div><\/div><div class=\"caracteristicas_listado\" style=\"float:right\">\n\t\t\t\t\t\t\t\t\t<div class=\"detalles_listado\"><ul><li><strong><i class=\"fa fa-clock-o\"><\/i> <\/strong> <\/li><li> <i class=\"fa fa-users\"><\/i> <\/li><li><i class=\"fa fa-calendar\"><\/i> <\/li><\/ul> <\/div>                \n\n\t\t\t\t\t\t<div class=\"precio_listado\">\n\t\t\t\t\t\t<i class=\"fa fa-tags\"><\/i> <strong><\/strong>\n\t\t\t\t\t\t<\/div>\n\t\t\t\t\t\t<\/div><\/div><\/div><div class=\"vcex-post-type-entry clr col span_1_of_5  wpb_animate_when_almost_visible wpb_fadeIn fadeIn textcenter col-3 post-24115 entry type-page has-media\"><div class=\"vcex-post-type-entry-inner entry-inner clr borderrutabox\"><div class=\"vcex-post-type-entry-media entry-media wpex-clr wpex-image-hover grow overlay-parent overlay-parent-plus-hover wpex-overflow-hidden\"><a href=\"https:\/\/aspasiatravel.es\/ca\/armenia-verano-2026\/\" title=\"Arm\u00e8nia Estiu 2026\"><img decoding=\"async\" data-src=\"https:\/\/aspasiatravel.es\/wp-content\/uploads\/2017\/06\/Masterclass-elaboraci\u00f3n-pan-Viajes-culturales-a-Armenia-285x165.jpg\" alt=\"Masterclass Elaboraci\u00f3n Pan Viajes Culturales A Armenia\" width=\"285\" height=\"165\" src=\"data:image\/gif;base64,R0lGODlhAQABAAAAACH5BAEKAAEALAAAAAABAAEAAAICTAEAOw==\" class=\"lazyload\" style=\"--smush-placeholder-width: 285px; --smush-placeholder-aspect-ratio: 285\/165;\">\n<div class=\"overlay-plus-hover overlay-hide theme-overlay wpex-absolute wpex-inset-0 wpex-transition-all wpex-duration-300\" aria-hidden=\"true\">\n\t<span class=\"overlay-bg wpex-bg-center wpex-bg-no-repeat wpex-bg-black wpex-block wpex-absolute wpex-inset-0 wpex-opacity-60\"><\/span>\n<\/div><\/a><\/div><div class=\"vcex-post-type-entry-details entry-details wpex-clr paddingcero\"><div class=\"match-height-content\"><h2 class=\"vcex-post-type-entry-title entry-title\" ><a href=\"https:\/\/aspasiatravel.es\/ca\/armenia-verano-2026\/\">Arm\u00e8nia Estiu 2026<\/a><\/h2><\/div><\/div><div class=\"caracteristicas_listado\" style=\"float:right\">\n\t\t\t\t\t\t\t\t\t<div class=\"detalles_listado\"><ul><li><strong><i class=\"fa fa-clock-o\"><\/i> <\/strong> <\/li><li> <i class=\"fa fa-users\"><\/i> <\/li><li><i class=\"fa fa-calendar\"><\/i> <\/li><\/ul> <\/div>                \n\n\t\t\t\t\t\t<div class=\"precio_listado\">\n\t\t\t\t\t\t<i class=\"fa fa-tags\"><\/i> <strong><\/strong>\n\t\t\t\t\t\t<\/div>\n\t\t\t\t\t\t<\/div><\/div><\/div><div class=\"vcex-post-type-entry clr col span_1_of_5  wpb_animate_when_almost_visible wpb_fadeIn fadeIn textcenter col-4 post-24179 entry type-page has-media\"><div class=\"vcex-post-type-entry-inner entry-inner clr borderrutabox\"><div class=\"vcex-post-type-entry-media entry-media wpex-clr wpex-image-hover grow overlay-parent overlay-parent-plus-hover wpex-overflow-hidden\"><a href=\"https:\/\/aspasiatravel.es\/ca\/corea-verano-2026\/\" title=\"Corea Estiu 2026\"><img decoding=\"async\" data-src=\"https:\/\/aspasiatravel.es\/wp-content\/uploads\/2019\/10\/Detalles-del-viaje-a-Corea-285x165.jpg\" alt=\"Corea\" width=\"285\" height=\"165\" src=\"data:image\/gif;base64,R0lGODlhAQABAAAAACH5BAEKAAEALAAAAAABAAEAAAICTAEAOw==\" class=\"lazyload\" style=\"--smush-placeholder-width: 285px; --smush-placeholder-aspect-ratio: 285\/165;\">\n<div class=\"overlay-plus-hover overlay-hide theme-overlay wpex-absolute wpex-inset-0 wpex-transition-all wpex-duration-300\" aria-hidden=\"true\">\n\t<span class=\"overlay-bg wpex-bg-center wpex-bg-no-repeat wpex-bg-black wpex-block wpex-absolute wpex-inset-0 wpex-opacity-60\"><\/span>\n<\/div><\/a><\/div><div class=\"vcex-post-type-entry-details entry-details wpex-clr paddingcero\"><div class=\"match-height-content\"><h2 class=\"vcex-post-type-entry-title entry-title\" ><a href=\"https:\/\/aspasiatravel.es\/ca\/corea-verano-2026\/\">Corea Estiu 2026<\/a><\/h2><\/div><\/div><div class=\"caracteristicas_listado\" style=\"float:right\">\n\t\t\t\t\t\t\t\t\t<div class=\"detalles_listado\"><ul><li><strong><i class=\"fa fa-clock-o\"><\/i> <\/strong> <\/li><li> <i class=\"fa fa-users\"><\/i> <\/li><li><i class=\"fa fa-calendar\"><\/i> <\/li><\/ul> <\/div>                \n\n\t\t\t\t\t\t<div class=\"precio_listado\">\n\t\t\t\t\t\t<i class=\"fa fa-tags\"><\/i> <strong><\/strong>\n\t\t\t\t\t\t<\/div>\n\t\t\t\t\t\t<\/div><\/div><\/div><div class=\"vcex-post-type-entry clr col span_1_of_5  wpb_animate_when_almost_visible wpb_fadeIn fadeIn textcenter col-5 post-25217 entry type-page has-media\"><div class=\"vcex-post-type-entry-inner entry-inner clr borderrutabox\"><div class=\"vcex-post-type-entry-media entry-media wpex-clr wpex-image-hover grow overlay-parent overlay-parent-plus-hover wpex-overflow-hidden\"><a href=\"https:\/\/aspasiatravel.es\/ca\/georgia-verano-2026\/\" title=\"Ge\u00f2rgia Estiu 2026\"><img decoding=\"async\" data-src=\"https:\/\/aspasiatravel.es\/wp-content\/uploads\/2017\/06\/Mtsjeta-Antigua-capital-de-Georgia-285x165.jpg\" alt=\"Mtsjeta Antigua Capital De Georgia\" width=\"285\" height=\"165\" src=\"data:image\/gif;base64,R0lGODlhAQABAAAAACH5BAEKAAEALAAAAAABAAEAAAICTAEAOw==\" class=\"lazyload\" style=\"--smush-placeholder-width: 285px; --smush-placeholder-aspect-ratio: 285\/165;\">\n<div class=\"overlay-plus-hover overlay-hide theme-overlay wpex-absolute wpex-inset-0 wpex-transition-all wpex-duration-300\" aria-hidden=\"true\">\n\t<span class=\"overlay-bg wpex-bg-center wpex-bg-no-repeat wpex-bg-black wpex-block wpex-absolute wpex-inset-0 wpex-opacity-60\"><\/span>\n<\/div><\/a><\/div><div class=\"vcex-post-type-entry-details entry-details wpex-clr paddingcero\"><div class=\"match-height-content\"><h2 class=\"vcex-post-type-entry-title entry-title\" ><a href=\"https:\/\/aspasiatravel.es\/ca\/georgia-verano-2026\/\">Ge\u00f2rgia Estiu 2026<\/a><\/h2><\/div><\/div><div class=\"caracteristicas_listado\" style=\"float:right\">\n\t\t\t\t\t\t\t\t\t<div class=\"detalles_listado\"><ul><li><strong><i class=\"fa fa-clock-o\"><\/i> <\/strong> <\/li><li> <i class=\"fa fa-users\"><\/i> <\/li><li><i class=\"fa fa-calendar\"><\/i> <\/li><\/ul> <\/div>                \n\n\t\t\t\t\t\t<div class=\"precio_listado\">\n\t\t\t\t\t\t<i class=\"fa fa-tags\"><\/i> <strong><\/strong>\n\t\t\t\t\t\t<\/div>\n\t\t\t\t\t\t<\/div><\/div><\/div><div class=\"vcex-post-type-entry clr col span_1_of_5  wpb_animate_when_almost_visible wpb_fadeIn fadeIn textcenter col-1 post-26425 entry type-page has-media\"><div class=\"vcex-post-type-entry-inner entry-inner clr borderrutabox\"><div class=\"vcex-post-type-entry-media entry-media wpex-clr wpex-image-hover grow overlay-parent overlay-parent-plus-hover wpex-overflow-hidden\"><a href=\"https:\/\/aspasiatravel.es\/ca\/bulgaria-verano-2026\/\" title=\"Bulg\u00e0ria Estiu 2026\"><img decoding=\"async\" data-src=\"https:\/\/aspasiatravel.es\/wp-content\/uploads\/2024\/05\/viajar-a-bulgaria-285x165.png\" alt=\"Viajar A Bulgaria\" width=\"285\" height=\"165\" src=\"data:image\/gif;base64,R0lGODlhAQABAAAAACH5BAEKAAEALAAAAAABAAEAAAICTAEAOw==\" class=\"lazyload\" style=\"--smush-placeholder-width: 285px; --smush-placeholder-aspect-ratio: 285\/165;\">\n<div class=\"overlay-plus-hover overlay-hide theme-overlay wpex-absolute wpex-inset-0 wpex-transition-all wpex-duration-300\" aria-hidden=\"true\">\n\t<span class=\"overlay-bg wpex-bg-center wpex-bg-no-repeat wpex-bg-black wpex-block wpex-absolute wpex-inset-0 wpex-opacity-60\"><\/span>\n<\/div><\/a><\/div><div class=\"vcex-post-type-entry-details entry-details wpex-clr paddingcero\"><div class=\"match-height-content\"><h2 class=\"vcex-post-type-entry-title entry-title\" ><a href=\"https:\/\/aspasiatravel.es\/ca\/bulgaria-verano-2026\/\">Bulg\u00e0ria Estiu 2026<\/a><\/h2><\/div><\/div><div class=\"caracteristicas_listado\" style=\"float:right\">\n\t\t\t\t\t\t\t\t\t<div class=\"detalles_listado\"><ul><li><strong><i class=\"fa fa-clock-o\"><\/i> <\/strong> <\/li><li> <i class=\"fa fa-users\"><\/i> <\/li><li><i class=\"fa fa-calendar\"><\/i> <\/li><\/ul> <\/div>                \n\n\t\t\t\t\t\t<div class=\"precio_listado\">\n\t\t\t\t\t\t<i class=\"fa fa-tags\"><\/i> <strong><\/strong>\n\t\t\t\t\t\t<\/div>\n\t\t\t\t\t\t<\/div><\/div><\/div><\/div><\/div><\/div><\/div><\/div><\/div>\n<\/div>","protected":false},"excerpt":{"rendered":"Aspasia Travel ofrece m\u00faltiples itinerarios para viajar durante el Verano de 2026. Adem\u00e1s de las salidas anuales, ofrecemos unas rutas espec\u00edficas por Bulgaria con salidas garantizadas en verano de 2026 desde los principales aeropuertos de Espa\u00f1a. NUESTRAS RUTAS 2026 incluyen salidas garantizadas A PARTIR DE 2 PERSONAS. Vuelos, alojamientos y r\u00e9gimen de Media Pensi\u00f3n. Gu\u00eda&hellip;","protected":false},"author":90,"featured_media":25451,"parent":0,"menu_order":0,"comment_status":"closed","ping_status":"closed","template":"","meta":{"footnotes":""},"class_list":["post-8030","page","type-page","status-publish","has-post-thumbnail","hentry","entry","no-media"],"_links":{"self":[{"href":"https:\/\/aspasiatravel.es\/ca\/wp-json\/wp\/v2\/pages\/8030","targetHints":{"allow":["GET"]}}],"collection":[{"href":"https:\/\/aspasiatravel.es\/ca\/wp-json\/wp\/v2\/pages"}],"about":[{"href":"https:\/\/aspasiatravel.es\/ca\/wp-json\/wp\/v2\/types\/page"}],"author":[{"embeddable":true,"href":"https:\/\/aspasiatravel.es\/ca\/wp-json\/wp\/v2\/users\/90"}],"replies":[{"embeddable":true,"href":"https:\/\/aspasiatravel.es\/ca\/wp-json\/wp\/v2\/comments?post=8030"}],"version-history":[{"count":2,"href":"https:\/\/aspasiatravel.es\/ca\/wp-json\/wp\/v2\/pages\/8030\/revisions"}],"predecessor-version":[{"id":35905,"href":"https:\/\/aspasiatravel.es\/ca\/wp-json\/wp\/v2\/pages\/8030\/revisions\/35905"}],"wp:featuredmedia":[{"embeddable":true,"href":"https:\/\/aspasiatravel.es\/ca\/wp-json\/wp\/v2\/media\/25451"}],"wp:attachment":[{"href":"https:\/\/aspasiatravel.es\/ca\/wp-json\/wp\/v2\/media?parent=8030"}],"curies":[{"name":"wp","href":"https:\/\/api.w.org\/{rel}","templated":true}]}}