{"id":9960,"date":"2017-04-25T17:42:58","date_gmt":"2017-04-25T15:42:58","guid":{"rendered":"http:\/\/aspasiatravel.es\/?page_id=9960"},"modified":"2026-03-09T13:14:54","modified_gmt":"2026-03-09T12:14:54","slug":"sri-lanka-verano","status":"publish","type":"page","link":"https:\/\/aspasiatravel.es\/ca\/sri-lanka-verano\/","title":{"rendered":"Sri Lanka Estiu 2026"},"content":{"rendered":"<div class=\"wpb-content-wrapper\"><div class=\"vc_row wpb_row vc_row-fluid\"><div class=\"wpb_column vc_column_container vc_col-sm-12\"><div class=\"vc_column-inner\"><div class=\"wpb_wrapper\"><div class=\"vc_empty_space\"   style=\"height: 15px\"><span class=\"vc_empty_space_inner\"><\/span><\/div><\/div><\/div><\/div><\/div><div class=\"vc_row wpb_row vc_row-fluid anchofijo\"><div class=\"wpb_column vc_column_container vc_col-sm-8\"><div class=\"vc_column-inner\"><div class=\"wpb_wrapper\"><div class=\"vc_row wpb_row vc_inner vc_row-fluid\"><div class=\"wpb_column vc_column_container vc_col-sm-12\"><div class=\"vc_column-inner\"><div class=\"wpb_wrapper\">\n\t<div class=\"wpb_text_column wpb_content_element\" >\n\t\t<div class=\"wpb_wrapper\">\n\t\t\t<h3><strong>Viatges a Sri Lanka \u2013 Estiu 2026<\/strong><\/h3>\n<p>Aspasia Travel ofereix una \u00e0mplia gamma d'itineraris per a l'estiu de 2026. A m\u00e9s dels nostres viatges regulars, oferim viatges espec\u00edfics a Sri Lanka amb sortides garantides l'estiu de 2026.<\/p>\n<p><strong>ELS NOSTRES RECORRERTS a Sri Lanka 2026 inclouen v<\/strong><strong>iatges, allotjaments i r\u00e8gim de mitja pensi\u00f3 o pensi\u00f3 completa. Guia acompanyant de parla hispana tot el recorregut. Les entrades i visites als llocs detallats a la ruta. <\/strong><\/p>\n<p><strong>Deixa'ns ajudar-te a preparar el teu viatge per Sri Lanka, un viatge per l'antiga Ceilan, amb la possibilitat d'estendre el viatge a les Maldives.<\/strong><\/p>\n<h4><span style=\"text-decoration: underline;\">Sortides programades per als viatges a Sri Lanka a l'estiu del 2026:<\/span><\/h4>\n<ul>\n<li><strong>1\u201313 d'agost: <\/strong><a href=\"https:\/\/aspasiatravel.es\/ca\/sri-lanka\/sri-lanka-con-profesora-vicky-medina-2026\/\">Sri Lanka amb la professora Vicky Medina.<\/a><\/li>\n<\/ul>\n<p><em><strong>Si us plau, consulteu altres dates.<\/strong><\/em><\/p>\n\n\t\t<\/div>\n\t<\/div>\n<\/div><\/div><\/div><\/div><div class=\"vc_row wpb_row vc_inner vc_row-fluid\"><div class=\"wpb_column vc_column_container vc_col-sm-12\"><div class=\"vc_column-inner\"><div class=\"wpb_wrapper\">\n\t<div class=\"wpb_text_column wpb_content_element titulodestascados\" >\n\t\t<div class=\"wpb_wrapper\">\n\t\t\t<h3 style=\"font-weight: 300; text-transform: none;\"><i class=\"fa fa-bookmark\"><\/i>\u00a0Ofertes especials en visites guiades per a l'estiu del 2026 a Sri Lanka<\/h3>\n\n\t\t<\/div>\n\t<\/div>\n<\/div><\/div><\/div><\/div><div class=\"vcex-module wpex-carousel wpex-carousel-blog wpex-clr owl-carousel arrwstyle-default\" data-wpex-carousel=\"{&quot;nav&quot;:true,&quot;dots&quot;:false,&quot;autoplay&quot;:false,&quot;loop&quot;:false,&quot;center&quot;:false,&quot;smartSpeed&quot;:250,&quot;items&quot;:3,&quot;slideBy&quot;:1,&quot;autoplayTimeout&quot;:5000,&quot;margin&quot;:20,&quot;itemsTablet&quot;:3,&quot;itemsMobileLandscape&quot;:2,&quot;itemsMobilePortrait&quot;:1,&quot;autoWidth&quot;:false,&quot;autoHeight&quot;:false}\"><div class=\"wpex-carousel-slide wpex-clr has-media\"><div class=\"wpex-carousel-entry-media entry-media overlay-parent overlay-parent-title-category-hover overlay-h wpex-overflow-hidden overlay-ms\"><a href=\"https:\/\/aspasiatravel.es\/ca\/sri-lanka\/sri-lanka-con-profesora-vicky-medina-2026\/\" title=\"Sri Lanka, amb la professora Vicky Medina 2026\" class=\"wpex-carousel-entry-img\"><img decoding=\"async\" data-no-lazy=\"1\" class=\"wpex-align-middle skip-lazy\" src=\"https:\/\/aspasiatravel.es\/wp-content\/uploads\/2015\/01\/viaja-a-sri-lanka-verano-270x148.jpg\" alt=\"Viaja A Sri Lanka Verano\" width=\"270\" height=\"148\">\n<div class=\"overlay-title-category-hover overlay-hide theme-overlay wpex-absolute wpex-inset-0 wpex-transition-all wpex-duration-300 wpex-overflow-hidden wpex-flex wpex-items-center wpex-justify-center wpex-text-center\">\n\n\t<div class=\"overlay-bg wpex-bg-black wpex-absolute wpex-inset-0 wpex-opacity-60\"><\/div>\n\n\t<div class=\"overlay-content overlay-scale wpex-relative wpex-text-white wpex-p-15 wpex-duration-300 wpex-transition-transform wpex-clr\">\n\n\t\t<div class=\"overlay-title wpex-text-lg\">Sri Lanka, amb la professora Vicky Medina 2026<\/div>\n\n\t\t<div class=\"overlay-terms wpex-opacity-80 wpex-italic\"><span class=\"term-10\">Sri Lanka<\/span>, <span class=\"term-48\">amb-professor<\/span>, <span class=\"term-433\">Ruta destacada<\/span>, <span class=\"term-450\">Sri Lanka color<\/span>, <span class=\"term-200\">Estiu<\/span>, <span class=\"term-64\">estiu-sri-lanka<\/span><\/div>\n\t<\/div>\n\n<\/div><\/a><\/div><div class=\"extrainfo\">\n\t\t\t\t\t\t\t<div class=\"duracion\" style=\"float:left;\">\n\t\t\t\t\t\t\t<i class=\"fa fa-clock-o\"><\/i> 13D - 12N<\/div>\n\t\t\t\t\t\t\t<div class=\"precio\" style=\"float:right\">\n\t\t\t\t\t\t\t<span style=\"font-size:11px;\">Des de<\/span><\/br><strong>3.890\u20ac+tax<\/strong>\n\t\t\t\t\t\t\t<\/div>\n\t\t\t\t\t\t\t<\/div><div class=\"wpex-carousel-entry-details entry-details wpex-boxed wpex-first-mt-0 wpex-last-mb-0 wpex-clr\"><div class=\"wpex-carousel-entry-title entry-title wpex-mb-5\"><a href=\"https:\/\/aspasiatravel.es\/ca\/sri-lanka\/sri-lanka-con-profesora-vicky-medina-2026\/\">Sri Lanka, amb la professora Vicky Medina 2026<\/a><\/div>De l'1 al 13 d'agost de 2026. Una ruta especial acompanyats per la professora Victoria Medina, Doctora en Prehist\u00f2ria i Arqueologia.<\/div><\/div><\/div><div class=\"vc_empty_space\"   style=\"height: 32px\"><span class=\"vc_empty_space_inner\"><\/span><\/div><div class=\"vc_row wpb_row vc_inner vc_row-fluid\"><div class=\"wpb_column icon_presu vc_column_container vc_col-sm-12 typography-light\"><div class=\"vc_column-inner\"><div class=\"wpb_wrapper\">\n\t<div class=\"wpb_text_column wpb_content_element\" >\n\t\t<div class=\"wpb_wrapper\">\n\t\t\t<p><span style=\"font-size: 30px; margin-bottom: 20px;\"><i class=\"fa fa-info-circle\"><\/i> Sol\u00b7licita informaci\u00f3<\/span><\/p>\n\n\t\t<\/div>\n\t<\/div>\n<div class=\"vc_empty_space\"   style=\"height: 20px\"><span class=\"vc_empty_space_inner\"><\/span><\/div>\n<div class=\"wpcf7 no-js\" id=\"wpcf7-f195-o1\" lang=\"es-ES\" dir=\"ltr\" data-wpcf7-id=\"195\">\n<div class=\"screen-reader-response\"><p role=\"status\" aria-live=\"polite\" aria-atomic=\"true\"><\/p> <ul><\/ul><\/div>\n<form action=\"\/ca\/wp-json\/wp\/v2\/pages\/9960#wpcf7-f195-o1\" method=\"post\" class=\"wpcf7-form init\" aria-label=\"Formulari de contacte\" novalidate=\"novalidate\" data-status=\"init\" data-trp-original-action=\"\/ca\/wp-json\/wp\/v2\/pages\/9960#wpcf7-f195-o1\">\n<fieldset class=\"hidden-fields-container\"><input type=\"hidden\" name=\"_wpcf7\" value=\"195\" \/><input type=\"hidden\" name=\"_wpcf7_version\" value=\"6.1.1\" \/><input type=\"hidden\" name=\"_wpcf7_locale\" value=\"es_ES\" \/><input type=\"hidden\" name=\"_wpcf7_unit_tag\" value=\"wpcf7-f195-o1\" \/><input type=\"hidden\" name=\"_wpcf7_container_post\" value=\"0\" \/><input type=\"hidden\" name=\"_wpcf7_posted_data_hash\" value=\"\" \/><input type=\"hidden\" name=\"_wpcf7dtx_version\" value=\"5.0.3\" \/><input type=\"hidden\" name=\"_wpcf7_recaptcha_response\" value=\"\" \/>\n<\/fieldset>\n<div class=\"flotarmargen_pais_a\">\n\t<p><span class=\"wpcf7-form-control-wrap\" data-name=\"your-name\"><input size=\"40\" maxlength=\"400\" class=\"wpcf7-form-control wpcf7-text wpcf7-validates-as-required\" aria-required=\"true\" aria-invalid=\"false\" placeholder=\"Nom i cognoms*\" value=\"\" type=\"text\" name=\"your-name\" \/><\/span>\n\t<\/p>\n\t<p><span class=\"wpcf7-form-control-wrap\" data-name=\"your-email\"><input size=\"40\" maxlength=\"400\" class=\"wpcf7-form-control wpcf7-email wpcf7-validates-as-required wpcf7-text wpcf7-validates-as-email\" aria-required=\"true\" aria-invalid=\"false\" placeholder=\"Email*\" value=\"\" type=\"email\" name=\"your-email\" \/><\/span>\n\t<\/p>\n\t<p><span class=\"wpcf7-form-control-wrap\" data-name=\"your-phone\"><input size=\"40\" maxlength=\"400\" class=\"wpcf7-form-control wpcf7-text wpcf7-validates-as-required\" aria-required=\"true\" aria-invalid=\"false\" placeholder=\"Tel\u00e8fon*\" value=\"\" type=\"text\" name=\"your-phone\" \/><\/span>\n\t<\/p>\n\t<p><span class=\"wpcf7-form-control-wrap\" data-name=\"your-destination\"><input size=\"40\" maxlength=\"400\" class=\"wpcf7-form-control wpcf7-text wpcf7-validates-as-required\" aria-required=\"true\" aria-invalid=\"false\" placeholder=\"Prov\u00edncia de resid\u00e8ncia*\" value=\"\" type=\"text\" name=\"your-destination\" \/><\/span>\n\t<\/p>\n<\/div>\n<div class=\"flotarmargen_pais_b\">\n\t<p><span class=\"wpcf7-form-control-wrap\" data-name=\"your-city\"><input size=\"40\" maxlength=\"400\" class=\"wpcf7-form-control wpcf7-text\" aria-invalid=\"false\" placeholder=\"Ciutat de sortida\" value=\"\" type=\"text\" name=\"your-city\" \/><\/span>\n\t<\/p>\n\t<p><span class=\"wpcf7-form-control-wrap\" data-name=\"your-personas\"><input size=\"40\" maxlength=\"400\" class=\"wpcf7-form-control wpcf7-text\" aria-invalid=\"false\" placeholder=\"Nombre de persones\" value=\"\" type=\"text\" name=\"your-personas\" \/><\/span>\n\t<\/p>\n\t<p><span class=\"wpcf7-form-control-wrap\" data-name=\"your-date\"><input size=\"40\" maxlength=\"400\" class=\"wpcf7-form-control wpcf7-text\" aria-invalid=\"false\" placeholder=\"Data aproximada del viatge\" value=\"\" type=\"text\" name=\"your-date\" \/><\/span>\n\t<\/p>\n\t<p><span class=\"wpcf7-form-control-wrap\" data-name=\"your-destination\"><input size=\"40\" maxlength=\"400\" class=\"wpcf7-form-control wpcf7-text wpcf7-validates-as-required\" aria-required=\"true\" aria-invalid=\"false\" placeholder=\"Destinaci\u00f3*\" value=\"\" type=\"text\" name=\"your-destination\" \/><\/span>\n\t<\/p>\n<\/div>\n<p>&nbsp;<br \/>\nCom ens has conegut? &nbsp; <span class=\"wpcf7-form-control-wrap\" data-name=\"your-info\"><span class=\"wpcf7-form-control wpcf7-checkbox\"><span class=\"wpcf7-list-item first\"><label><input type=\"checkbox\" name=\"your-info[]\" value=\"Internet\" \/><span class=\"wpcf7-list-item-label\">Internet<\/span><\/label><\/span><span class=\"wpcf7-list-item\"><label><input type=\"checkbox\" name=\"your-info[]\" value=\"Recomendaci\u00f3n\" \/><span class=\"wpcf7-list-item-label\">Recomanaci\u00f3<\/span><\/label><\/span><span class=\"wpcf7-list-item last\"><label><input type=\"checkbox\" name=\"your-info[]\" value=\"Somos clientes\" \/><span class=\"wpcf7-list-item-label\">Som clients<\/span><\/label><\/span><\/span><\/span><br \/>\n<br \/>\n<span class=\"wpcf7-form-control-wrap\" data-name=\"your-message\"><textarea cols=\"40\" rows=\"4\" maxlength=\"2000\" class=\"wpcf7-form-control wpcf7-textarea\" aria-invalid=\"false\" placeholder=\"Consulta\" name=\"your-message\"><\/textarea><\/span>\n<\/p>\n<div style=\"display: inline-table;width: 100%;\">\n\t<p style=\"float:left;><span class=\"wpcf7-form-control-wrap\" data-name=\"acceptance-389\"><span class=\"wpcf7-form-control wpcf7-acceptance\"><span class=\"wpcf7-list-item\"><input type=\"checkbox\" name=\"acceptance-389\" value=\"1\" checked=\"checked\" aria-invalid=\"false\" \/><\/span><\/span><\/span> Accepto els <a href=\"\/ca\/legal-advice\/\">termes i condicions.<\/a>\n\t<\/p>\n\t<p style=\"float: right;\"><input class=\"wpcf7-form-control wpcf7-submit has-spinner\" type=\"submit\" value=\"Enviar\" \/>\n\t<\/p>\n<\/div>\n<div class=\"wpcf7-response-output\" aria-hidden=\"true\"><\/div>\n<input type=\"hidden\" name=\"trp-form-language\" value=\"ca\"\/><\/form>\n<\/div>\n<\/div><\/div><\/div><\/div><\/div><\/div><\/div><div class=\"wpb_column columnaficha vc_column_container vc_col-sm-4 bordered-column\"><div style=\"padding-top: 0;padding-bottom: 20px;padding-right: 20px;padding-left: 20px;background-color: #e5e5e5;\" class=\"vc_column-inner\"><div class=\"wpb_wrapper\"><div class=\"vc_empty_space\"   style=\"height: 20px\"><span class=\"vc_empty_space_inner\"><\/span><\/div><div class=\"wpb_gmaps_widget wpb_content_element vc_map_responsive\"><div class=\"wpb_wrapper\"><div class=\"wpb_map_wraper\"><iframe src=\"https:\/\/www.google.com\/maps\/embed?pb=!1m18!1m12!1m3!1d4047080.797953144!2d78.45575675086538!3d7.871263663368041!2m3!1f0!2f0!3f0!3m2!1i1024!2i768!4f13.1!3m3!1m2!1s0x3ae2593cf65a1e9d%3A0xe13da4b400e2d38c!2sSri+Lanka!5e0!3m2!1sca!2ses!4v1493134778697\" width=\"600\" height=\"450\" frameborder=\"0\" style=\"border:0\" allowfullscreen><\/iframe><\/div><\/div><\/div>\n\t<div class=\"wpb_text_column wpb_content_element\" >\n\t\t<div class=\"wpb_wrapper\">\n\t\t\t<h3><i class=\"fa fa-camera\"><\/i> Galeria<\/h3>\n\n\t\t<\/div>\n\t<\/div>\n<div class=\"vcex-image-grid-wrap wpex-clr\"><div class=\"vcex-module vcex-image-grid wpex-clr grid-style-default wpex-row wpex-lightbox-group\"><div class=\"id-8686 vcex-image-grid-entry vcex-grid-item textcenter span_1_of_4 col col-1\"><figure class=\"vcex-image-grid-entry-figure wpex-last-mb-0 wpex-clr\"><div class=\"vcex-image-grid-entry-img entry-media wpex-image-hover grow wpex-mb-20\"><a href=\"https:\/\/aspasiatravel.es\/wp-content\/uploads\/2017\/01\/Festival-Kandy-Sri-Lanka.jpg\" class=\"vcex-image-grid-entry-img wpex-lightbox-group-item\" data-title=\"Festival Kandy Sri Lanka\" data-caption=\"Festival Kandy Sri Lanka\"><img decoding=\"async\" class=\"wpex-align-middle lazyload\" alt=\"Festival Kandy Sri Lanka\" data-src=\"https:\/\/aspasiatravel.es\/wp-content\/uploads\/2017\/01\/Festival-Kandy-Sri-Lanka-73x56.jpg\" width=\"73\" height=\"56\" src=\"data:image\/gif;base64,R0lGODlhAQABAAAAACH5BAEKAAEALAAAAAABAAEAAAICTAEAOw==\" style=\"--smush-placeholder-width: 73px; --smush-placeholder-aspect-ratio: 73\/56;\"><\/a><\/div><\/figure><\/div><div class=\"id-2206 vcex-image-grid-entry vcex-grid-item textcenter span_1_of_4 col col-2\"><figure class=\"vcex-image-grid-entry-figure wpex-last-mb-0 wpex-clr\"><div class=\"vcex-image-grid-entry-img entry-media wpex-image-hover grow wpex-mb-20\"><a href=\"https:\/\/aspasiatravel.es\/wp-content\/uploads\/2015\/01\/srilanka.jpg\" class=\"vcex-image-grid-entry-img wpex-lightbox-group-item\" data-title=\"srilanka\" data-caption=\"srilanka\"><img decoding=\"async\" class=\"wpex-align-middle lazyload\" alt=\"Srilanka\" data-src=\"https:\/\/aspasiatravel.es\/wp-content\/uploads\/2015\/01\/srilanka-73x56.jpg\" width=\"73\" height=\"56\" src=\"data:image\/gif;base64,R0lGODlhAQABAAAAACH5BAEKAAEALAAAAAABAAEAAAICTAEAOw==\" style=\"--smush-placeholder-width: 73px; --smush-placeholder-aspect-ratio: 73\/56;\"><\/a><\/div><\/figure><\/div><div class=\"id-2175 vcex-image-grid-entry vcex-grid-item textcenter span_1_of_4 col col-3\"><figure class=\"vcex-image-grid-entry-figure wpex-last-mb-0 wpex-clr\"><div class=\"vcex-image-grid-entry-img entry-media wpex-image-hover grow wpex-mb-20\"><a href=\"https:\/\/aspasiatravel.es\/wp-content\/uploads\/2015\/01\/sri_004.jpg\" class=\"vcex-image-grid-entry-img wpex-lightbox-group-item\" data-title=\"sri 004\" data-caption=\"sri 004\"><img decoding=\"async\" class=\"wpex-align-middle lazyload\" alt=\"Sri 004\" data-src=\"https:\/\/aspasiatravel.es\/wp-content\/uploads\/2015\/01\/sri_004-73x56.jpg\" width=\"73\" height=\"56\" src=\"data:image\/gif;base64,R0lGODlhAQABAAAAACH5BAEKAAEALAAAAAABAAEAAAICTAEAOw==\" style=\"--smush-placeholder-width: 73px; --smush-placeholder-aspect-ratio: 73\/56;\"><\/a><\/div><\/figure><\/div><div class=\"id-2174 vcex-image-grid-entry vcex-grid-item textcenter span_1_of_4 col col-4\"><figure class=\"vcex-image-grid-entry-figure wpex-last-mb-0 wpex-clr\"><div class=\"vcex-image-grid-entry-img entry-media wpex-image-hover grow wpex-mb-20\"><a href=\"https:\/\/aspasiatravel.es\/wp-content\/uploads\/2015\/01\/srimistica1.jpg\" class=\"vcex-image-grid-entry-img wpex-lightbox-group-item\" data-title=\"srimistica1\" data-caption=\"srimistica1\"><img decoding=\"async\" class=\"wpex-align-middle lazyload\" alt=\"Srimistica1\" data-src=\"https:\/\/aspasiatravel.es\/wp-content\/uploads\/2015\/01\/srimistica1-73x56.jpg\" data-srcset=\"https:\/\/aspasiatravel.es\/wp-content\/uploads\/2015\/01\/srimistica1-73x56.jpg 73w, https:\/\/aspasiatravel.es\/wp-content\/uploads\/2015\/01\/srimistica1-600x450.jpg 600w, https:\/\/aspasiatravel.es\/wp-content\/uploads\/2015\/01\/srimistica1-300x225.jpg 300w, https:\/\/aspasiatravel.es\/wp-content\/uploads\/2015\/01\/srimistica1.jpg 1024w\" width=\"73\" height=\"56\" src=\"data:image\/gif;base64,R0lGODlhAQABAAAAACH5BAEKAAEALAAAAAABAAEAAAICTAEAOw==\" style=\"--smush-placeholder-width: 73px; --smush-placeholder-aspect-ratio: 73\/56;\"><\/a><\/div><\/figure><\/div><div class=\"id-2172 vcex-image-grid-entry vcex-grid-item textcenter span_1_of_4 col col-1\"><figure class=\"vcex-image-grid-entry-figure wpex-last-mb-0 wpex-clr\"><div class=\"vcex-image-grid-entry-img entry-media wpex-image-hover grow wpex-mb-20\"><a href=\"https:\/\/aspasiatravel.es\/wp-content\/uploads\/2015\/01\/srielefante1.jpg\" class=\"vcex-image-grid-entry-img wpex-lightbox-group-item\" data-title=\"srielefante1\" data-caption=\"srielefante1\"><img decoding=\"async\" class=\"wpex-align-middle lazyload\" alt=\"Srielefante1\" data-src=\"https:\/\/aspasiatravel.es\/wp-content\/uploads\/2015\/01\/srielefante1-73x56.jpg\" width=\"73\" height=\"56\" src=\"data:image\/gif;base64,R0lGODlhAQABAAAAACH5BAEKAAEALAAAAAABAAEAAAICTAEAOw==\" style=\"--smush-placeholder-width: 73px; --smush-placeholder-aspect-ratio: 73\/56;\"><\/a><\/div><\/figure><\/div><div class=\"id-2163 vcex-image-grid-entry vcex-grid-item textcenter span_1_of_4 col col-2\"><figure class=\"vcex-image-grid-entry-figure wpex-last-mb-0 wpex-clr\"><div class=\"vcex-image-grid-entry-img entry-media wpex-image-hover grow wpex-mb-20\"><a href=\"https:\/\/aspasiatravel.es\/wp-content\/uploads\/2015\/01\/viajes-Sri-Lanka.jpg\" class=\"vcex-image-grid-entry-img wpex-lightbox-group-item\" data-title=\"viajes Sri Lanka\" data-caption=\"viajes Sri Lanka\"><img decoding=\"async\" class=\"wpex-align-middle lazyload\" alt=\"Viajes Sri Lanka\" data-src=\"https:\/\/aspasiatravel.es\/wp-content\/uploads\/2015\/01\/viajes-Sri-Lanka-73x56.jpg\" data-srcset=\"https:\/\/aspasiatravel.es\/wp-content\/uploads\/2015\/01\/viajes-Sri-Lanka-73x56.jpg 73w, https:\/\/aspasiatravel.es\/wp-content\/uploads\/2015\/01\/viajes-Sri-Lanka-600x450.jpg 600w, https:\/\/aspasiatravel.es\/wp-content\/uploads\/2015\/01\/viajes-Sri-Lanka-300x225.jpg 300w, https:\/\/aspasiatravel.es\/wp-content\/uploads\/2015\/01\/viajes-Sri-Lanka-768x576.jpg 768w, https:\/\/aspasiatravel.es\/wp-content\/uploads\/2015\/01\/viajes-Sri-Lanka-1024x768.jpg 1024w, https:\/\/aspasiatravel.es\/wp-content\/uploads\/2015\/01\/viajes-Sri-Lanka.jpg 1500w\" width=\"73\" height=\"56\" src=\"data:image\/gif;base64,R0lGODlhAQABAAAAACH5BAEKAAEALAAAAAABAAEAAAICTAEAOw==\" style=\"--smush-placeholder-width: 73px; --smush-placeholder-aspect-ratio: 73\/56;\"><\/a><\/div><\/figure><\/div><div class=\"id-2171 vcex-image-grid-entry vcex-grid-item textcenter span_1_of_4 col col-3\"><figure class=\"vcex-image-grid-entry-figure wpex-last-mb-0 wpex-clr\"><div class=\"vcex-image-grid-entry-img entry-media wpex-image-hover grow wpex-mb-20\"><a href=\"https:\/\/aspasiatravel.es\/wp-content\/uploads\/2015\/01\/sricanela1.jpg\" class=\"vcex-image-grid-entry-img wpex-lightbox-group-item\" data-title=\"sricanela1\" data-caption=\"sricanela1\"><img decoding=\"async\" class=\"wpex-align-middle lazyload\" alt=\"Sricanela1\" data-src=\"https:\/\/aspasiatravel.es\/wp-content\/uploads\/2015\/01\/sricanela1-73x56.jpg\" data-srcset=\"https:\/\/aspasiatravel.es\/wp-content\/uploads\/2015\/01\/sricanela1-73x56.jpg 73w, https:\/\/aspasiatravel.es\/wp-content\/uploads\/2015\/01\/sricanela1-600x450.jpg 600w, https:\/\/aspasiatravel.es\/wp-content\/uploads\/2015\/01\/sricanela1-300x225.jpg 300w, https:\/\/aspasiatravel.es\/wp-content\/uploads\/2015\/01\/sricanela1-1024x768.jpg 1024w, https:\/\/aspasiatravel.es\/wp-content\/uploads\/2015\/01\/sricanela1.jpg 1536w\" width=\"73\" height=\"56\" src=\"data:image\/gif;base64,R0lGODlhAQABAAAAACH5BAEKAAEALAAAAAABAAEAAAICTAEAOw==\" style=\"--smush-placeholder-width: 73px; --smush-placeholder-aspect-ratio: 73\/56;\"><\/a><\/div><\/figure><\/div><\/div><\/div>\n\t<div class=\"wpb_text_column wpb_content_element\" >\n\t\t<div class=\"wpb_wrapper\">\n\t\t\t<h3><i class=\"fa fa-video-camera\"><\/i> V\u00eddeo<\/h3>\n\n\t\t<\/div>\n\t<\/div>\n\n\t<div class=\"wpb_video_widget wpb_content_element vc_clearfix   vc_video-aspect-ratio-169 vc_video-el-width-100 vc_video-align-left\" >\n\t\t<div class=\"wpb_wrapper\">\n\t\t\t\n\t\t\t<div class=\"wpb_video_wrapper\"><div class=\"wpex-responsive-media\"><iframe title=\"Viatjar a Sri Lanka\" width=\"413\" height=\"310\" src=\"https:\/\/www.youtube.com\/embed\/5z03fkszu5Q?feature=oembed\"  allow=\"accelerometer; autoplay; clipboard-write; encrypted-media; gyroscope; picture-in-picture; web-share\" referrerpolicy=\"strict-origin-when-cross-origin\" allowfullscreen><\/iframe><\/div><\/div>\n\t\t<\/div>\n\t<\/div>\n\n\t<div class=\"wpb_text_column wpb_content_element\" >\n\t\t<div class=\"wpb_wrapper\">\n\t\t\t<h3><i class=\"fa fa-comments-o\"><\/i> Opini\u00f3 de viatgers<\/h3>\n\n\t\t<\/div>\n\t<\/div>\n<div class=\"vcex-module vcex-testimonials-grid-wrap wpex-clr\"><div class=\"wpex-row vcex-testimonials-grid wpex-clr\"><div class=\"testimonial-entry vcex-grid-item span_1_of_1 col-1 col post-32329 entry type-testimonials no-media cat-88\"><div class=\"testimonial-entry-content wpex-relative wpex-boxed wpex-border-0 wpex-clr\"><span class=\"testimonial-caret\"><\/span><div class=\"testimonial-entry-details testimonial-entry-text wpex-last-mb-0 wpex-clr\"><p>Viatge de Sri Lanka amb professora. \u00c9s un viatge molt ben organitzat que m'ha perm\u00e8s con\u00e8ixer una mica el valor d'unes cultures llunyanes i ex\u00f2tiques per\u00f2 importants per a Europa des de temps molt antics. Pel xofer podria posar excel\u00b7lent per\u00f2 d\u00f3na una mica de por la manera de conduir per \u00c0sia.<\/p>\n<p><strong>Josefa R.<\/strong><\/p>\n<\/div><\/div><div class=\"testimonial-entry-bottom wpex-flex wpex-flex-wrap wpex-mt-20\"><div class=\"testimonial-entry-meta wpex-flex-grow\"><span class=\"testimonial-entry-author entry-title wpex-m-0\">Isabel Maria R.<\/span><span class=\"testimonial-entry-company wpex-text-gray-500\"><\/span><\/div><\/div><\/div><div class=\"testimonial-entry vcex-grid-item span_1_of_1 col-1 col post-31200 entry type-testimonials no-media cat-460 cat-470 cat-88\"><div class=\"testimonial-entry-content wpex-relative wpex-boxed wpex-border-0 wpex-clr\"><span class=\"testimonial-caret\"><\/span><div class=\"testimonial-entry-details testimonial-entry-text wpex-last-mb-0 wpex-clr\"><p>B\u00e9 !!! (Sri Lanka)<\/p>\n<\/div><\/div><div class=\"testimonial-entry-bottom wpex-flex wpex-flex-wrap wpex-mt-20\"><div class=\"testimonial-entry-meta wpex-flex-grow\"><span class=\"testimonial-entry-company wpex-text-gray-500\"><\/span><\/div><\/div><\/div><div class=\"testimonial-entry vcex-grid-item span_1_of_1 col-1 col post-31220 entry type-testimonials no-media cat-145 cat-460 cat-470 cat-88 cat-75\"><div class=\"testimonial-entry-content wpex-relative wpex-boxed wpex-border-0 wpex-clr\"><span class=\"testimonial-caret\"><\/span><div class=\"testimonial-entry-details testimonial-entry-text wpex-last-mb-0 wpex-clr\"><p>Grans professionals!! Encantada d\u2019 haver viatjat amb vosaltres ( Indon\u00e8sia, Sri Lanka, Uzbekistan)<\/p>\n<\/div><\/div><div class=\"testimonial-entry-bottom wpex-flex wpex-flex-wrap wpex-mt-20\"><div class=\"testimonial-entry-meta wpex-flex-grow\"><span class=\"testimonial-entry-company wpex-text-gray-500\"><\/span><\/div><\/div><\/div><div class=\"testimonial-entry vcex-grid-item span_1_of_1 col-1 col post-31251 entry type-testimonials no-media cat-460 cat-470 cat-88 cat-350\"><div class=\"testimonial-entry-content wpex-relative wpex-boxed wpex-border-0 wpex-clr\"><span class=\"testimonial-caret\"><\/span><div class=\"testimonial-entry-details testimonial-entry-text wpex-last-mb-0 wpex-clr\"><p>Em va agradar for\u00e7a (Sri Lanka, Turquia)<\/p>\n<\/div><\/div><div class=\"testimonial-entry-bottom wpex-flex wpex-flex-wrap wpex-mt-20\"><div class=\"testimonial-entry-meta wpex-flex-grow\"><span class=\"testimonial-entry-company wpex-text-gray-500\"><\/span><\/div><\/div><\/div><\/div><\/div><\/div><\/div><\/div><\/div><div class=\"vc_row wpb_row vc_row-fluid calltoaction lazyload\" style=\"background-image:inherit;background-position: center;background-repeat: no-repeat;background-size: cover;\" data-bg-image=\"url(https:\/\/aspasiatravel.es\/wp-content\/uploads\/2014\/10\/calltoaction1.jpg )\"><div class=\"wpb_column vc_column_container vc_col-sm-12\"><div class=\"vc_column-inner\"><div class=\"wpb_wrapper\"><div class=\"vc_row wpb_row vc_inner vc_row-fluid anchofijo\"><div class=\"wpb_column vc_column_container vc_col-sm-8\"><div class=\"vc_column-inner\"><div class=\"wpb_wrapper\">\n\t<div class=\"wpb_text_column wpb_content_element calltoaction_titulo\" >\n\t\t<div class=\"wpb_wrapper\">\n\t\t\t<p>T'ajudem a planificar el teu viatge a mida a Sri Lanka i les Maldives<\/p>\n\n\t\t<\/div>\n\t<\/div>\n\n\t<div class=\"wpb_text_column wpb_content_element calltoaction_desc\" >\n\t\t<div class=\"wpb_wrapper\">\n\t\t\t<p>Tots els nostres viatges han estat realitzats pels nostres agents, recomanant-te els millors llocs a visitar segons els teus interessos.<\/p>\n\n\t\t<\/div>\n\t<\/div>\n<\/div><\/div><\/div><div class=\"wpb_column vc_column_container vc_col-sm-4\"><div class=\"vc_column-inner\"><div class=\"wpb_wrapper\">\n\t<div class=\"wpb_raw_code wpb_raw_html wpb_content_element\" >\n\t\t<div class=\"wpb_wrapper\">\n\t\t\t<div class=\"informate_boton\"><a href=\"https:\/\/aspasiatravel.es\/ca\/viaje-a-medida\/\"> <i class=\"fa fa-info-circle\"><\/i> Informa't ara<\/a><\/div>\n\t\t<\/div>\n\t<\/div>\n<\/div><\/div><\/div><\/div><\/div><\/div><\/div><\/div>\n<\/div>","protected":false},"excerpt":{"rendered":"Em va agradar for\u00e7a (Sri Lanka, Turquia)","protected":false},"author":90,"featured_media":2174,"parent":0,"menu_order":0,"comment_status":"closed","ping_status":"closed","template":"","meta":{"footnotes":""},"class_list":["post-9960","page","type-page","status-publish","has-post-thumbnail","hentry","entry","no-media"],"_links":{"self":[{"href":"https:\/\/aspasiatravel.es\/ca\/wp-json\/wp\/v2\/pages\/9960","targetHints":{"allow":["GET"]}}],"collection":[{"href":"https:\/\/aspasiatravel.es\/ca\/wp-json\/wp\/v2\/pages"}],"about":[{"href":"https:\/\/aspasiatravel.es\/ca\/wp-json\/wp\/v2\/types\/page"}],"author":[{"embeddable":true,"href":"https:\/\/aspasiatravel.es\/ca\/wp-json\/wp\/v2\/users\/90"}],"replies":[{"embeddable":true,"href":"https:\/\/aspasiatravel.es\/ca\/wp-json\/wp\/v2\/comments?post=9960"}],"version-history":[{"count":5,"href":"https:\/\/aspasiatravel.es\/ca\/wp-json\/wp\/v2\/pages\/9960\/revisions"}],"predecessor-version":[{"id":36002,"href":"https:\/\/aspasiatravel.es\/ca\/wp-json\/wp\/v2\/pages\/9960\/revisions\/36002"}],"wp:featuredmedia":[{"embeddable":true,"href":"https:\/\/aspasiatravel.es\/ca\/wp-json\/wp\/v2\/media\/2174"}],"wp:attachment":[{"href":"https:\/\/aspasiatravel.es\/ca\/wp-json\/wp\/v2\/media?parent=9960"}],"curies":[{"name":"wp","href":"https:\/\/api.w.org\/{rel}","templated":true}]}}